{"id":1227,"date":"2023-10-11T18:11:20","date_gmt":"2023-10-11T18:11:20","guid":{"rendered":"https:\/\/livestreamsfc.com\/about-us\/"},"modified":"2023-10-11T18:17:34","modified_gmt":"2023-10-11T18:17:34","slug":"about-us","status":"publish","type":"page","link":"https:\/\/livestreamsfc.com\/es\/about-us\/","title":{"rendered":"About Us"},"content":{"rendered":"\n<h2 class=\"wp-block-heading\">Qui\u00e9nes somos<\/h2>\n\n\n\n<p>Somos LivestreamFC.com, creado por Floris de los Pa\u00edses Bajos. Desde que pude caminar, he estado involucrado en el deporte, con un gran amor por el f\u00fatbol. Adem\u00e1s de jugar al f\u00fatbol yo mismo, ver f\u00fatbol tambi\u00e9n es algo que me ha ocupado desde mi juventud. Antes sol\u00eda ser a trav\u00e9s de la <a href=\"https:\/\/livestreamsfc.com\/es\/radio\/\">radio<\/a>, pero en la actualidad existen innumerables transmisiones para ver todos los partidos en todo el mundo.<\/p>\n\n\n\n<figure class=\"wp-block-image size-large\"><img loading=\"lazy\" decoding=\"async\" width=\"1024\" height=\"768\" src=\"http:\/\/livestreamsfc.com\/wp-content\/uploads\/2023\/10\/livestreamfc-1024x768.jpeg\" alt=\"livestreamfc\n\" class=\"wp-image-1219\" srcset=\"https:\/\/livestreamsfc.com\/wp-content\/uploads\/2023\/10\/livestreamfc-1024x768.jpeg 1024w, https:\/\/livestreamsfc.com\/wp-content\/uploads\/2023\/10\/livestreamfc-300x225.jpeg 300w, https:\/\/livestreamsfc.com\/wp-content\/uploads\/2023\/10\/livestreamfc-768x576.jpeg 768w, https:\/\/livestreamsfc.com\/wp-content\/uploads\/2023\/10\/livestreamfc-1536x1152.jpeg 1536w, https:\/\/livestreamsfc.com\/wp-content\/uploads\/2023\/10\/livestreamfc-696x522.jpeg 696w, https:\/\/livestreamsfc.com\/wp-content\/uploads\/2023\/10\/livestreamfc-1068x801.jpeg 1068w, https:\/\/livestreamsfc.com\/wp-content\/uploads\/2023\/10\/livestreamfc.jpeg 1600w\" sizes=\"auto, (max-width: 1024px) 100vw, 1024px\" \/><\/figure>\n\n\n\n<h2 class=\"wp-block-heading\">\u00bfPor qu\u00e9 comenzamos Livestreamfc.com?<\/h2>\n\n\n\n<p>En algunos pa\u00edses, estos partidos est\u00e1n detr\u00e1s de un muro de pago, por lo que no se pueden ver sin una suscripci\u00f3n. De hecho, en algunos pa\u00edses ni siquiera es posible ver los partidos debido a restricciones fronterizas. Queremos romper estas restricciones fronterizas y ofrecer a todos la oportunidad de ver los partidos de su club favorito. Ya sea transmisiones en vivo de f\u00fatbol, transmisiones en vivo de F\u00f3rmula 1 o combates de boxeo o partidos de <a href=\"https:\/\/livestreamsfc.com\/es\/sport\/tenis\/\">tenis<\/a>: todos quieren ver a su propio equipo.<\/p>\n\n\n\n<h2 class=\"wp-block-heading\">\u00bfC\u00f3mo trabajamos?<\/h2>\n\n\n\n<p>Buscamos las mejores transmisiones en vivo en todo el mundo para los clubes y competencias m\u00e1s populares. Nos aseguramos de ofrecer siempre transmisiones legales, porque estamos en contra de las transmisiones ilegales. Todos los d\u00edas buscamos las mejores transmisiones en calidad HD para todos los clubes en todas partes del mundo, para que puedas verlos donde quiera que est\u00e9s.<\/p>\n","protected":false},"excerpt":{"rendered":"<p>Qui\u00e9nes somos Somos LivestreamFC.com, creado por Floris de los Pa\u00edses Bajos. Desde que pude caminar, he estado involucrado en el deporte, con un gran amor por el f\u00fatbol. Adem\u00e1s de jugar al f\u00fatbol yo mismo, ver f\u00fatbol tambi\u00e9n es algo que me ha ocupado desde mi juventud. Antes sol\u00eda ser a trav\u00e9s de la radio, [&hellip;]<\/p>\n","protected":false},"author":1,"featured_media":0,"parent":0,"menu_order":0,"comment_status":"closed","ping_status":"closed","template":"","meta":{"footnotes":""},"class_list":["post-1227","page","type-page","status-publish"],"yoast_head":"<!-- This site is optimized with the Yoast SEO plugin v25.5 - https:\/\/yoast.com\/wordpress\/plugins\/seo\/ -->\n<title>About Us - LIVESTREAMFC.COM<\/title>\n<meta name=\"robots\" content=\"index, follow, max-snippet:-1, max-image-preview:large, max-video-preview:-1\" \/>\n<link rel=\"canonical\" href=\"https:\/\/livestreamsfc.com\/es\/about-us\/\" \/>\n<meta property=\"og:locale\" content=\"es_ES\" \/>\n<meta property=\"og:type\" content=\"article\" \/>\n<meta property=\"og:title\" content=\"About Us - LIVESTREAMFC.COM\" \/>\n<meta property=\"og:description\" content=\"Qui\u00e9nes somos Somos LivestreamFC.com, creado por Floris de los Pa\u00edses Bajos. Desde que pude caminar, he estado involucrado en el deporte, con un gran amor por el f\u00fatbol. Adem\u00e1s de jugar al f\u00fatbol yo mismo, ver f\u00fatbol tambi\u00e9n es algo que me ha ocupado desde mi juventud. Antes sol\u00eda ser a trav\u00e9s de la radio, [&hellip;]\" \/>\n<meta property=\"og:url\" content=\"https:\/\/livestreamsfc.com\/es\/about-us\/\" \/>\n<meta property=\"og:site_name\" content=\"LIVESTREAMFC.COM\" \/>\n<meta property=\"article:modified_time\" content=\"2023-10-11T18:17:34+00:00\" \/>\n<meta property=\"og:image\" content=\"http:\/\/livestreamsfc.com\/wp-content\/uploads\/2023\/10\/livestreamfc-1024x768.jpeg\" \/>\n<meta name=\"twitter:card\" content=\"summary_large_image\" \/>\n<meta name=\"twitter:label1\" content=\"Est. reading time\" \/>\n\t<meta name=\"twitter:data1\" content=\"2 minutes\" \/>\n<script type=\"application\/ld+json\" class=\"yoast-schema-graph\">{\"@context\":\"https:\/\/schema.org\",\"@graph\":[{\"@type\":\"WebPage\",\"@id\":\"https:\/\/livestreamsfc.com\/es\/about-us\/\",\"url\":\"https:\/\/livestreamsfc.com\/es\/about-us\/\",\"name\":\"About Us - LIVESTREAMFC.COM\",\"isPartOf\":{\"@id\":\"https:\/\/livestreamsfc.com\/es\/#website\"},\"primaryImageOfPage\":{\"@id\":\"https:\/\/livestreamsfc.com\/es\/about-us\/#primaryimage\"},\"image\":{\"@id\":\"https:\/\/livestreamsfc.com\/es\/about-us\/#primaryimage\"},\"thumbnailUrl\":\"http:\/\/livestreamsfc.com\/wp-content\/uploads\/2023\/10\/livestreamfc-1024x768.jpeg\",\"datePublished\":\"2023-10-11T18:11:20+00:00\",\"dateModified\":\"2023-10-11T18:17:34+00:00\",\"breadcrumb\":{\"@id\":\"https:\/\/livestreamsfc.com\/es\/about-us\/#breadcrumb\"},\"inLanguage\":\"es-ES\",\"potentialAction\":[{\"@type\":\"ReadAction\",\"target\":[\"https:\/\/livestreamsfc.com\/es\/about-us\/\"]}]},{\"@type\":\"ImageObject\",\"inLanguage\":\"es-ES\",\"@id\":\"https:\/\/livestreamsfc.com\/es\/about-us\/#primaryimage\",\"url\":\"http:\/\/livestreamsfc.com\/wp-content\/uploads\/2023\/10\/livestreamfc-1024x768.jpeg\",\"contentUrl\":\"http:\/\/livestreamsfc.com\/wp-content\/uploads\/2023\/10\/livestreamfc-1024x768.jpeg\"},{\"@type\":\"BreadcrumbList\",\"@id\":\"https:\/\/livestreamsfc.com\/es\/about-us\/#breadcrumb\",\"itemListElement\":[{\"@type\":\"ListItem\",\"position\":1,\"name\":\"Home\",\"item\":\"https:\/\/livestreamsfc.com\/es\/\"},{\"@type\":\"ListItem\",\"position\":2,\"name\":\"About Us\"}]},{\"@type\":\"WebSite\",\"@id\":\"https:\/\/livestreamsfc.com\/es\/#website\",\"url\":\"https:\/\/livestreamsfc.com\/es\/\",\"name\":\"LIVESTREAMFC.COM\",\"description\":\"\",\"potentialAction\":[{\"@type\":\"SearchAction\",\"target\":{\"@type\":\"EntryPoint\",\"urlTemplate\":\"https:\/\/livestreamsfc.com\/es\/?s={search_term_string}\"},\"query-input\":{\"@type\":\"PropertyValueSpecification\",\"valueRequired\":true,\"valueName\":\"search_term_string\"}}],\"inLanguage\":\"es-ES\"}]}<\/script>\n<!-- \/ Yoast SEO plugin. -->","yoast_head_json":{"title":"About Us - LIVESTREAMFC.COM","robots":{"index":"index","follow":"follow","max-snippet":"max-snippet:-1","max-image-preview":"max-image-preview:large","max-video-preview":"max-video-preview:-1"},"canonical":"https:\/\/livestreamsfc.com\/es\/about-us\/","og_locale":"es_ES","og_type":"article","og_title":"About Us - LIVESTREAMFC.COM","og_description":"Qui\u00e9nes somos Somos LivestreamFC.com, creado por Floris de los Pa\u00edses Bajos. Desde que pude caminar, he estado involucrado en el deporte, con un gran amor por el f\u00fatbol. Adem\u00e1s de jugar al f\u00fatbol yo mismo, ver f\u00fatbol tambi\u00e9n es algo que me ha ocupado desde mi juventud. Antes sol\u00eda ser a trav\u00e9s de la radio, [&hellip;]","og_url":"https:\/\/livestreamsfc.com\/es\/about-us\/","og_site_name":"LIVESTREAMFC.COM","article_modified_time":"2023-10-11T18:17:34+00:00","og_image":[{"url":"http:\/\/livestreamsfc.com\/wp-content\/uploads\/2023\/10\/livestreamfc-1024x768.jpeg","type":"","width":"","height":""}],"twitter_card":"summary_large_image","twitter_misc":{"Est. reading time":"2 minutes"},"schema":{"@context":"https:\/\/schema.org","@graph":[{"@type":"WebPage","@id":"https:\/\/livestreamsfc.com\/es\/about-us\/","url":"https:\/\/livestreamsfc.com\/es\/about-us\/","name":"About Us - LIVESTREAMFC.COM","isPartOf":{"@id":"https:\/\/livestreamsfc.com\/es\/#website"},"primaryImageOfPage":{"@id":"https:\/\/livestreamsfc.com\/es\/about-us\/#primaryimage"},"image":{"@id":"https:\/\/livestreamsfc.com\/es\/about-us\/#primaryimage"},"thumbnailUrl":"http:\/\/livestreamsfc.com\/wp-content\/uploads\/2023\/10\/livestreamfc-1024x768.jpeg","datePublished":"2023-10-11T18:11:20+00:00","dateModified":"2023-10-11T18:17:34+00:00","breadcrumb":{"@id":"https:\/\/livestreamsfc.com\/es\/about-us\/#breadcrumb"},"inLanguage":"es-ES","potentialAction":[{"@type":"ReadAction","target":["https:\/\/livestreamsfc.com\/es\/about-us\/"]}]},{"@type":"ImageObject","inLanguage":"es-ES","@id":"https:\/\/livestreamsfc.com\/es\/about-us\/#primaryimage","url":"http:\/\/livestreamsfc.com\/wp-content\/uploads\/2023\/10\/livestreamfc-1024x768.jpeg","contentUrl":"http:\/\/livestreamsfc.com\/wp-content\/uploads\/2023\/10\/livestreamfc-1024x768.jpeg"},{"@type":"BreadcrumbList","@id":"https:\/\/livestreamsfc.com\/es\/about-us\/#breadcrumb","itemListElement":[{"@type":"ListItem","position":1,"name":"Home","item":"https:\/\/livestreamsfc.com\/es\/"},{"@type":"ListItem","position":2,"name":"About Us"}]},{"@type":"WebSite","@id":"https:\/\/livestreamsfc.com\/es\/#website","url":"https:\/\/livestreamsfc.com\/es\/","name":"LIVESTREAMFC.COM","description":"","potentialAction":[{"@type":"SearchAction","target":{"@type":"EntryPoint","urlTemplate":"https:\/\/livestreamsfc.com\/es\/?s={search_term_string}"},"query-input":{"@type":"PropertyValueSpecification","valueRequired":true,"valueName":"search_term_string"}}],"inLanguage":"es-ES"}]}},"_links":{"self":[{"href":"https:\/\/livestreamsfc.com\/es\/wp-json\/wp\/v2\/pages\/1227","targetHints":{"allow":["GET"]}}],"collection":[{"href":"https:\/\/livestreamsfc.com\/es\/wp-json\/wp\/v2\/pages"}],"about":[{"href":"https:\/\/livestreamsfc.com\/es\/wp-json\/wp\/v2\/types\/page"}],"author":[{"embeddable":true,"href":"https:\/\/livestreamsfc.com\/es\/wp-json\/wp\/v2\/users\/1"}],"replies":[{"embeddable":true,"href":"https:\/\/livestreamsfc.com\/es\/wp-json\/wp\/v2\/comments?post=1227"}],"version-history":[{"count":1,"href":"https:\/\/livestreamsfc.com\/es\/wp-json\/wp\/v2\/pages\/1227\/revisions"}],"predecessor-version":[{"id":1228,"href":"https:\/\/livestreamsfc.com\/es\/wp-json\/wp\/v2\/pages\/1227\/revisions\/1228"}],"wp:attachment":[{"href":"https:\/\/livestreamsfc.com\/es\/wp-json\/wp\/v2\/media?parent=1227"}],"curies":[{"name":"wp","href":"https:\/\/api.w.org\/{rel}","templated":true}]}}