{"id":1507,"date":"2023-10-26T11:58:33","date_gmt":"2023-10-26T11:58:33","guid":{"rendered":"https:\/\/livestreamsfc.com\/?page_id=1507"},"modified":"2023-10-26T12:03:22","modified_gmt":"2023-10-26T12:03:22","slug":"radio-bethel-en-vivo-por-internet-gratis","status":"publish","type":"page","link":"https:\/\/livestreamsfc.com\/es\/radio\/radio-bethel-en-vivo-por-internet-gratis\/","title":{"rendered":"Radio Bethel"},"content":{"rendered":"\n<p><a href=\"https:\/\/livestreamsfc.com\/es\/radio\/\">Radio<\/a> Bethel es una emisora de radio peruana que se destaca por su programaci\u00f3n cristiana. Esta estaci\u00f3n de radio se encuentra en el coraz\u00f3n de Per\u00fa y se dedica a difundir la palabra de Dios a trav\u00e9s de su programaci\u00f3n. Radio Bethel ofrece una variedad de programas religiosos, incluyendo sermones, m\u00fasica cristiana, programas de estudio b\u00edblico y programas de oraci\u00f3n. Adem\u00e1s, tambi\u00e9n ofrece noticias y actualizaciones de la comunidad local y global. Radio Bethel es conocida por su compromiso con la difusi\u00f3n de los valores cristianos y su dedicaci\u00f3n a servir a la comunidad. Es la elecci\u00f3n perfecta para aquellos que buscan una programaci\u00f3n religiosa de calidad y un sentido de comunidad.<\/p>\n\n\n\n<b><iframe loading=\"lazy\" allowtransparency=\"true\" frameborder=\"0\" height=\"90\" marginheight=\"0\" marginwidth=\"0\" scrolling=\"No\" src=\"https:\/\/radiosperu.pe\/lima\/bethel.php\" style=\"background: transparent;\" width=\"100%\" wmode=\"transparent\"> <\/iframe><\/b>\n<table>\n  <tr>\n    <th>Nombre de la Emisora<\/th>\n    <td>Bethel Radio<\/td>\n  <\/tr>\n  <tr>\n    <th>G\u00e9nero de M\u00fasica<\/th>\n    <td>Melod\u00edas Cristianas<\/td>\n  <\/tr>\n  <tr>\n    <th>A\u00f1o de Inicio<\/th>\n    <td>1987<\/td>\n  <\/tr>\n  <tr>\n    <th>Frecuencia de Emisi\u00f3n<\/th>\n    <td>1570 AM<\/td>\n  <\/tr>\n  <tr>\n    <th>Estimado de Audiencia Diaria<\/th>\n    <td>10,000<\/td>\n  <\/tr>\n<tr>\n    <th>Naci\u00f3n<\/th>\n    <td>Peru<\/td>\n  <\/tr>\n<\/table>\n","protected":false},"excerpt":{"rendered":"<p>Radio Bethel es una emisora de radio peruana que se destaca por su programaci\u00f3n cristiana. Esta estaci\u00f3n de radio se encuentra en el coraz\u00f3n de Per\u00fa y se dedica a difundir la palabra de Dios a trav\u00e9s de su programaci\u00f3n. Radio Bethel ofrece una variedad de programas religiosos, incluyendo sermones, m\u00fasica cristiana, programas de estudio [&hellip;]<\/p>\n","protected":false},"author":1,"featured_media":0,"parent":1342,"menu_order":0,"comment_status":"closed","ping_status":"closed","template":"","meta":{"footnotes":""},"class_list":["post-1507","page","type-page","status-publish"],"yoast_head":"<!-- This site is optimized with the Yoast SEO plugin v25.5 - https:\/\/yoast.com\/wordpress\/plugins\/seo\/ -->\n<title>Radio Bethel en vivo por internet gratis: escuchar 1570AM<\/title>\n<meta name=\"description\" content=\"Radio Bethel en vivo por internet gratis! \u2794 \u2713Direct live Radio \u2713100% gratis \u2713100% legal \u2713Escuchar 1570AM\" \/>\n<meta name=\"robots\" content=\"index, follow, max-snippet:-1, max-image-preview:large, max-video-preview:-1\" \/>\n<link rel=\"canonical\" href=\"https:\/\/livestreamsfc.com\/es\/radio\/radio-bethel-en-vivo-por-internet-gratis\/\" \/>\n<meta property=\"og:locale\" content=\"es_ES\" \/>\n<meta property=\"og:type\" content=\"article\" \/>\n<meta property=\"og:title\" content=\"Radio Bethel en vivo por internet gratis: escuchar 1570AM\" \/>\n<meta property=\"og:description\" content=\"Radio Bethel en vivo por internet gratis! \u2794 \u2713Direct live Radio \u2713100% gratis \u2713100% legal \u2713Escuchar 1570AM\" \/>\n<meta property=\"og:url\" content=\"https:\/\/livestreamsfc.com\/es\/radio\/radio-bethel-en-vivo-por-internet-gratis\/\" \/>\n<meta property=\"og:site_name\" content=\"LIVESTREAMFC.COM\" \/>\n<meta property=\"article:modified_time\" content=\"2023-10-26T12:03:22+00:00\" \/>\n<meta name=\"twitter:card\" content=\"summary_large_image\" \/>\n<meta name=\"twitter:label1\" content=\"Est. reading time\" \/>\n\t<meta name=\"twitter:data1\" content=\"1 minute\" \/>\n<script type=\"application\/ld+json\" class=\"yoast-schema-graph\">{\"@context\":\"https:\/\/schema.org\",\"@graph\":[{\"@type\":\"WebPage\",\"@id\":\"https:\/\/livestreamsfc.com\/es\/radio\/radio-bethel-en-vivo-por-internet-gratis\/\",\"url\":\"https:\/\/livestreamsfc.com\/es\/radio\/radio-bethel-en-vivo-por-internet-gratis\/\",\"name\":\"Radio Bethel en vivo por internet gratis: escuchar 1570AM\",\"isPartOf\":{\"@id\":\"https:\/\/livestreamsfc.com\/es\/#website\"},\"datePublished\":\"2023-10-26T11:58:33+00:00\",\"dateModified\":\"2023-10-26T12:03:22+00:00\",\"description\":\"Radio Bethel en vivo por internet gratis! \u2794 \u2713Direct live Radio \u2713100% gratis \u2713100% legal \u2713Escuchar 1570AM\",\"breadcrumb\":{\"@id\":\"https:\/\/livestreamsfc.com\/es\/radio\/radio-bethel-en-vivo-por-internet-gratis\/#breadcrumb\"},\"inLanguage\":\"es-ES\",\"potentialAction\":[{\"@type\":\"ReadAction\",\"target\":[\"https:\/\/livestreamsfc.com\/es\/radio\/radio-bethel-en-vivo-por-internet-gratis\/\"]}]},{\"@type\":\"BreadcrumbList\",\"@id\":\"https:\/\/livestreamsfc.com\/es\/radio\/radio-bethel-en-vivo-por-internet-gratis\/#breadcrumb\",\"itemListElement\":[{\"@type\":\"ListItem\",\"position\":1,\"name\":\"Home\",\"item\":\"https:\/\/livestreamsfc.com\/es\/\"},{\"@type\":\"ListItem\",\"position\":2,\"name\":\"Radio online gratis\",\"item\":\"https:\/\/livestreamsfc.com\/es\/radio\/\"},{\"@type\":\"ListItem\",\"position\":3,\"name\":\"Radio Bethel\"}]},{\"@type\":\"WebSite\",\"@id\":\"https:\/\/livestreamsfc.com\/es\/#website\",\"url\":\"https:\/\/livestreamsfc.com\/es\/\",\"name\":\"LIVESTREAMFC.COM\",\"description\":\"\",\"potentialAction\":[{\"@type\":\"SearchAction\",\"target\":{\"@type\":\"EntryPoint\",\"urlTemplate\":\"https:\/\/livestreamsfc.com\/es\/?s={search_term_string}\"},\"query-input\":{\"@type\":\"PropertyValueSpecification\",\"valueRequired\":true,\"valueName\":\"search_term_string\"}}],\"inLanguage\":\"es-ES\"}]}<\/script>\n<!-- \/ Yoast SEO plugin. -->","yoast_head_json":{"title":"Radio Bethel en vivo por internet gratis: escuchar 1570AM","description":"Radio Bethel en vivo por internet gratis! \u2794 \u2713Direct live Radio \u2713100% gratis \u2713100% legal \u2713Escuchar 1570AM","robots":{"index":"index","follow":"follow","max-snippet":"max-snippet:-1","max-image-preview":"max-image-preview:large","max-video-preview":"max-video-preview:-1"},"canonical":"https:\/\/livestreamsfc.com\/es\/radio\/radio-bethel-en-vivo-por-internet-gratis\/","og_locale":"es_ES","og_type":"article","og_title":"Radio Bethel en vivo por internet gratis: escuchar 1570AM","og_description":"Radio Bethel en vivo por internet gratis! \u2794 \u2713Direct live Radio \u2713100% gratis \u2713100% legal \u2713Escuchar 1570AM","og_url":"https:\/\/livestreamsfc.com\/es\/radio\/radio-bethel-en-vivo-por-internet-gratis\/","og_site_name":"LIVESTREAMFC.COM","article_modified_time":"2023-10-26T12:03:22+00:00","twitter_card":"summary_large_image","twitter_misc":{"Est. reading time":"1 minute"},"schema":{"@context":"https:\/\/schema.org","@graph":[{"@type":"WebPage","@id":"https:\/\/livestreamsfc.com\/es\/radio\/radio-bethel-en-vivo-por-internet-gratis\/","url":"https:\/\/livestreamsfc.com\/es\/radio\/radio-bethel-en-vivo-por-internet-gratis\/","name":"Radio Bethel en vivo por internet gratis: escuchar 1570AM","isPartOf":{"@id":"https:\/\/livestreamsfc.com\/es\/#website"},"datePublished":"2023-10-26T11:58:33+00:00","dateModified":"2023-10-26T12:03:22+00:00","description":"Radio Bethel en vivo por internet gratis! \u2794 \u2713Direct live Radio \u2713100% gratis \u2713100% legal \u2713Escuchar 1570AM","breadcrumb":{"@id":"https:\/\/livestreamsfc.com\/es\/radio\/radio-bethel-en-vivo-por-internet-gratis\/#breadcrumb"},"inLanguage":"es-ES","potentialAction":[{"@type":"ReadAction","target":["https:\/\/livestreamsfc.com\/es\/radio\/radio-bethel-en-vivo-por-internet-gratis\/"]}]},{"@type":"BreadcrumbList","@id":"https:\/\/livestreamsfc.com\/es\/radio\/radio-bethel-en-vivo-por-internet-gratis\/#breadcrumb","itemListElement":[{"@type":"ListItem","position":1,"name":"Home","item":"https:\/\/livestreamsfc.com\/es\/"},{"@type":"ListItem","position":2,"name":"Radio online gratis","item":"https:\/\/livestreamsfc.com\/es\/radio\/"},{"@type":"ListItem","position":3,"name":"Radio Bethel"}]},{"@type":"WebSite","@id":"https:\/\/livestreamsfc.com\/es\/#website","url":"https:\/\/livestreamsfc.com\/es\/","name":"LIVESTREAMFC.COM","description":"","potentialAction":[{"@type":"SearchAction","target":{"@type":"EntryPoint","urlTemplate":"https:\/\/livestreamsfc.com\/es\/?s={search_term_string}"},"query-input":{"@type":"PropertyValueSpecification","valueRequired":true,"valueName":"search_term_string"}}],"inLanguage":"es-ES"}]}},"_links":{"self":[{"href":"https:\/\/livestreamsfc.com\/es\/wp-json\/wp\/v2\/pages\/1507","targetHints":{"allow":["GET"]}}],"collection":[{"href":"https:\/\/livestreamsfc.com\/es\/wp-json\/wp\/v2\/pages"}],"about":[{"href":"https:\/\/livestreamsfc.com\/es\/wp-json\/wp\/v2\/types\/page"}],"author":[{"embeddable":true,"href":"https:\/\/livestreamsfc.com\/es\/wp-json\/wp\/v2\/users\/1"}],"replies":[{"embeddable":true,"href":"https:\/\/livestreamsfc.com\/es\/wp-json\/wp\/v2\/comments?post=1507"}],"version-history":[{"count":6,"href":"https:\/\/livestreamsfc.com\/es\/wp-json\/wp\/v2\/pages\/1507\/revisions"}],"predecessor-version":[{"id":1513,"href":"https:\/\/livestreamsfc.com\/es\/wp-json\/wp\/v2\/pages\/1507\/revisions\/1513"}],"up":[{"embeddable":true,"href":"https:\/\/livestreamsfc.com\/es\/wp-json\/wp\/v2\/pages\/1342"}],"wp:attachment":[{"href":"https:\/\/livestreamsfc.com\/es\/wp-json\/wp\/v2\/media?parent=1507"}],"curies":[{"name":"wp","href":"https:\/\/api.w.org\/{rel}","templated":true}]}}