{"id":1518,"date":"2023-10-29T19:18:23","date_gmt":"2023-10-29T19:18:23","guid":{"rendered":"https:\/\/livestreamsfc.com\/?page_id=1518"},"modified":"2023-10-30T16:05:23","modified_gmt":"2023-10-30T16:05:23","slug":"radio-paraiso","status":"publish","type":"page","link":"https:\/\/livestreamsfc.com\/es\/radio\/radio-paraiso\/","title":{"rendered":"Radio Paraiso"},"content":{"rendered":"\n<p><a href=\"https:\/\/livestreamsfc.com\/es\/radio\/\">Radio<\/a> Paraiso es una estaci\u00f3n de radio espa\u00f1ola que se distingue por su programaci\u00f3n variada y entretenida. Esta emisora de radio se ubica en el coraz\u00f3n de Espa\u00f1a y se dedica a transmitir una mezcla de m\u00fasica, noticias y programas de entretenimiento. Radio Paraiso ofrece una amplia gama de programas, incluyendo m\u00fasica de diversos g\u00e9neros, programas de noticias, programas de debate y programas de entretenimiento. Adem\u00e1s, tambi\u00e9n proporciona actualizaciones y noticias de la comunidad local y global. Radio Paraiso es reconocida por su compromiso con la difusi\u00f3n de una programaci\u00f3n de alta calidad y su dedicaci\u00f3n a servir a la comunidad. Es la opci\u00f3n ideal para aquellos que buscan una programaci\u00f3n diversa y un sentido de comunidad.<\/p>\n\n\n\n<b><iframe loading=\"lazy\" allowtransparency=\"true\" frameborder=\"0\" height=\"90\" marginheight=\"0\" marginwidth=\"0\" scrolling=\"No\" src=\"https:\/\/radiosperu.pe\/lima\/paraisohuaral.php\" style=\"background: transparent;\" width=\"100%\" wmode=\"transparent\"> <\/iframe><\/b>\n\n<table>\n  <tr>\n    <th>Nombre de la Emisora<\/th>\n    <td>Radio Paraiso<\/td>\n  <\/tr>\n  <tr>\n    <th>G\u00e9nero de M\u00fasica<\/th>\n    <td>M\u00fasica Variada<\/td>\n  <\/tr>\n  <tr>\n    <th>A\u00f1o de Inicio<\/th>\n    <td>1998<\/td>\n  <\/tr>\n  <tr>\n    <th>Frecuencia de Emisi\u00f3n<\/th>\n    <td>92.7 FM<\/td>\n  <\/tr>\n  <tr>\n    <th>Estimado de Audiencia Diaria<\/th>\n    <td>Desconocido<\/td>\n  <\/tr>\n<tr>\n    <th>Naci\u00f3n<\/th>\n    <td>Peru<\/td>\n  <\/tr>\n<\/table>\n\n\n<div class=\"wp-block-image\">\n<figure class=\"aligncenter size-full\"><img loading=\"lazy\" decoding=\"async\" width=\"470\" height=\"275\" src=\"http:\/\/livestreamsfc.com\/wp-content\/uploads\/2023\/10\/radio-paraiso.png\" alt=\"radio paraiso\" class=\"wp-image-1519\" srcset=\"https:\/\/livestreamsfc.com\/wp-content\/uploads\/2023\/10\/radio-paraiso.png 470w, https:\/\/livestreamsfc.com\/wp-content\/uploads\/2023\/10\/radio-paraiso-300x176.png 300w\" sizes=\"auto, (max-width: 470px) 100vw, 470px\" \/><\/figure>\n<\/div>","protected":false},"excerpt":{"rendered":"<p>Radio Paraiso es una estaci\u00f3n de radio espa\u00f1ola que se distingue por su programaci\u00f3n variada y entretenida. Esta emisora de radio se ubica en el coraz\u00f3n de Espa\u00f1a y se dedica a transmitir una mezcla de m\u00fasica, noticias y programas de entretenimiento. Radio Paraiso ofrece una amplia gama de programas, incluyendo m\u00fasica de diversos g\u00e9neros, [&hellip;]<\/p>\n","protected":false},"author":1,"featured_media":0,"parent":1342,"menu_order":0,"comment_status":"closed","ping_status":"closed","template":"","meta":{"footnotes":""},"class_list":["post-1518","page","type-page","status-publish"],"yoast_head":"<!-- This site is optimized with the Yoast SEO plugin v25.5 - https:\/\/yoast.com\/wordpress\/plugins\/seo\/ -->\n<title>Radio Paraiso en vivo por internet gratis: escuchar 92.7FM<\/title>\n<meta name=\"description\" content=\"Radio Paraiso en vivo por internet gratis! \u2794 \u2713Se escucha mas! \u2713Direct live Radio \u2713100% gratis \u2713100% legal \u2713Escuchar 92.7FM\" \/>\n<meta name=\"robots\" content=\"index, follow, max-snippet:-1, max-image-preview:large, max-video-preview:-1\" \/>\n<link rel=\"canonical\" href=\"https:\/\/livestreamsfc.com\/es\/radio\/radio-paraiso\/\" \/>\n<meta property=\"og:locale\" content=\"es_ES\" \/>\n<meta property=\"og:type\" content=\"article\" \/>\n<meta property=\"og:title\" content=\"Radio Paraiso en vivo por internet gratis: escuchar 92.7FM\" \/>\n<meta property=\"og:description\" content=\"Radio Paraiso en vivo por internet gratis! \u2794 \u2713Se escucha mas! \u2713Direct live Radio \u2713100% gratis \u2713100% legal \u2713Escuchar 92.7FM\" \/>\n<meta property=\"og:url\" content=\"https:\/\/livestreamsfc.com\/es\/radio\/radio-paraiso\/\" \/>\n<meta property=\"og:site_name\" content=\"LIVESTREAMFC.COM\" \/>\n<meta property=\"article:modified_time\" content=\"2023-10-30T16:05:23+00:00\" \/>\n<meta property=\"og:image\" content=\"http:\/\/livestreamsfc.com\/wp-content\/uploads\/2023\/10\/radio-paraiso.png\" \/>\n<meta name=\"twitter:card\" content=\"summary_large_image\" \/>\n<meta name=\"twitter:label1\" content=\"Est. reading time\" \/>\n\t<meta name=\"twitter:data1\" content=\"1 minute\" \/>\n<script type=\"application\/ld+json\" class=\"yoast-schema-graph\">{\"@context\":\"https:\/\/schema.org\",\"@graph\":[{\"@type\":\"WebPage\",\"@id\":\"https:\/\/livestreamsfc.com\/es\/radio\/radio-paraiso\/\",\"url\":\"https:\/\/livestreamsfc.com\/es\/radio\/radio-paraiso\/\",\"name\":\"Radio Paraiso en vivo por internet gratis: escuchar 92.7FM\",\"isPartOf\":{\"@id\":\"https:\/\/livestreamsfc.com\/es\/#website\"},\"primaryImageOfPage\":{\"@id\":\"https:\/\/livestreamsfc.com\/es\/radio\/radio-paraiso\/#primaryimage\"},\"image\":{\"@id\":\"https:\/\/livestreamsfc.com\/es\/radio\/radio-paraiso\/#primaryimage\"},\"thumbnailUrl\":\"http:\/\/livestreamsfc.com\/wp-content\/uploads\/2023\/10\/radio-paraiso.png\",\"datePublished\":\"2023-10-29T19:18:23+00:00\",\"dateModified\":\"2023-10-30T16:05:23+00:00\",\"description\":\"Radio Paraiso en vivo por internet gratis! \u2794 \u2713Se escucha mas! \u2713Direct live Radio \u2713100% gratis \u2713100% legal \u2713Escuchar 92.7FM\",\"breadcrumb\":{\"@id\":\"https:\/\/livestreamsfc.com\/es\/radio\/radio-paraiso\/#breadcrumb\"},\"inLanguage\":\"es-ES\",\"potentialAction\":[{\"@type\":\"ReadAction\",\"target\":[\"https:\/\/livestreamsfc.com\/es\/radio\/radio-paraiso\/\"]}]},{\"@type\":\"ImageObject\",\"inLanguage\":\"es-ES\",\"@id\":\"https:\/\/livestreamsfc.com\/es\/radio\/radio-paraiso\/#primaryimage\",\"url\":\"http:\/\/livestreamsfc.com\/wp-content\/uploads\/2023\/10\/radio-paraiso.png\",\"contentUrl\":\"http:\/\/livestreamsfc.com\/wp-content\/uploads\/2023\/10\/radio-paraiso.png\"},{\"@type\":\"BreadcrumbList\",\"@id\":\"https:\/\/livestreamsfc.com\/es\/radio\/radio-paraiso\/#breadcrumb\",\"itemListElement\":[{\"@type\":\"ListItem\",\"position\":1,\"name\":\"Home\",\"item\":\"https:\/\/livestreamsfc.com\/es\/\"},{\"@type\":\"ListItem\",\"position\":2,\"name\":\"Radio online gratis\",\"item\":\"https:\/\/livestreamsfc.com\/es\/radio\/\"},{\"@type\":\"ListItem\",\"position\":3,\"name\":\"Radio Paraiso\"}]},{\"@type\":\"WebSite\",\"@id\":\"https:\/\/livestreamsfc.com\/es\/#website\",\"url\":\"https:\/\/livestreamsfc.com\/es\/\",\"name\":\"LIVESTREAMFC.COM\",\"description\":\"\",\"potentialAction\":[{\"@type\":\"SearchAction\",\"target\":{\"@type\":\"EntryPoint\",\"urlTemplate\":\"https:\/\/livestreamsfc.com\/es\/?s={search_term_string}\"},\"query-input\":{\"@type\":\"PropertyValueSpecification\",\"valueRequired\":true,\"valueName\":\"search_term_string\"}}],\"inLanguage\":\"es-ES\"}]}<\/script>\n<!-- \/ Yoast SEO plugin. -->","yoast_head_json":{"title":"Radio Paraiso en vivo por internet gratis: escuchar 92.7FM","description":"Radio Paraiso en vivo por internet gratis! \u2794 \u2713Se escucha mas! \u2713Direct live Radio \u2713100% gratis \u2713100% legal \u2713Escuchar 92.7FM","robots":{"index":"index","follow":"follow","max-snippet":"max-snippet:-1","max-image-preview":"max-image-preview:large","max-video-preview":"max-video-preview:-1"},"canonical":"https:\/\/livestreamsfc.com\/es\/radio\/radio-paraiso\/","og_locale":"es_ES","og_type":"article","og_title":"Radio Paraiso en vivo por internet gratis: escuchar 92.7FM","og_description":"Radio Paraiso en vivo por internet gratis! \u2794 \u2713Se escucha mas! \u2713Direct live Radio \u2713100% gratis \u2713100% legal \u2713Escuchar 92.7FM","og_url":"https:\/\/livestreamsfc.com\/es\/radio\/radio-paraiso\/","og_site_name":"LIVESTREAMFC.COM","article_modified_time":"2023-10-30T16:05:23+00:00","og_image":[{"url":"http:\/\/livestreamsfc.com\/wp-content\/uploads\/2023\/10\/radio-paraiso.png","type":"","width":"","height":""}],"twitter_card":"summary_large_image","twitter_misc":{"Est. reading time":"1 minute"},"schema":{"@context":"https:\/\/schema.org","@graph":[{"@type":"WebPage","@id":"https:\/\/livestreamsfc.com\/es\/radio\/radio-paraiso\/","url":"https:\/\/livestreamsfc.com\/es\/radio\/radio-paraiso\/","name":"Radio Paraiso en vivo por internet gratis: escuchar 92.7FM","isPartOf":{"@id":"https:\/\/livestreamsfc.com\/es\/#website"},"primaryImageOfPage":{"@id":"https:\/\/livestreamsfc.com\/es\/radio\/radio-paraiso\/#primaryimage"},"image":{"@id":"https:\/\/livestreamsfc.com\/es\/radio\/radio-paraiso\/#primaryimage"},"thumbnailUrl":"http:\/\/livestreamsfc.com\/wp-content\/uploads\/2023\/10\/radio-paraiso.png","datePublished":"2023-10-29T19:18:23+00:00","dateModified":"2023-10-30T16:05:23+00:00","description":"Radio Paraiso en vivo por internet gratis! \u2794 \u2713Se escucha mas! \u2713Direct live Radio \u2713100% gratis \u2713100% legal \u2713Escuchar 92.7FM","breadcrumb":{"@id":"https:\/\/livestreamsfc.com\/es\/radio\/radio-paraiso\/#breadcrumb"},"inLanguage":"es-ES","potentialAction":[{"@type":"ReadAction","target":["https:\/\/livestreamsfc.com\/es\/radio\/radio-paraiso\/"]}]},{"@type":"ImageObject","inLanguage":"es-ES","@id":"https:\/\/livestreamsfc.com\/es\/radio\/radio-paraiso\/#primaryimage","url":"http:\/\/livestreamsfc.com\/wp-content\/uploads\/2023\/10\/radio-paraiso.png","contentUrl":"http:\/\/livestreamsfc.com\/wp-content\/uploads\/2023\/10\/radio-paraiso.png"},{"@type":"BreadcrumbList","@id":"https:\/\/livestreamsfc.com\/es\/radio\/radio-paraiso\/#breadcrumb","itemListElement":[{"@type":"ListItem","position":1,"name":"Home","item":"https:\/\/livestreamsfc.com\/es\/"},{"@type":"ListItem","position":2,"name":"Radio online gratis","item":"https:\/\/livestreamsfc.com\/es\/radio\/"},{"@type":"ListItem","position":3,"name":"Radio Paraiso"}]},{"@type":"WebSite","@id":"https:\/\/livestreamsfc.com\/es\/#website","url":"https:\/\/livestreamsfc.com\/es\/","name":"LIVESTREAMFC.COM","description":"","potentialAction":[{"@type":"SearchAction","target":{"@type":"EntryPoint","urlTemplate":"https:\/\/livestreamsfc.com\/es\/?s={search_term_string}"},"query-input":{"@type":"PropertyValueSpecification","valueRequired":true,"valueName":"search_term_string"}}],"inLanguage":"es-ES"}]}},"_links":{"self":[{"href":"https:\/\/livestreamsfc.com\/es\/wp-json\/wp\/v2\/pages\/1518","targetHints":{"allow":["GET"]}}],"collection":[{"href":"https:\/\/livestreamsfc.com\/es\/wp-json\/wp\/v2\/pages"}],"about":[{"href":"https:\/\/livestreamsfc.com\/es\/wp-json\/wp\/v2\/types\/page"}],"author":[{"embeddable":true,"href":"https:\/\/livestreamsfc.com\/es\/wp-json\/wp\/v2\/users\/1"}],"replies":[{"embeddable":true,"href":"https:\/\/livestreamsfc.com\/es\/wp-json\/wp\/v2\/comments?post=1518"}],"version-history":[{"count":1,"href":"https:\/\/livestreamsfc.com\/es\/wp-json\/wp\/v2\/pages\/1518\/revisions"}],"predecessor-version":[{"id":1524,"href":"https:\/\/livestreamsfc.com\/es\/wp-json\/wp\/v2\/pages\/1518\/revisions\/1524"}],"up":[{"embeddable":true,"href":"https:\/\/livestreamsfc.com\/es\/wp-json\/wp\/v2\/pages\/1342"}],"wp:attachment":[{"href":"https:\/\/livestreamsfc.com\/es\/wp-json\/wp\/v2\/media?parent=1518"}],"curies":[{"name":"wp","href":"https:\/\/api.w.org\/{rel}","templated":true}]}}