{"id":1526,"date":"2023-10-30T16:11:43","date_gmt":"2023-10-30T16:11:43","guid":{"rendered":"https:\/\/livestreamsfc.com\/?page_id=1526"},"modified":"2023-10-30T16:12:10","modified_gmt":"2023-10-30T16:12:10","slug":"radio-fiel-y-verdadero","status":"publish","type":"page","link":"https:\/\/livestreamsfc.com\/es\/radio\/radio-fiel-y-verdadero\/","title":{"rendered":"Radio Fiel y Verdadero"},"content":{"rendered":"\n<p><a href=\"https:\/\/livestreamsfc.com\/es\/radio\/\">Radio<\/a> Fiel y Verdadero es una estaci\u00f3n de radio que se distingue por su programaci\u00f3n cristiana. Esta emisora de radio se ubica en el coraz\u00f3n de Espa\u00f1a y se dedica a transmitir la palabra de Dios a trav\u00e9s de su programaci\u00f3n. Radio Fiel y Verdadero ofrece una variedad de programas religiosos, incluyendo sermones, m\u00fasica cristiana, programas de estudio b\u00edblico y momentos de oraci\u00f3n. Adem\u00e1s, tambi\u00e9n proporciona noticias y actualizaciones de la comunidad local y global. Radio Fiel y Verdadero es reconocida por su compromiso con la difusi\u00f3n de los valores cristianos y su dedicaci\u00f3n a servir a la comunidad. Es la opci\u00f3n perfecta para aquellos que buscan una programaci\u00f3n religiosa de alta calidad y un sentido de comunidad.<\/p>\n\n\n\n<center><b><iframe loading=\"lazy\" allowtransparency=\"true\" frameborder=\"0\" height=\"90\" marginheight=\"0\" marginwidth=\"0\" scrolling=\"No\" src=\"https:\/\/radiosperu.pe\/lima\/fielyverdadero.php\" style=\"background: transparent;\" width=\"100%\" wmode=\"transparent\"> <\/iframe><\/b><\/center>\n\n<table>\n  <tr>\n    <th>Nombre de la Emisora<\/th>\n    <td>Radio Fiel y Verdadero<\/td>\n  <\/tr>\n  <tr>\n    <th>G\u00e9nero de M\u00fasica<\/th>\n    <td>M\u00fasica Evang\u00e9lica<\/td>\n  <\/tr>\n  <tr>\n    <th>A\u00f1o de Inicio<\/th>\n    <td>2005<\/td>\n  <\/tr>\n  <tr>\n    <th>Frecuencia de Emisi\u00f3n<\/th>\n    <td>Online<\/td>\n  <\/tr>\n  <tr>\n    <th>Estimado de Audiencia Diaria<\/th>\n    <td>Desconocido<\/td>\n  <\/tr>\n<tr>\n    <th>Naci\u00f3n<\/th>\n    <td>Peru<\/td>\n  <\/tr>\n<\/table>\n\n\n\n<figure class=\"wp-block-image size-full\"><img loading=\"lazy\" decoding=\"async\" width=\"600\" height=\"600\" src=\"http:\/\/livestreamsfc.com\/wp-content\/uploads\/2023\/10\/radio-field-y-verdadero.webp\" alt=\"Radio Fiel y Verdadero\" class=\"wp-image-1527\" srcset=\"https:\/\/livestreamsfc.com\/wp-content\/uploads\/2023\/10\/radio-field-y-verdadero.webp 600w, https:\/\/livestreamsfc.com\/wp-content\/uploads\/2023\/10\/radio-field-y-verdadero-300x300.webp 300w, https:\/\/livestreamsfc.com\/wp-content\/uploads\/2023\/10\/radio-field-y-verdadero-150x150.webp 150w\" sizes=\"auto, (max-width: 600px) 100vw, 600px\" \/><\/figure>\n","protected":false},"excerpt":{"rendered":"<p>Radio Fiel y Verdadero es una estaci\u00f3n de radio que se distingue por su programaci\u00f3n cristiana. Esta emisora de radio se ubica en el coraz\u00f3n de Espa\u00f1a y se dedica a transmitir la palabra de Dios a trav\u00e9s de su programaci\u00f3n. Radio Fiel y Verdadero ofrece una variedad de programas religiosos, incluyendo sermones, m\u00fasica cristiana, [&hellip;]<\/p>\n","protected":false},"author":1,"featured_media":0,"parent":1342,"menu_order":0,"comment_status":"closed","ping_status":"closed","template":"","meta":{"footnotes":""},"class_list":["post-1526","page","type-page","status-publish"],"yoast_head":"<!-- This site is optimized with the Yoast SEO plugin v25.5 - https:\/\/yoast.com\/wordpress\/plugins\/seo\/ -->\n<title>Radio Fiel y Verdadero en vivo por internet gratis: escuchar Online<\/title>\n<meta name=\"description\" content=\"Radio Fiel y Verdadero en vivo por internet gratis! \u2794 \u2713Se escucha mas! \u2713Direct live Radio \u2713100% gratis \u2713100% legal \u2713Escuchar Online\" \/>\n<meta name=\"robots\" content=\"index, follow, max-snippet:-1, max-image-preview:large, max-video-preview:-1\" \/>\n<link rel=\"canonical\" href=\"https:\/\/livestreamsfc.com\/es\/radio\/radio-fiel-y-verdadero\/\" \/>\n<meta property=\"og:locale\" content=\"es_ES\" \/>\n<meta property=\"og:type\" content=\"article\" \/>\n<meta property=\"og:title\" content=\"Radio Fiel y Verdadero en vivo por internet gratis: escuchar Online\" \/>\n<meta property=\"og:description\" content=\"Radio Fiel y Verdadero en vivo por internet gratis! \u2794 \u2713Se escucha mas! \u2713Direct live Radio \u2713100% gratis \u2713100% legal \u2713Escuchar Online\" \/>\n<meta property=\"og:url\" content=\"https:\/\/livestreamsfc.com\/es\/radio\/radio-fiel-y-verdadero\/\" \/>\n<meta property=\"og:site_name\" content=\"LIVESTREAMFC.COM\" \/>\n<meta property=\"article:modified_time\" content=\"2023-10-30T16:12:10+00:00\" \/>\n<meta property=\"og:image\" content=\"http:\/\/livestreamsfc.com\/wp-content\/uploads\/2023\/10\/radio-field-y-verdadero.webp\" \/>\n<meta name=\"twitter:card\" content=\"summary_large_image\" \/>\n<meta name=\"twitter:label1\" content=\"Est. reading time\" \/>\n\t<meta name=\"twitter:data1\" content=\"1 minute\" \/>\n<script type=\"application\/ld+json\" class=\"yoast-schema-graph\">{\"@context\":\"https:\/\/schema.org\",\"@graph\":[{\"@type\":\"WebPage\",\"@id\":\"https:\/\/livestreamsfc.com\/es\/radio\/radio-fiel-y-verdadero\/\",\"url\":\"https:\/\/livestreamsfc.com\/es\/radio\/radio-fiel-y-verdadero\/\",\"name\":\"Radio Fiel y Verdadero en vivo por internet gratis: escuchar Online\",\"isPartOf\":{\"@id\":\"https:\/\/livestreamsfc.com\/es\/#website\"},\"primaryImageOfPage\":{\"@id\":\"https:\/\/livestreamsfc.com\/es\/radio\/radio-fiel-y-verdadero\/#primaryimage\"},\"image\":{\"@id\":\"https:\/\/livestreamsfc.com\/es\/radio\/radio-fiel-y-verdadero\/#primaryimage\"},\"thumbnailUrl\":\"http:\/\/livestreamsfc.com\/wp-content\/uploads\/2023\/10\/radio-field-y-verdadero.webp\",\"datePublished\":\"2023-10-30T16:11:43+00:00\",\"dateModified\":\"2023-10-30T16:12:10+00:00\",\"description\":\"Radio Fiel y Verdadero en vivo por internet gratis! \u2794 \u2713Se escucha mas! \u2713Direct live Radio \u2713100% gratis \u2713100% legal \u2713Escuchar Online\",\"breadcrumb\":{\"@id\":\"https:\/\/livestreamsfc.com\/es\/radio\/radio-fiel-y-verdadero\/#breadcrumb\"},\"inLanguage\":\"es-ES\",\"potentialAction\":[{\"@type\":\"ReadAction\",\"target\":[\"https:\/\/livestreamsfc.com\/es\/radio\/radio-fiel-y-verdadero\/\"]}]},{\"@type\":\"ImageObject\",\"inLanguage\":\"es-ES\",\"@id\":\"https:\/\/livestreamsfc.com\/es\/radio\/radio-fiel-y-verdadero\/#primaryimage\",\"url\":\"http:\/\/livestreamsfc.com\/wp-content\/uploads\/2023\/10\/radio-field-y-verdadero.webp\",\"contentUrl\":\"http:\/\/livestreamsfc.com\/wp-content\/uploads\/2023\/10\/radio-field-y-verdadero.webp\"},{\"@type\":\"BreadcrumbList\",\"@id\":\"https:\/\/livestreamsfc.com\/es\/radio\/radio-fiel-y-verdadero\/#breadcrumb\",\"itemListElement\":[{\"@type\":\"ListItem\",\"position\":1,\"name\":\"Home\",\"item\":\"https:\/\/livestreamsfc.com\/es\/\"},{\"@type\":\"ListItem\",\"position\":2,\"name\":\"Radio online gratis\",\"item\":\"https:\/\/livestreamsfc.com\/es\/radio\/\"},{\"@type\":\"ListItem\",\"position\":3,\"name\":\"Radio Fiel y Verdadero\"}]},{\"@type\":\"WebSite\",\"@id\":\"https:\/\/livestreamsfc.com\/es\/#website\",\"url\":\"https:\/\/livestreamsfc.com\/es\/\",\"name\":\"LIVESTREAMFC.COM\",\"description\":\"\",\"potentialAction\":[{\"@type\":\"SearchAction\",\"target\":{\"@type\":\"EntryPoint\",\"urlTemplate\":\"https:\/\/livestreamsfc.com\/es\/?s={search_term_string}\"},\"query-input\":{\"@type\":\"PropertyValueSpecification\",\"valueRequired\":true,\"valueName\":\"search_term_string\"}}],\"inLanguage\":\"es-ES\"}]}<\/script>\n<!-- \/ Yoast SEO plugin. -->","yoast_head_json":{"title":"Radio Fiel y Verdadero en vivo por internet gratis: escuchar Online","description":"Radio Fiel y Verdadero en vivo por internet gratis! \u2794 \u2713Se escucha mas! \u2713Direct live Radio \u2713100% gratis \u2713100% legal \u2713Escuchar Online","robots":{"index":"index","follow":"follow","max-snippet":"max-snippet:-1","max-image-preview":"max-image-preview:large","max-video-preview":"max-video-preview:-1"},"canonical":"https:\/\/livestreamsfc.com\/es\/radio\/radio-fiel-y-verdadero\/","og_locale":"es_ES","og_type":"article","og_title":"Radio Fiel y Verdadero en vivo por internet gratis: escuchar Online","og_description":"Radio Fiel y Verdadero en vivo por internet gratis! \u2794 \u2713Se escucha mas! \u2713Direct live Radio \u2713100% gratis \u2713100% legal \u2713Escuchar Online","og_url":"https:\/\/livestreamsfc.com\/es\/radio\/radio-fiel-y-verdadero\/","og_site_name":"LIVESTREAMFC.COM","article_modified_time":"2023-10-30T16:12:10+00:00","og_image":[{"url":"http:\/\/livestreamsfc.com\/wp-content\/uploads\/2023\/10\/radio-field-y-verdadero.webp","type":"","width":"","height":""}],"twitter_card":"summary_large_image","twitter_misc":{"Est. reading time":"1 minute"},"schema":{"@context":"https:\/\/schema.org","@graph":[{"@type":"WebPage","@id":"https:\/\/livestreamsfc.com\/es\/radio\/radio-fiel-y-verdadero\/","url":"https:\/\/livestreamsfc.com\/es\/radio\/radio-fiel-y-verdadero\/","name":"Radio Fiel y Verdadero en vivo por internet gratis: escuchar Online","isPartOf":{"@id":"https:\/\/livestreamsfc.com\/es\/#website"},"primaryImageOfPage":{"@id":"https:\/\/livestreamsfc.com\/es\/radio\/radio-fiel-y-verdadero\/#primaryimage"},"image":{"@id":"https:\/\/livestreamsfc.com\/es\/radio\/radio-fiel-y-verdadero\/#primaryimage"},"thumbnailUrl":"http:\/\/livestreamsfc.com\/wp-content\/uploads\/2023\/10\/radio-field-y-verdadero.webp","datePublished":"2023-10-30T16:11:43+00:00","dateModified":"2023-10-30T16:12:10+00:00","description":"Radio Fiel y Verdadero en vivo por internet gratis! \u2794 \u2713Se escucha mas! \u2713Direct live Radio \u2713100% gratis \u2713100% legal \u2713Escuchar Online","breadcrumb":{"@id":"https:\/\/livestreamsfc.com\/es\/radio\/radio-fiel-y-verdadero\/#breadcrumb"},"inLanguage":"es-ES","potentialAction":[{"@type":"ReadAction","target":["https:\/\/livestreamsfc.com\/es\/radio\/radio-fiel-y-verdadero\/"]}]},{"@type":"ImageObject","inLanguage":"es-ES","@id":"https:\/\/livestreamsfc.com\/es\/radio\/radio-fiel-y-verdadero\/#primaryimage","url":"http:\/\/livestreamsfc.com\/wp-content\/uploads\/2023\/10\/radio-field-y-verdadero.webp","contentUrl":"http:\/\/livestreamsfc.com\/wp-content\/uploads\/2023\/10\/radio-field-y-verdadero.webp"},{"@type":"BreadcrumbList","@id":"https:\/\/livestreamsfc.com\/es\/radio\/radio-fiel-y-verdadero\/#breadcrumb","itemListElement":[{"@type":"ListItem","position":1,"name":"Home","item":"https:\/\/livestreamsfc.com\/es\/"},{"@type":"ListItem","position":2,"name":"Radio online gratis","item":"https:\/\/livestreamsfc.com\/es\/radio\/"},{"@type":"ListItem","position":3,"name":"Radio Fiel y Verdadero"}]},{"@type":"WebSite","@id":"https:\/\/livestreamsfc.com\/es\/#website","url":"https:\/\/livestreamsfc.com\/es\/","name":"LIVESTREAMFC.COM","description":"","potentialAction":[{"@type":"SearchAction","target":{"@type":"EntryPoint","urlTemplate":"https:\/\/livestreamsfc.com\/es\/?s={search_term_string}"},"query-input":{"@type":"PropertyValueSpecification","valueRequired":true,"valueName":"search_term_string"}}],"inLanguage":"es-ES"}]}},"_links":{"self":[{"href":"https:\/\/livestreamsfc.com\/es\/wp-json\/wp\/v2\/pages\/1526","targetHints":{"allow":["GET"]}}],"collection":[{"href":"https:\/\/livestreamsfc.com\/es\/wp-json\/wp\/v2\/pages"}],"about":[{"href":"https:\/\/livestreamsfc.com\/es\/wp-json\/wp\/v2\/types\/page"}],"author":[{"embeddable":true,"href":"https:\/\/livestreamsfc.com\/es\/wp-json\/wp\/v2\/users\/1"}],"replies":[{"embeddable":true,"href":"https:\/\/livestreamsfc.com\/es\/wp-json\/wp\/v2\/comments?post=1526"}],"version-history":[{"count":2,"href":"https:\/\/livestreamsfc.com\/es\/wp-json\/wp\/v2\/pages\/1526\/revisions"}],"predecessor-version":[{"id":1534,"href":"https:\/\/livestreamsfc.com\/es\/wp-json\/wp\/v2\/pages\/1526\/revisions\/1534"}],"up":[{"embeddable":true,"href":"https:\/\/livestreamsfc.com\/es\/wp-json\/wp\/v2\/pages\/1342"}],"wp:attachment":[{"href":"https:\/\/livestreamsfc.com\/es\/wp-json\/wp\/v2\/media?parent=1526"}],"curies":[{"name":"wp","href":"https:\/\/api.w.org\/{rel}","templated":true}]}}