{"id":1559,"date":"2023-11-10T09:55:34","date_gmt":"2023-11-10T09:55:34","guid":{"rendered":"https:\/\/livestreamsfc.com\/?page_id=1559"},"modified":"2023-11-10T14:21:15","modified_gmt":"2023-11-10T14:21:15","slug":"radio-el-sembrador","status":"publish","type":"page","link":"https:\/\/livestreamsfc.com\/es\/radio\/radio-el-sembrador\/","title":{"rendered":"Radio El Sembrador"},"content":{"rendered":"\n<p>Radio El Sembrador es una emisora de radio chilena que se caracteriza por su programaci\u00f3n cristiana. Esta estaci\u00f3n de radio se ubica en el coraz\u00f3n de Chile y se dedica a propagar la palabra de Dios a trav\u00e9s de su programaci\u00f3n. Radio El Sembrador ofrece una variedad de programas religiosos, incluyendo sermones, m\u00fasica cristiana, programas de estudio b\u00edblico y programas de oraci\u00f3n. Adem\u00e1s, tambi\u00e9n proporciona noticias y actualizaciones de la comunidad local y global. Radio El Sembrador es reconocida por su compromiso con la difusi\u00f3n de los valores cristianos y su dedicaci\u00f3n a servir a la comunidad. Es la opci\u00f3n perfecta para aquellos que buscan una programaci\u00f3n religiosa de calidad y un sentido de comunidad.<\/p>\n\n\n<div class=\"wp-block-image\">\n<figure class=\"aligncenter size-full\"><img loading=\"lazy\" decoding=\"async\" width=\"200\" height=\"200\" src=\"http:\/\/livestreamsfc.com\/wp-content\/uploads\/2023\/11\/radio-el-sembrador.jpeg\" alt=\"radio-el-sembrador\" class=\"wp-image-1560\" srcset=\"https:\/\/livestreamsfc.com\/wp-content\/uploads\/2023\/11\/radio-el-sembrador.jpeg 200w, https:\/\/livestreamsfc.com\/wp-content\/uploads\/2023\/11\/radio-el-sembrador-150x150.jpeg 150w\" sizes=\"auto, (max-width: 200px) 100vw, 200px\" \/><\/figure>\n<\/div>\n\n\n<b><iframe loading=\"lazy\" allowtransparency=\"true\" frameborder=\"0\" height=\"90\" marginheight=\"0\" marginwidth=\"0\" scrolling=\"No\" src=\"https:\/\/radiosperu.pe\/tac\/sembrador.php\" style=\"background: transparent;\" width=\"100%\" wmode=\"transparent\"> <\/iframe><\/b>\n<table>\n  <tr>\n    <th>Nombre de la Emisora<\/th>\n    <td>Radio El Sembrador<\/td>\n  <\/tr>\n  <tr>\n    <th>G\u00e9nero de M\u00fasica<\/th>\n    <td>M\u00fasica Religiosa<\/td>\n  <\/tr>\n  <tr>\n    <th>A\u00f1o de Inicio<\/th>\n    <td>1995<\/td>\n  <\/tr>\n  <tr>\n    <th>Frecuencia de Emisi\u00f3n<\/th>\n    <td>1120 AM<\/td>\n  <\/tr>\n  <tr>\n    <th>Estimado de Audiencia Diaria<\/th>\n    <td>Desconocido<\/td>\n  <\/tr>\n<tr>\n    <th>Naci\u00f3n<\/th>\n    <td>Peru<\/td>\n  <\/tr>\n<\/table>\n","protected":false},"excerpt":{"rendered":"<p>Radio El Sembrador es una emisora de radio chilena que se caracteriza por su programaci\u00f3n cristiana. Esta estaci\u00f3n de radio se ubica en el coraz\u00f3n de Chile y se dedica a propagar la palabra de Dios a trav\u00e9s de su programaci\u00f3n. Radio El Sembrador ofrece una variedad de programas religiosos, incluyendo sermones, m\u00fasica cristiana, programas [&hellip;]<\/p>\n","protected":false},"author":1,"featured_media":0,"parent":1342,"menu_order":0,"comment_status":"closed","ping_status":"closed","template":"","meta":{"footnotes":""},"class_list":["post-1559","page","type-page","status-publish"],"yoast_head":"<!-- This site is optimized with the Yoast SEO plugin v25.5 - https:\/\/yoast.com\/wordpress\/plugins\/seo\/ -->\n<title>Radio El Sembrador en vivo por internet gratis: escuchar 1120AM<\/title>\n<meta name=\"description\" content=\"Radio El Sembrador en vivo por internet gratis! \u2794 \u2713Direct live Radio \u2713100% gratis \u2713100% legal \u2713Escuchar 1120AM\" \/>\n<meta name=\"robots\" content=\"index, follow, max-snippet:-1, max-image-preview:large, max-video-preview:-1\" \/>\n<link rel=\"canonical\" href=\"https:\/\/livestreamsfc.com\/es\/radio\/radio-el-sembrador\/\" \/>\n<meta property=\"og:locale\" content=\"es_ES\" \/>\n<meta property=\"og:type\" content=\"article\" \/>\n<meta property=\"og:title\" content=\"Radio El Sembrador en vivo por internet gratis: escuchar 1120AM\" \/>\n<meta property=\"og:description\" content=\"Radio El Sembrador en vivo por internet gratis! \u2794 \u2713Direct live Radio \u2713100% gratis \u2713100% legal \u2713Escuchar 1120AM\" \/>\n<meta property=\"og:url\" content=\"https:\/\/livestreamsfc.com\/es\/radio\/radio-el-sembrador\/\" \/>\n<meta property=\"og:site_name\" content=\"LIVESTREAMFC.COM\" \/>\n<meta property=\"article:modified_time\" content=\"2023-11-10T14:21:15+00:00\" \/>\n<meta property=\"og:image\" content=\"http:\/\/livestreamsfc.com\/wp-content\/uploads\/2023\/11\/radio-el-sembrador.jpeg\" \/>\n<meta name=\"twitter:card\" content=\"summary_large_image\" \/>\n<meta name=\"twitter:label1\" content=\"Est. reading time\" \/>\n\t<meta name=\"twitter:data1\" content=\"1 minute\" \/>\n<script type=\"application\/ld+json\" class=\"yoast-schema-graph\">{\"@context\":\"https:\/\/schema.org\",\"@graph\":[{\"@type\":\"WebPage\",\"@id\":\"https:\/\/livestreamsfc.com\/es\/radio\/radio-el-sembrador\/\",\"url\":\"https:\/\/livestreamsfc.com\/es\/radio\/radio-el-sembrador\/\",\"name\":\"Radio El Sembrador en vivo por internet gratis: escuchar 1120AM\",\"isPartOf\":{\"@id\":\"https:\/\/livestreamsfc.com\/es\/#website\"},\"primaryImageOfPage\":{\"@id\":\"https:\/\/livestreamsfc.com\/es\/radio\/radio-el-sembrador\/#primaryimage\"},\"image\":{\"@id\":\"https:\/\/livestreamsfc.com\/es\/radio\/radio-el-sembrador\/#primaryimage\"},\"thumbnailUrl\":\"http:\/\/livestreamsfc.com\/wp-content\/uploads\/2023\/11\/radio-el-sembrador.jpeg\",\"datePublished\":\"2023-11-10T09:55:34+00:00\",\"dateModified\":\"2023-11-10T14:21:15+00:00\",\"description\":\"Radio El Sembrador en vivo por internet gratis! \u2794 \u2713Direct live Radio \u2713100% gratis \u2713100% legal \u2713Escuchar 1120AM\",\"breadcrumb\":{\"@id\":\"https:\/\/livestreamsfc.com\/es\/radio\/radio-el-sembrador\/#breadcrumb\"},\"inLanguage\":\"es-ES\",\"potentialAction\":[{\"@type\":\"ReadAction\",\"target\":[\"https:\/\/livestreamsfc.com\/es\/radio\/radio-el-sembrador\/\"]}]},{\"@type\":\"ImageObject\",\"inLanguage\":\"es-ES\",\"@id\":\"https:\/\/livestreamsfc.com\/es\/radio\/radio-el-sembrador\/#primaryimage\",\"url\":\"http:\/\/livestreamsfc.com\/wp-content\/uploads\/2023\/11\/radio-el-sembrador.jpeg\",\"contentUrl\":\"http:\/\/livestreamsfc.com\/wp-content\/uploads\/2023\/11\/radio-el-sembrador.jpeg\"},{\"@type\":\"BreadcrumbList\",\"@id\":\"https:\/\/livestreamsfc.com\/es\/radio\/radio-el-sembrador\/#breadcrumb\",\"itemListElement\":[{\"@type\":\"ListItem\",\"position\":1,\"name\":\"Home\",\"item\":\"https:\/\/livestreamsfc.com\/es\/\"},{\"@type\":\"ListItem\",\"position\":2,\"name\":\"Radio online gratis\",\"item\":\"https:\/\/livestreamsfc.com\/es\/radio\/\"},{\"@type\":\"ListItem\",\"position\":3,\"name\":\"Radio El Sembrador\"}]},{\"@type\":\"WebSite\",\"@id\":\"https:\/\/livestreamsfc.com\/es\/#website\",\"url\":\"https:\/\/livestreamsfc.com\/es\/\",\"name\":\"LIVESTREAMFC.COM\",\"description\":\"\",\"potentialAction\":[{\"@type\":\"SearchAction\",\"target\":{\"@type\":\"EntryPoint\",\"urlTemplate\":\"https:\/\/livestreamsfc.com\/es\/?s={search_term_string}\"},\"query-input\":{\"@type\":\"PropertyValueSpecification\",\"valueRequired\":true,\"valueName\":\"search_term_string\"}}],\"inLanguage\":\"es-ES\"}]}<\/script>\n<!-- \/ Yoast SEO plugin. -->","yoast_head_json":{"title":"Radio El Sembrador en vivo por internet gratis: escuchar 1120AM","description":"Radio El Sembrador en vivo por internet gratis! \u2794 \u2713Direct live Radio \u2713100% gratis \u2713100% legal \u2713Escuchar 1120AM","robots":{"index":"index","follow":"follow","max-snippet":"max-snippet:-1","max-image-preview":"max-image-preview:large","max-video-preview":"max-video-preview:-1"},"canonical":"https:\/\/livestreamsfc.com\/es\/radio\/radio-el-sembrador\/","og_locale":"es_ES","og_type":"article","og_title":"Radio El Sembrador en vivo por internet gratis: escuchar 1120AM","og_description":"Radio El Sembrador en vivo por internet gratis! \u2794 \u2713Direct live Radio \u2713100% gratis \u2713100% legal \u2713Escuchar 1120AM","og_url":"https:\/\/livestreamsfc.com\/es\/radio\/radio-el-sembrador\/","og_site_name":"LIVESTREAMFC.COM","article_modified_time":"2023-11-10T14:21:15+00:00","og_image":[{"url":"http:\/\/livestreamsfc.com\/wp-content\/uploads\/2023\/11\/radio-el-sembrador.jpeg","type":"","width":"","height":""}],"twitter_card":"summary_large_image","twitter_misc":{"Est. reading time":"1 minute"},"schema":{"@context":"https:\/\/schema.org","@graph":[{"@type":"WebPage","@id":"https:\/\/livestreamsfc.com\/es\/radio\/radio-el-sembrador\/","url":"https:\/\/livestreamsfc.com\/es\/radio\/radio-el-sembrador\/","name":"Radio El Sembrador en vivo por internet gratis: escuchar 1120AM","isPartOf":{"@id":"https:\/\/livestreamsfc.com\/es\/#website"},"primaryImageOfPage":{"@id":"https:\/\/livestreamsfc.com\/es\/radio\/radio-el-sembrador\/#primaryimage"},"image":{"@id":"https:\/\/livestreamsfc.com\/es\/radio\/radio-el-sembrador\/#primaryimage"},"thumbnailUrl":"http:\/\/livestreamsfc.com\/wp-content\/uploads\/2023\/11\/radio-el-sembrador.jpeg","datePublished":"2023-11-10T09:55:34+00:00","dateModified":"2023-11-10T14:21:15+00:00","description":"Radio El Sembrador en vivo por internet gratis! \u2794 \u2713Direct live Radio \u2713100% gratis \u2713100% legal \u2713Escuchar 1120AM","breadcrumb":{"@id":"https:\/\/livestreamsfc.com\/es\/radio\/radio-el-sembrador\/#breadcrumb"},"inLanguage":"es-ES","potentialAction":[{"@type":"ReadAction","target":["https:\/\/livestreamsfc.com\/es\/radio\/radio-el-sembrador\/"]}]},{"@type":"ImageObject","inLanguage":"es-ES","@id":"https:\/\/livestreamsfc.com\/es\/radio\/radio-el-sembrador\/#primaryimage","url":"http:\/\/livestreamsfc.com\/wp-content\/uploads\/2023\/11\/radio-el-sembrador.jpeg","contentUrl":"http:\/\/livestreamsfc.com\/wp-content\/uploads\/2023\/11\/radio-el-sembrador.jpeg"},{"@type":"BreadcrumbList","@id":"https:\/\/livestreamsfc.com\/es\/radio\/radio-el-sembrador\/#breadcrumb","itemListElement":[{"@type":"ListItem","position":1,"name":"Home","item":"https:\/\/livestreamsfc.com\/es\/"},{"@type":"ListItem","position":2,"name":"Radio online gratis","item":"https:\/\/livestreamsfc.com\/es\/radio\/"},{"@type":"ListItem","position":3,"name":"Radio El Sembrador"}]},{"@type":"WebSite","@id":"https:\/\/livestreamsfc.com\/es\/#website","url":"https:\/\/livestreamsfc.com\/es\/","name":"LIVESTREAMFC.COM","description":"","potentialAction":[{"@type":"SearchAction","target":{"@type":"EntryPoint","urlTemplate":"https:\/\/livestreamsfc.com\/es\/?s={search_term_string}"},"query-input":{"@type":"PropertyValueSpecification","valueRequired":true,"valueName":"search_term_string"}}],"inLanguage":"es-ES"}]}},"_links":{"self":[{"href":"https:\/\/livestreamsfc.com\/es\/wp-json\/wp\/v2\/pages\/1559","targetHints":{"allow":["GET"]}}],"collection":[{"href":"https:\/\/livestreamsfc.com\/es\/wp-json\/wp\/v2\/pages"}],"about":[{"href":"https:\/\/livestreamsfc.com\/es\/wp-json\/wp\/v2\/types\/page"}],"author":[{"embeddable":true,"href":"https:\/\/livestreamsfc.com\/es\/wp-json\/wp\/v2\/users\/1"}],"replies":[{"embeddable":true,"href":"https:\/\/livestreamsfc.com\/es\/wp-json\/wp\/v2\/comments?post=1559"}],"version-history":[{"count":1,"href":"https:\/\/livestreamsfc.com\/es\/wp-json\/wp\/v2\/pages\/1559\/revisions"}],"predecessor-version":[{"id":1565,"href":"https:\/\/livestreamsfc.com\/es\/wp-json\/wp\/v2\/pages\/1559\/revisions\/1565"}],"up":[{"embeddable":true,"href":"https:\/\/livestreamsfc.com\/es\/wp-json\/wp\/v2\/pages\/1342"}],"wp:attachment":[{"href":"https:\/\/livestreamsfc.com\/es\/wp-json\/wp\/v2\/media?parent=1559"}],"curies":[{"name":"wp","href":"https:\/\/api.w.org\/{rel}","templated":true}]}}