{"id":1566,"date":"2023-11-10T14:25:32","date_gmt":"2023-11-10T14:25:32","guid":{"rendered":"https:\/\/livestreamsfc.com\/?page_id=1566"},"modified":"2023-11-10T14:25:59","modified_gmt":"2023-11-10T14:25:59","slug":"radio-cumbia-2","status":"publish","type":"page","link":"https:\/\/livestreamsfc.com\/es\/radio\/radio-cumbia-2\/","title":{"rendered":"Radio Cumbia"},"content":{"rendered":"\n<p>Radio Cumbia es una emisora de radio que se destaca por su programaci\u00f3n dedicada a la m\u00fasica cumbia. Esta estaci\u00f3n de radio, ubicada en el coraz\u00f3n de Per\u00fa, se dedica a difundir los ritmos alegres y contagiosos de la cumbia a trav\u00e9s de su programaci\u00f3n. Radio Cumbia ofrece una variedad de programas musicales, incluyendo \u00e9xitos cl\u00e1sicos de cumbia, nuevos lanzamientos, programas de entrevistas con artistas y programas de solicitud de canciones. Adem\u00e1s, tambi\u00e9n ofrece noticias y actualizaciones de la comunidad local y global de cumbia. Radio Cumbia es conocida por su compromiso con la promoci\u00f3n de la m\u00fasica cumbia y su dedicaci\u00f3n a servir a la comunidad de amantes de la cumbia. Es la elecci\u00f3n perfecta para aquellos que buscan una programaci\u00f3n musical de calidad y un sentido de comunidad en torno a la cumbia.<\/p>\n\n\n<div class=\"wp-block-image\">\n<figure class=\"aligncenter size-full\"><img loading=\"lazy\" decoding=\"async\" width=\"300\" height=\"300\" src=\"http:\/\/livestreamsfc.com\/wp-content\/uploads\/2023\/11\/radio-cumbia-en-vivo.webp\" alt=\"radio-cumbia-en-vivo\" class=\"wp-image-1567\" srcset=\"https:\/\/livestreamsfc.com\/wp-content\/uploads\/2023\/11\/radio-cumbia-en-vivo.webp 300w, https:\/\/livestreamsfc.com\/wp-content\/uploads\/2023\/11\/radio-cumbia-en-vivo-150x150.webp 150w\" sizes=\"auto, (max-width: 300px) 100vw, 300px\" \/><\/figure>\n<\/div>\n\n\n<b><center><iframe loading=\"lazy\" allowtransparency=\"true\" frameborder=\"0\" height=\"90\" marginheight=\"0\" marginwidth=\"0\" scrolling=\"No\" src=\"https:\/\/todoradiosperu.com\/amazonas\/cumbiachachapoyas.php\" style=\"background: transparent;\" width=\"100%\" wmode=\"transparent\"> <\/iframe><\/center><\/b>\n\n<table>\n  <tr>\n    <th>Nombre de la Emisora<\/th>\n    <td>Radio Cumbia<\/td>\n  <\/tr>\n  <tr>\n    <th>G\u00e9nero Musical<\/th>\n    <td>Cumbia<\/td>\n  <\/tr>\n  <tr>\n    <th>A\u00f1o de Inicio<\/th>\n    <td>2001<\/td>\n  <\/tr>\n  <tr>\n    <th>Frecuencia de Emisi\u00f3n<\/th>\n    <td>105.3 FM<\/td>\n  <\/tr>\n  <tr>\n    <th>Audiencia Estimada Diaria<\/th>\n    <td>Desconocido<\/td>\n  <\/tr>\n<tr>\n    <th>Naci\u00f3n<\/th>\n    <td>Per\u00fa<\/td>\n  <\/tr>\n<\/table>\n","protected":false},"excerpt":{"rendered":"<p>Radio Cumbia es una emisora de radio que se destaca por su programaci\u00f3n dedicada a la m\u00fasica cumbia. Esta estaci\u00f3n de radio, ubicada en el coraz\u00f3n de Per\u00fa, se dedica a difundir los ritmos alegres y contagiosos de la cumbia a trav\u00e9s de su programaci\u00f3n. Radio Cumbia ofrece una variedad de programas musicales, incluyendo \u00e9xitos [&hellip;]<\/p>\n","protected":false},"author":1,"featured_media":0,"parent":1342,"menu_order":0,"comment_status":"closed","ping_status":"closed","template":"","meta":{"footnotes":""},"class_list":["post-1566","page","type-page","status-publish"],"yoast_head":"<!-- This site is optimized with the Yoast SEO plugin v25.5 - https:\/\/yoast.com\/wordpress\/plugins\/seo\/ -->\n<title>Radio Cumbia en vivo por internet gratis: escuchar 105.3FM<\/title>\n<meta name=\"description\" content=\"Radio Cumbia en vivo por internet gratis Per\u00fa! \u2794 \u2713Direct live Radio \u2713100% gratis \u2713100% legal \u2713Escuchar 105.3FM\" \/>\n<meta name=\"robots\" content=\"index, follow, max-snippet:-1, max-image-preview:large, max-video-preview:-1\" \/>\n<link rel=\"canonical\" href=\"https:\/\/livestreamsfc.com\/es\/radio\/radio-cumbia-2\/\" \/>\n<meta property=\"og:locale\" content=\"es_ES\" \/>\n<meta property=\"og:type\" content=\"article\" \/>\n<meta property=\"og:title\" content=\"Radio Cumbia en vivo por internet gratis: escuchar 105.3FM\" \/>\n<meta property=\"og:description\" content=\"Radio Cumbia en vivo por internet gratis Per\u00fa! \u2794 \u2713Direct live Radio \u2713100% gratis \u2713100% legal \u2713Escuchar 105.3FM\" \/>\n<meta property=\"og:url\" content=\"https:\/\/livestreamsfc.com\/es\/radio\/radio-cumbia-2\/\" \/>\n<meta property=\"og:site_name\" content=\"LIVESTREAMFC.COM\" \/>\n<meta property=\"article:modified_time\" content=\"2023-11-10T14:25:59+00:00\" \/>\n<meta property=\"og:image\" content=\"http:\/\/livestreamsfc.com\/wp-content\/uploads\/2023\/11\/radio-cumbia-en-vivo.webp\" \/>\n<meta name=\"twitter:card\" content=\"summary_large_image\" \/>\n<meta name=\"twitter:label1\" content=\"Est. reading time\" \/>\n\t<meta name=\"twitter:data1\" content=\"1 minute\" \/>\n<script type=\"application\/ld+json\" class=\"yoast-schema-graph\">{\"@context\":\"https:\/\/schema.org\",\"@graph\":[{\"@type\":\"WebPage\",\"@id\":\"https:\/\/livestreamsfc.com\/es\/radio\/radio-cumbia-2\/\",\"url\":\"https:\/\/livestreamsfc.com\/es\/radio\/radio-cumbia-2\/\",\"name\":\"Radio Cumbia en vivo por internet gratis: escuchar 105.3FM\",\"isPartOf\":{\"@id\":\"https:\/\/livestreamsfc.com\/es\/#website\"},\"primaryImageOfPage\":{\"@id\":\"https:\/\/livestreamsfc.com\/es\/radio\/radio-cumbia-2\/#primaryimage\"},\"image\":{\"@id\":\"https:\/\/livestreamsfc.com\/es\/radio\/radio-cumbia-2\/#primaryimage\"},\"thumbnailUrl\":\"http:\/\/livestreamsfc.com\/wp-content\/uploads\/2023\/11\/radio-cumbia-en-vivo.webp\",\"datePublished\":\"2023-11-10T14:25:32+00:00\",\"dateModified\":\"2023-11-10T14:25:59+00:00\",\"description\":\"Radio Cumbia en vivo por internet gratis Per\u00fa! \u2794 \u2713Direct live Radio \u2713100% gratis \u2713100% legal \u2713Escuchar 105.3FM\",\"breadcrumb\":{\"@id\":\"https:\/\/livestreamsfc.com\/es\/radio\/radio-cumbia-2\/#breadcrumb\"},\"inLanguage\":\"es-ES\",\"potentialAction\":[{\"@type\":\"ReadAction\",\"target\":[\"https:\/\/livestreamsfc.com\/es\/radio\/radio-cumbia-2\/\"]}]},{\"@type\":\"ImageObject\",\"inLanguage\":\"es-ES\",\"@id\":\"https:\/\/livestreamsfc.com\/es\/radio\/radio-cumbia-2\/#primaryimage\",\"url\":\"http:\/\/livestreamsfc.com\/wp-content\/uploads\/2023\/11\/radio-cumbia-en-vivo.webp\",\"contentUrl\":\"http:\/\/livestreamsfc.com\/wp-content\/uploads\/2023\/11\/radio-cumbia-en-vivo.webp\"},{\"@type\":\"BreadcrumbList\",\"@id\":\"https:\/\/livestreamsfc.com\/es\/radio\/radio-cumbia-2\/#breadcrumb\",\"itemListElement\":[{\"@type\":\"ListItem\",\"position\":1,\"name\":\"Home\",\"item\":\"https:\/\/livestreamsfc.com\/es\/\"},{\"@type\":\"ListItem\",\"position\":2,\"name\":\"Radio online gratis\",\"item\":\"https:\/\/livestreamsfc.com\/es\/radio\/\"},{\"@type\":\"ListItem\",\"position\":3,\"name\":\"Radio Cumbia\"}]},{\"@type\":\"WebSite\",\"@id\":\"https:\/\/livestreamsfc.com\/es\/#website\",\"url\":\"https:\/\/livestreamsfc.com\/es\/\",\"name\":\"LIVESTREAMFC.COM\",\"description\":\"\",\"potentialAction\":[{\"@type\":\"SearchAction\",\"target\":{\"@type\":\"EntryPoint\",\"urlTemplate\":\"https:\/\/livestreamsfc.com\/es\/?s={search_term_string}\"},\"query-input\":{\"@type\":\"PropertyValueSpecification\",\"valueRequired\":true,\"valueName\":\"search_term_string\"}}],\"inLanguage\":\"es-ES\"}]}<\/script>\n<!-- \/ Yoast SEO plugin. -->","yoast_head_json":{"title":"Radio Cumbia en vivo por internet gratis: escuchar 105.3FM","description":"Radio Cumbia en vivo por internet gratis Per\u00fa! \u2794 \u2713Direct live Radio \u2713100% gratis \u2713100% legal \u2713Escuchar 105.3FM","robots":{"index":"index","follow":"follow","max-snippet":"max-snippet:-1","max-image-preview":"max-image-preview:large","max-video-preview":"max-video-preview:-1"},"canonical":"https:\/\/livestreamsfc.com\/es\/radio\/radio-cumbia-2\/","og_locale":"es_ES","og_type":"article","og_title":"Radio Cumbia en vivo por internet gratis: escuchar 105.3FM","og_description":"Radio Cumbia en vivo por internet gratis Per\u00fa! \u2794 \u2713Direct live Radio \u2713100% gratis \u2713100% legal \u2713Escuchar 105.3FM","og_url":"https:\/\/livestreamsfc.com\/es\/radio\/radio-cumbia-2\/","og_site_name":"LIVESTREAMFC.COM","article_modified_time":"2023-11-10T14:25:59+00:00","og_image":[{"url":"http:\/\/livestreamsfc.com\/wp-content\/uploads\/2023\/11\/radio-cumbia-en-vivo.webp","type":"","width":"","height":""}],"twitter_card":"summary_large_image","twitter_misc":{"Est. reading time":"1 minute"},"schema":{"@context":"https:\/\/schema.org","@graph":[{"@type":"WebPage","@id":"https:\/\/livestreamsfc.com\/es\/radio\/radio-cumbia-2\/","url":"https:\/\/livestreamsfc.com\/es\/radio\/radio-cumbia-2\/","name":"Radio Cumbia en vivo por internet gratis: escuchar 105.3FM","isPartOf":{"@id":"https:\/\/livestreamsfc.com\/es\/#website"},"primaryImageOfPage":{"@id":"https:\/\/livestreamsfc.com\/es\/radio\/radio-cumbia-2\/#primaryimage"},"image":{"@id":"https:\/\/livestreamsfc.com\/es\/radio\/radio-cumbia-2\/#primaryimage"},"thumbnailUrl":"http:\/\/livestreamsfc.com\/wp-content\/uploads\/2023\/11\/radio-cumbia-en-vivo.webp","datePublished":"2023-11-10T14:25:32+00:00","dateModified":"2023-11-10T14:25:59+00:00","description":"Radio Cumbia en vivo por internet gratis Per\u00fa! \u2794 \u2713Direct live Radio \u2713100% gratis \u2713100% legal \u2713Escuchar 105.3FM","breadcrumb":{"@id":"https:\/\/livestreamsfc.com\/es\/radio\/radio-cumbia-2\/#breadcrumb"},"inLanguage":"es-ES","potentialAction":[{"@type":"ReadAction","target":["https:\/\/livestreamsfc.com\/es\/radio\/radio-cumbia-2\/"]}]},{"@type":"ImageObject","inLanguage":"es-ES","@id":"https:\/\/livestreamsfc.com\/es\/radio\/radio-cumbia-2\/#primaryimage","url":"http:\/\/livestreamsfc.com\/wp-content\/uploads\/2023\/11\/radio-cumbia-en-vivo.webp","contentUrl":"http:\/\/livestreamsfc.com\/wp-content\/uploads\/2023\/11\/radio-cumbia-en-vivo.webp"},{"@type":"BreadcrumbList","@id":"https:\/\/livestreamsfc.com\/es\/radio\/radio-cumbia-2\/#breadcrumb","itemListElement":[{"@type":"ListItem","position":1,"name":"Home","item":"https:\/\/livestreamsfc.com\/es\/"},{"@type":"ListItem","position":2,"name":"Radio online gratis","item":"https:\/\/livestreamsfc.com\/es\/radio\/"},{"@type":"ListItem","position":3,"name":"Radio Cumbia"}]},{"@type":"WebSite","@id":"https:\/\/livestreamsfc.com\/es\/#website","url":"https:\/\/livestreamsfc.com\/es\/","name":"LIVESTREAMFC.COM","description":"","potentialAction":[{"@type":"SearchAction","target":{"@type":"EntryPoint","urlTemplate":"https:\/\/livestreamsfc.com\/es\/?s={search_term_string}"},"query-input":{"@type":"PropertyValueSpecification","valueRequired":true,"valueName":"search_term_string"}}],"inLanguage":"es-ES"}]}},"_links":{"self":[{"href":"https:\/\/livestreamsfc.com\/es\/wp-json\/wp\/v2\/pages\/1566","targetHints":{"allow":["GET"]}}],"collection":[{"href":"https:\/\/livestreamsfc.com\/es\/wp-json\/wp\/v2\/pages"}],"about":[{"href":"https:\/\/livestreamsfc.com\/es\/wp-json\/wp\/v2\/types\/page"}],"author":[{"embeddable":true,"href":"https:\/\/livestreamsfc.com\/es\/wp-json\/wp\/v2\/users\/1"}],"replies":[{"embeddable":true,"href":"https:\/\/livestreamsfc.com\/es\/wp-json\/wp\/v2\/comments?post=1566"}],"version-history":[{"count":1,"href":"https:\/\/livestreamsfc.com\/es\/wp-json\/wp\/v2\/pages\/1566\/revisions"}],"predecessor-version":[{"id":1572,"href":"https:\/\/livestreamsfc.com\/es\/wp-json\/wp\/v2\/pages\/1566\/revisions\/1572"}],"up":[{"embeddable":true,"href":"https:\/\/livestreamsfc.com\/es\/wp-json\/wp\/v2\/pages\/1342"}],"wp:attachment":[{"href":"https:\/\/livestreamsfc.com\/es\/wp-json\/wp\/v2\/media?parent=1566"}],"curies":[{"name":"wp","href":"https:\/\/api.w.org\/{rel}","templated":true}]}}