{"id":1575,"date":"2023-11-10T14:34:37","date_gmt":"2023-11-10T14:34:37","guid":{"rendered":"https:\/\/livestreamsfc.com\/?page_id=1575"},"modified":"2023-11-10T14:35:15","modified_gmt":"2023-11-10T14:35:15","slug":"radio-chevere-huaraz","status":"publish","type":"page","link":"https:\/\/livestreamsfc.com\/es\/radio\/radio-chevere-huaraz\/","title":{"rendered":"Radio Chevere Huaraz"},"content":{"rendered":"\n<p><a href=\"https:\/\/livestreamsfc.com\/es\/radio\/\">Radio<\/a> Chevere Huaraz es una emisora de radio peruana que se distingue por su programaci\u00f3n variada y entretenida. Esta estaci\u00f3n de radio se ubica en el coraz\u00f3n de Huaraz, Per\u00fa, y se dedica a transmitir una mezcla de m\u00fasica, noticias y programas de entretenimiento. Radio Chevere Huaraz ofrece una amplia gama de programas, incluyendo m\u00fasica de diversos g\u00e9neros, noticias locales y globales, programas de entrevistas y programas de entretenimiento. Adem\u00e1s, tambi\u00e9n proporciona actualizaciones y noticias de la comunidad local y global. Radio Chevere Huaraz es conocida por su compromiso con la difusi\u00f3n de la cultura local y su dedicaci\u00f3n a entretener y mantener informada a la comunidad. Es la elecci\u00f3n perfecta para aquellos que buscan una programaci\u00f3n variada y de calidad, y un sentido de comunidad.<\/p>\n\n\n<div class=\"wp-block-image\">\n<figure class=\"aligncenter size-full\"><img loading=\"lazy\" decoding=\"async\" width=\"224\" height=\"200\" src=\"http:\/\/livestreamsfc.com\/wp-content\/uploads\/2023\/11\/Radio-Chevere-Huaraz.webp\" alt=\"Radio Chevere Huaraz\" class=\"wp-image-1577\"\/><\/figure>\n<\/div>\n\n\n<b><iframe loading=\"lazy\" allowtransparency=\"true\" frameborder=\"0\" height=\"90\" marginheight=\"0\" marginwidth=\"0\" scrolling=\"No\" src=\"https:\/\/todoradiosperu.com\/ancash\/chevere.php\" style=\"background: transparent;\" width=\"100%\" wmode=\"transparent\"> <\/iframe><\/b>\n<table>\n  <tr>\n    <th>Nombre de la Emisora<\/th>\n    <td>Radio Chevere Huaraz<\/td>\n  <\/tr>\n  <tr>\n    <th>G\u00e9nero de M\u00fasica<\/th>\n    <td>M\u00fasica Variada<\/td>\n  <\/tr>\n  <tr>\n    <th>A\u00f1o de Inicio<\/th>\n    <td>1980<\/td>\n  <\/tr>\n  <tr>\n    <th>Frecuencia de Emisi\u00f3n<\/th>\n    <td>96.7 FM<\/td>\n  <\/tr>\n  <tr>\n    <th>Estimado de Audiencia Diaria<\/th>\n    <td>Desconocido<\/td>\n  <\/tr>\n<tr>\n    <th>Naci\u00f3n<\/th>\n    <td>Peru<\/td>\n  <\/tr>\n<\/table>\n","protected":false},"excerpt":{"rendered":"<p>Radio Chevere Huaraz es una emisora de radio peruana que se distingue por su programaci\u00f3n variada y entretenida. Esta estaci\u00f3n de radio se ubica en el coraz\u00f3n de Huaraz, Per\u00fa, y se dedica a transmitir una mezcla de m\u00fasica, noticias y programas de entretenimiento. Radio Chevere Huaraz ofrece una amplia gama de programas, incluyendo m\u00fasica [&hellip;]<\/p>\n","protected":false},"author":1,"featured_media":0,"parent":1342,"menu_order":0,"comment_status":"closed","ping_status":"closed","template":"","meta":{"footnotes":""},"class_list":["post-1575","page","type-page","status-publish"],"yoast_head":"<!-- This site is optimized with the Yoast SEO plugin v25.5 - https:\/\/yoast.com\/wordpress\/plugins\/seo\/ -->\n<title>Radio Chevere Huaraz en vivo por internet gratis: 96.7FM<\/title>\n<meta name=\"description\" content=\"Radio Chevere Huaraz en vivo por internet gratis! \u2794 \u2713Direct live Radio \u2713100% gratis \u2713100% legal \u2713Escuchar 96.7FM\" \/>\n<meta name=\"robots\" content=\"index, follow, max-snippet:-1, max-image-preview:large, max-video-preview:-1\" \/>\n<link rel=\"canonical\" href=\"https:\/\/livestreamsfc.com\/es\/radio\/radio-chevere-huaraz\/\" \/>\n<meta property=\"og:locale\" content=\"es_ES\" \/>\n<meta property=\"og:type\" content=\"article\" \/>\n<meta property=\"og:title\" content=\"Radio Chevere Huaraz en vivo por internet gratis: 96.7FM\" \/>\n<meta property=\"og:description\" content=\"Radio Chevere Huaraz en vivo por internet gratis! \u2794 \u2713Direct live Radio \u2713100% gratis \u2713100% legal \u2713Escuchar 96.7FM\" \/>\n<meta property=\"og:url\" content=\"https:\/\/livestreamsfc.com\/es\/radio\/radio-chevere-huaraz\/\" \/>\n<meta property=\"og:site_name\" content=\"LIVESTREAMFC.COM\" \/>\n<meta property=\"article:modified_time\" content=\"2023-11-10T14:35:15+00:00\" \/>\n<meta property=\"og:image\" content=\"http:\/\/livestreamsfc.com\/wp-content\/uploads\/2023\/11\/Radio-Chevere-Huaraz.webp\" \/>\n<meta name=\"twitter:card\" content=\"summary_large_image\" \/>\n<meta name=\"twitter:label1\" content=\"Est. reading time\" \/>\n\t<meta name=\"twitter:data1\" content=\"1 minute\" \/>\n<script type=\"application\/ld+json\" class=\"yoast-schema-graph\">{\"@context\":\"https:\/\/schema.org\",\"@graph\":[{\"@type\":\"WebPage\",\"@id\":\"https:\/\/livestreamsfc.com\/es\/radio\/radio-chevere-huaraz\/\",\"url\":\"https:\/\/livestreamsfc.com\/es\/radio\/radio-chevere-huaraz\/\",\"name\":\"Radio Chevere Huaraz en vivo por internet gratis: 96.7FM\",\"isPartOf\":{\"@id\":\"https:\/\/livestreamsfc.com\/es\/#website\"},\"primaryImageOfPage\":{\"@id\":\"https:\/\/livestreamsfc.com\/es\/radio\/radio-chevere-huaraz\/#primaryimage\"},\"image\":{\"@id\":\"https:\/\/livestreamsfc.com\/es\/radio\/radio-chevere-huaraz\/#primaryimage\"},\"thumbnailUrl\":\"http:\/\/livestreamsfc.com\/wp-content\/uploads\/2023\/11\/Radio-Chevere-Huaraz.webp\",\"datePublished\":\"2023-11-10T14:34:37+00:00\",\"dateModified\":\"2023-11-10T14:35:15+00:00\",\"description\":\"Radio Chevere Huaraz en vivo por internet gratis! \u2794 \u2713Direct live Radio \u2713100% gratis \u2713100% legal \u2713Escuchar 96.7FM\",\"breadcrumb\":{\"@id\":\"https:\/\/livestreamsfc.com\/es\/radio\/radio-chevere-huaraz\/#breadcrumb\"},\"inLanguage\":\"es-ES\",\"potentialAction\":[{\"@type\":\"ReadAction\",\"target\":[\"https:\/\/livestreamsfc.com\/es\/radio\/radio-chevere-huaraz\/\"]}]},{\"@type\":\"ImageObject\",\"inLanguage\":\"es-ES\",\"@id\":\"https:\/\/livestreamsfc.com\/es\/radio\/radio-chevere-huaraz\/#primaryimage\",\"url\":\"http:\/\/livestreamsfc.com\/wp-content\/uploads\/2023\/11\/Radio-Chevere-Huaraz.webp\",\"contentUrl\":\"http:\/\/livestreamsfc.com\/wp-content\/uploads\/2023\/11\/Radio-Chevere-Huaraz.webp\"},{\"@type\":\"BreadcrumbList\",\"@id\":\"https:\/\/livestreamsfc.com\/es\/radio\/radio-chevere-huaraz\/#breadcrumb\",\"itemListElement\":[{\"@type\":\"ListItem\",\"position\":1,\"name\":\"Home\",\"item\":\"https:\/\/livestreamsfc.com\/es\/\"},{\"@type\":\"ListItem\",\"position\":2,\"name\":\"Radio online gratis\",\"item\":\"https:\/\/livestreamsfc.com\/es\/radio\/\"},{\"@type\":\"ListItem\",\"position\":3,\"name\":\"Radio Chevere Huaraz\"}]},{\"@type\":\"WebSite\",\"@id\":\"https:\/\/livestreamsfc.com\/es\/#website\",\"url\":\"https:\/\/livestreamsfc.com\/es\/\",\"name\":\"LIVESTREAMFC.COM\",\"description\":\"\",\"potentialAction\":[{\"@type\":\"SearchAction\",\"target\":{\"@type\":\"EntryPoint\",\"urlTemplate\":\"https:\/\/livestreamsfc.com\/es\/?s={search_term_string}\"},\"query-input\":{\"@type\":\"PropertyValueSpecification\",\"valueRequired\":true,\"valueName\":\"search_term_string\"}}],\"inLanguage\":\"es-ES\"}]}<\/script>\n<!-- \/ Yoast SEO plugin. -->","yoast_head_json":{"title":"Radio Chevere Huaraz en vivo por internet gratis: 96.7FM","description":"Radio Chevere Huaraz en vivo por internet gratis! \u2794 \u2713Direct live Radio \u2713100% gratis \u2713100% legal \u2713Escuchar 96.7FM","robots":{"index":"index","follow":"follow","max-snippet":"max-snippet:-1","max-image-preview":"max-image-preview:large","max-video-preview":"max-video-preview:-1"},"canonical":"https:\/\/livestreamsfc.com\/es\/radio\/radio-chevere-huaraz\/","og_locale":"es_ES","og_type":"article","og_title":"Radio Chevere Huaraz en vivo por internet gratis: 96.7FM","og_description":"Radio Chevere Huaraz en vivo por internet gratis! \u2794 \u2713Direct live Radio \u2713100% gratis \u2713100% legal \u2713Escuchar 96.7FM","og_url":"https:\/\/livestreamsfc.com\/es\/radio\/radio-chevere-huaraz\/","og_site_name":"LIVESTREAMFC.COM","article_modified_time":"2023-11-10T14:35:15+00:00","og_image":[{"url":"http:\/\/livestreamsfc.com\/wp-content\/uploads\/2023\/11\/Radio-Chevere-Huaraz.webp","type":"","width":"","height":""}],"twitter_card":"summary_large_image","twitter_misc":{"Est. reading time":"1 minute"},"schema":{"@context":"https:\/\/schema.org","@graph":[{"@type":"WebPage","@id":"https:\/\/livestreamsfc.com\/es\/radio\/radio-chevere-huaraz\/","url":"https:\/\/livestreamsfc.com\/es\/radio\/radio-chevere-huaraz\/","name":"Radio Chevere Huaraz en vivo por internet gratis: 96.7FM","isPartOf":{"@id":"https:\/\/livestreamsfc.com\/es\/#website"},"primaryImageOfPage":{"@id":"https:\/\/livestreamsfc.com\/es\/radio\/radio-chevere-huaraz\/#primaryimage"},"image":{"@id":"https:\/\/livestreamsfc.com\/es\/radio\/radio-chevere-huaraz\/#primaryimage"},"thumbnailUrl":"http:\/\/livestreamsfc.com\/wp-content\/uploads\/2023\/11\/Radio-Chevere-Huaraz.webp","datePublished":"2023-11-10T14:34:37+00:00","dateModified":"2023-11-10T14:35:15+00:00","description":"Radio Chevere Huaraz en vivo por internet gratis! \u2794 \u2713Direct live Radio \u2713100% gratis \u2713100% legal \u2713Escuchar 96.7FM","breadcrumb":{"@id":"https:\/\/livestreamsfc.com\/es\/radio\/radio-chevere-huaraz\/#breadcrumb"},"inLanguage":"es-ES","potentialAction":[{"@type":"ReadAction","target":["https:\/\/livestreamsfc.com\/es\/radio\/radio-chevere-huaraz\/"]}]},{"@type":"ImageObject","inLanguage":"es-ES","@id":"https:\/\/livestreamsfc.com\/es\/radio\/radio-chevere-huaraz\/#primaryimage","url":"http:\/\/livestreamsfc.com\/wp-content\/uploads\/2023\/11\/Radio-Chevere-Huaraz.webp","contentUrl":"http:\/\/livestreamsfc.com\/wp-content\/uploads\/2023\/11\/Radio-Chevere-Huaraz.webp"},{"@type":"BreadcrumbList","@id":"https:\/\/livestreamsfc.com\/es\/radio\/radio-chevere-huaraz\/#breadcrumb","itemListElement":[{"@type":"ListItem","position":1,"name":"Home","item":"https:\/\/livestreamsfc.com\/es\/"},{"@type":"ListItem","position":2,"name":"Radio online gratis","item":"https:\/\/livestreamsfc.com\/es\/radio\/"},{"@type":"ListItem","position":3,"name":"Radio Chevere Huaraz"}]},{"@type":"WebSite","@id":"https:\/\/livestreamsfc.com\/es\/#website","url":"https:\/\/livestreamsfc.com\/es\/","name":"LIVESTREAMFC.COM","description":"","potentialAction":[{"@type":"SearchAction","target":{"@type":"EntryPoint","urlTemplate":"https:\/\/livestreamsfc.com\/es\/?s={search_term_string}"},"query-input":{"@type":"PropertyValueSpecification","valueRequired":true,"valueName":"search_term_string"}}],"inLanguage":"es-ES"}]}},"_links":{"self":[{"href":"https:\/\/livestreamsfc.com\/es\/wp-json\/wp\/v2\/pages\/1575","targetHints":{"allow":["GET"]}}],"collection":[{"href":"https:\/\/livestreamsfc.com\/es\/wp-json\/wp\/v2\/pages"}],"about":[{"href":"https:\/\/livestreamsfc.com\/es\/wp-json\/wp\/v2\/types\/page"}],"author":[{"embeddable":true,"href":"https:\/\/livestreamsfc.com\/es\/wp-json\/wp\/v2\/users\/1"}],"replies":[{"embeddable":true,"href":"https:\/\/livestreamsfc.com\/es\/wp-json\/wp\/v2\/comments?post=1575"}],"version-history":[{"count":2,"href":"https:\/\/livestreamsfc.com\/es\/wp-json\/wp\/v2\/pages\/1575\/revisions"}],"predecessor-version":[{"id":1582,"href":"https:\/\/livestreamsfc.com\/es\/wp-json\/wp\/v2\/pages\/1575\/revisions\/1582"}],"up":[{"embeddable":true,"href":"https:\/\/livestreamsfc.com\/es\/wp-json\/wp\/v2\/pages\/1342"}],"wp:attachment":[{"href":"https:\/\/livestreamsfc.com\/es\/wp-json\/wp\/v2\/media?parent=1575"}],"curies":[{"name":"wp","href":"https:\/\/api.w.org\/{rel}","templated":true}]}}