{"id":1583,"date":"2023-11-11T14:38:10","date_gmt":"2023-11-11T14:38:10","guid":{"rendered":"https:\/\/livestreamsfc.com\/?page_id=1583"},"modified":"2023-11-10T14:44:24","modified_gmt":"2023-11-10T14:44:24","slug":"radio-estrella-chimbote","status":"publish","type":"page","link":"https:\/\/livestreamsfc.com\/es\/radio\/radio-estrella-chimbote\/","title":{"rendered":"Radio Estrella Chimbote"},"content":{"rendered":"\n<p><a href=\"https:\/\/livestreamsfc.com\/es\/radio\/\">Radio<\/a> Estrella Chimbote 98.1 FM es una eminente emisora de radio peruana que se distingue por su programaci\u00f3n variada y de alta calidad. Esta estaci\u00f3n de radio, ubicada en la hermosa regi\u00f3n de Ancash, se dedica a entretener, informar y educar a su audiencia a trav\u00e9s de su diversa programaci\u00f3n. Radio Estrella Chimbote ofrece una amplia gama de programas, que incluyen m\u00fasica de diversos g\u00e9neros, programas de noticias, deportes, entretenimiento y mucho m\u00e1s. Adem\u00e1s, tambi\u00e9n proporciona actualizaciones y noticias de la comunidad local y global, manteniendo a su audiencia bien informada sobre los acontecimientos m\u00e1s recientes. Radio Estrella Chimbote es reconocida por su compromiso con la excelencia en la radiodifusi\u00f3n y su dedicaci\u00f3n a servir a la comunidad. Es la elecci\u00f3n perfecta para aquellos que buscan una programaci\u00f3n de radio diversa y de alta calidad, y un sentido de conexi\u00f3n con la comunidad.<\/p>\n\n\n<div class=\"wp-block-image\">\n<figure class=\"aligncenter size-full is-resized\"><img loading=\"lazy\" decoding=\"async\" width=\"415\" height=\"415\" src=\"http:\/\/livestreamsfc.com\/wp-content\/uploads\/2023\/11\/Radio-Estrella-Chimbote-98.1-FM.jpeg\" alt=\"Radio Estrella Chimbote 98.1 FM\" class=\"wp-image-1584\" style=\"width:208px;height:auto\" srcset=\"https:\/\/livestreamsfc.com\/wp-content\/uploads\/2023\/11\/Radio-Estrella-Chimbote-98.1-FM.jpeg 415w, https:\/\/livestreamsfc.com\/wp-content\/uploads\/2023\/11\/Radio-Estrella-Chimbote-98.1-FM-300x300.jpeg 300w, https:\/\/livestreamsfc.com\/wp-content\/uploads\/2023\/11\/Radio-Estrella-Chimbote-98.1-FM-150x150.jpeg 150w\" sizes=\"auto, (max-width: 415px) 100vw, 415px\" \/><\/figure>\n<\/div>\n\n\n<b><iframe loading=\"lazy\" allowtransparency=\"true\" frameborder=\"0\" height=\"90\" marginheight=\"0\" marginwidth=\"0\" scrolling=\"No\" src=\"https:\/\/todoradiosperu.com\/ancash\/estrellachimbote.php\" style=\"background: transparent;\" width=\"100%\" wmode=\"transparent\"> <\/iframe><\/b>\n\n<table>\n  <tr>\n    <th>Nombre de la Emisora<\/th>\n    <td>Radio Estrella Chimbote<\/td>\n  <\/tr>\n  <tr>\n    <th>G\u00e9nero Musical<\/th>\n    <td>Variado<\/td>\n  <\/tr>\n  <tr>\n    <th>A\u00f1o de Inicio<\/th>\n    <td>1998<\/td>\n  <\/tr>\n  <tr>\n    <th>Frecuencia de Emisi\u00f3n<\/th>\n    <td>98.1 FM<\/td>\n  <\/tr>\n  <tr>\n    <th>Estimado de Audiencia Diaria<\/th>\n    <td>Desconocido<\/td>\n  <\/tr>\n<tr>\n    <th>Naci\u00f3n<\/th>\n    <td>Per\u00fa<\/td>\n  <\/tr>\n<\/table>\n","protected":false},"excerpt":{"rendered":"<p>Radio Estrella Chimbote 98.1 FM es una eminente emisora de radio peruana que se distingue por su programaci\u00f3n variada y de alta calidad. Esta estaci\u00f3n de radio, ubicada en la hermosa regi\u00f3n de Ancash, se dedica a entretener, informar y educar a su audiencia a trav\u00e9s de su diversa programaci\u00f3n. Radio Estrella Chimbote ofrece una [&hellip;]<\/p>\n","protected":false},"author":1,"featured_media":0,"parent":1342,"menu_order":0,"comment_status":"closed","ping_status":"closed","template":"","meta":{"footnotes":""},"class_list":["post-1583","page","type-page","status-publish"],"yoast_head":"<!-- This site is optimized with the Yoast SEO plugin v25.5 - https:\/\/yoast.com\/wordpress\/plugins\/seo\/ -->\n<title>Radio Estrella Chimbote en vivo por internet gratis: escuchar 98.1FM<\/title>\n<meta name=\"description\" content=\"Radio Estrella Chimbote en vivo por internet gratis Peru! \u2794 \u2713Direct live Radio \u2713100% gratis \u2713100% legal \u2713Escuchar 98.1FM\" \/>\n<meta name=\"robots\" content=\"index, follow, max-snippet:-1, max-image-preview:large, max-video-preview:-1\" \/>\n<link rel=\"canonical\" href=\"https:\/\/livestreamsfc.com\/es\/radio\/radio-estrella-chimbote\/\" \/>\n<meta property=\"og:locale\" content=\"es_ES\" \/>\n<meta property=\"og:type\" content=\"article\" \/>\n<meta property=\"og:title\" content=\"Radio Estrella Chimbote en vivo por internet gratis: escuchar 98.1FM\" \/>\n<meta property=\"og:description\" content=\"Radio Estrella Chimbote en vivo por internet gratis Peru! \u2794 \u2713Direct live Radio \u2713100% gratis \u2713100% legal \u2713Escuchar 98.1FM\" \/>\n<meta property=\"og:url\" content=\"https:\/\/livestreamsfc.com\/es\/radio\/radio-estrella-chimbote\/\" \/>\n<meta property=\"og:site_name\" content=\"LIVESTREAMFC.COM\" \/>\n<meta property=\"og:image\" content=\"http:\/\/livestreamsfc.com\/wp-content\/uploads\/2023\/11\/Radio-Estrella-Chimbote-98.1-FM.jpeg\" \/>\n<meta name=\"twitter:card\" content=\"summary_large_image\" \/>\n<meta name=\"twitter:label1\" content=\"Est. reading time\" \/>\n\t<meta name=\"twitter:data1\" content=\"1 minute\" \/>\n<script type=\"application\/ld+json\" class=\"yoast-schema-graph\">{\"@context\":\"https:\/\/schema.org\",\"@graph\":[{\"@type\":\"WebPage\",\"@id\":\"https:\/\/livestreamsfc.com\/es\/radio\/radio-estrella-chimbote\/\",\"url\":\"https:\/\/livestreamsfc.com\/es\/radio\/radio-estrella-chimbote\/\",\"name\":\"Radio Estrella Chimbote en vivo por internet gratis: escuchar 98.1FM\",\"isPartOf\":{\"@id\":\"https:\/\/livestreamsfc.com\/es\/#website\"},\"primaryImageOfPage\":{\"@id\":\"https:\/\/livestreamsfc.com\/es\/radio\/radio-estrella-chimbote\/#primaryimage\"},\"image\":{\"@id\":\"https:\/\/livestreamsfc.com\/es\/radio\/radio-estrella-chimbote\/#primaryimage\"},\"thumbnailUrl\":\"http:\/\/livestreamsfc.com\/wp-content\/uploads\/2023\/11\/Radio-Estrella-Chimbote-98.1-FM.jpeg\",\"datePublished\":\"2023-11-11T14:38:10+00:00\",\"description\":\"Radio Estrella Chimbote en vivo por internet gratis Peru! \u2794 \u2713Direct live Radio \u2713100% gratis \u2713100% legal \u2713Escuchar 98.1FM\",\"breadcrumb\":{\"@id\":\"https:\/\/livestreamsfc.com\/es\/radio\/radio-estrella-chimbote\/#breadcrumb\"},\"inLanguage\":\"es-ES\",\"potentialAction\":[{\"@type\":\"ReadAction\",\"target\":[\"https:\/\/livestreamsfc.com\/es\/radio\/radio-estrella-chimbote\/\"]}]},{\"@type\":\"ImageObject\",\"inLanguage\":\"es-ES\",\"@id\":\"https:\/\/livestreamsfc.com\/es\/radio\/radio-estrella-chimbote\/#primaryimage\",\"url\":\"http:\/\/livestreamsfc.com\/wp-content\/uploads\/2023\/11\/Radio-Estrella-Chimbote-98.1-FM.jpeg\",\"contentUrl\":\"http:\/\/livestreamsfc.com\/wp-content\/uploads\/2023\/11\/Radio-Estrella-Chimbote-98.1-FM.jpeg\"},{\"@type\":\"BreadcrumbList\",\"@id\":\"https:\/\/livestreamsfc.com\/es\/radio\/radio-estrella-chimbote\/#breadcrumb\",\"itemListElement\":[{\"@type\":\"ListItem\",\"position\":1,\"name\":\"Home\",\"item\":\"https:\/\/livestreamsfc.com\/es\/\"},{\"@type\":\"ListItem\",\"position\":2,\"name\":\"Radio online gratis\",\"item\":\"https:\/\/livestreamsfc.com\/es\/radio\/\"},{\"@type\":\"ListItem\",\"position\":3,\"name\":\"Radio Estrella Chimbote\"}]},{\"@type\":\"WebSite\",\"@id\":\"https:\/\/livestreamsfc.com\/es\/#website\",\"url\":\"https:\/\/livestreamsfc.com\/es\/\",\"name\":\"LIVESTREAMFC.COM\",\"description\":\"\",\"potentialAction\":[{\"@type\":\"SearchAction\",\"target\":{\"@type\":\"EntryPoint\",\"urlTemplate\":\"https:\/\/livestreamsfc.com\/es\/?s={search_term_string}\"},\"query-input\":{\"@type\":\"PropertyValueSpecification\",\"valueRequired\":true,\"valueName\":\"search_term_string\"}}],\"inLanguage\":\"es-ES\"}]}<\/script>\n<!-- \/ Yoast SEO plugin. -->","yoast_head_json":{"title":"Radio Estrella Chimbote en vivo por internet gratis: escuchar 98.1FM","description":"Radio Estrella Chimbote en vivo por internet gratis Peru! \u2794 \u2713Direct live Radio \u2713100% gratis \u2713100% legal \u2713Escuchar 98.1FM","robots":{"index":"index","follow":"follow","max-snippet":"max-snippet:-1","max-image-preview":"max-image-preview:large","max-video-preview":"max-video-preview:-1"},"canonical":"https:\/\/livestreamsfc.com\/es\/radio\/radio-estrella-chimbote\/","og_locale":"es_ES","og_type":"article","og_title":"Radio Estrella Chimbote en vivo por internet gratis: escuchar 98.1FM","og_description":"Radio Estrella Chimbote en vivo por internet gratis Peru! \u2794 \u2713Direct live Radio \u2713100% gratis \u2713100% legal \u2713Escuchar 98.1FM","og_url":"https:\/\/livestreamsfc.com\/es\/radio\/radio-estrella-chimbote\/","og_site_name":"LIVESTREAMFC.COM","og_image":[{"url":"http:\/\/livestreamsfc.com\/wp-content\/uploads\/2023\/11\/Radio-Estrella-Chimbote-98.1-FM.jpeg","type":"","width":"","height":""}],"twitter_card":"summary_large_image","twitter_misc":{"Est. reading time":"1 minute"},"schema":{"@context":"https:\/\/schema.org","@graph":[{"@type":"WebPage","@id":"https:\/\/livestreamsfc.com\/es\/radio\/radio-estrella-chimbote\/","url":"https:\/\/livestreamsfc.com\/es\/radio\/radio-estrella-chimbote\/","name":"Radio Estrella Chimbote en vivo por internet gratis: escuchar 98.1FM","isPartOf":{"@id":"https:\/\/livestreamsfc.com\/es\/#website"},"primaryImageOfPage":{"@id":"https:\/\/livestreamsfc.com\/es\/radio\/radio-estrella-chimbote\/#primaryimage"},"image":{"@id":"https:\/\/livestreamsfc.com\/es\/radio\/radio-estrella-chimbote\/#primaryimage"},"thumbnailUrl":"http:\/\/livestreamsfc.com\/wp-content\/uploads\/2023\/11\/Radio-Estrella-Chimbote-98.1-FM.jpeg","datePublished":"2023-11-11T14:38:10+00:00","description":"Radio Estrella Chimbote en vivo por internet gratis Peru! \u2794 \u2713Direct live Radio \u2713100% gratis \u2713100% legal \u2713Escuchar 98.1FM","breadcrumb":{"@id":"https:\/\/livestreamsfc.com\/es\/radio\/radio-estrella-chimbote\/#breadcrumb"},"inLanguage":"es-ES","potentialAction":[{"@type":"ReadAction","target":["https:\/\/livestreamsfc.com\/es\/radio\/radio-estrella-chimbote\/"]}]},{"@type":"ImageObject","inLanguage":"es-ES","@id":"https:\/\/livestreamsfc.com\/es\/radio\/radio-estrella-chimbote\/#primaryimage","url":"http:\/\/livestreamsfc.com\/wp-content\/uploads\/2023\/11\/Radio-Estrella-Chimbote-98.1-FM.jpeg","contentUrl":"http:\/\/livestreamsfc.com\/wp-content\/uploads\/2023\/11\/Radio-Estrella-Chimbote-98.1-FM.jpeg"},{"@type":"BreadcrumbList","@id":"https:\/\/livestreamsfc.com\/es\/radio\/radio-estrella-chimbote\/#breadcrumb","itemListElement":[{"@type":"ListItem","position":1,"name":"Home","item":"https:\/\/livestreamsfc.com\/es\/"},{"@type":"ListItem","position":2,"name":"Radio online gratis","item":"https:\/\/livestreamsfc.com\/es\/radio\/"},{"@type":"ListItem","position":3,"name":"Radio Estrella Chimbote"}]},{"@type":"WebSite","@id":"https:\/\/livestreamsfc.com\/es\/#website","url":"https:\/\/livestreamsfc.com\/es\/","name":"LIVESTREAMFC.COM","description":"","potentialAction":[{"@type":"SearchAction","target":{"@type":"EntryPoint","urlTemplate":"https:\/\/livestreamsfc.com\/es\/?s={search_term_string}"},"query-input":{"@type":"PropertyValueSpecification","valueRequired":true,"valueName":"search_term_string"}}],"inLanguage":"es-ES"}]}},"_links":{"self":[{"href":"https:\/\/livestreamsfc.com\/es\/wp-json\/wp\/v2\/pages\/1583","targetHints":{"allow":["GET"]}}],"collection":[{"href":"https:\/\/livestreamsfc.com\/es\/wp-json\/wp\/v2\/pages"}],"about":[{"href":"https:\/\/livestreamsfc.com\/es\/wp-json\/wp\/v2\/types\/page"}],"author":[{"embeddable":true,"href":"https:\/\/livestreamsfc.com\/es\/wp-json\/wp\/v2\/users\/1"}],"replies":[{"embeddable":true,"href":"https:\/\/livestreamsfc.com\/es\/wp-json\/wp\/v2\/comments?post=1583"}],"version-history":[{"count":3,"href":"https:\/\/livestreamsfc.com\/es\/wp-json\/wp\/v2\/pages\/1583\/revisions"}],"predecessor-version":[{"id":1591,"href":"https:\/\/livestreamsfc.com\/es\/wp-json\/wp\/v2\/pages\/1583\/revisions\/1591"}],"up":[{"embeddable":true,"href":"https:\/\/livestreamsfc.com\/es\/wp-json\/wp\/v2\/pages\/1342"}],"wp:attachment":[{"href":"https:\/\/livestreamsfc.com\/es\/wp-json\/wp\/v2\/media?parent=1583"}],"curies":[{"name":"wp","href":"https:\/\/api.w.org\/{rel}","templated":true}]}}