{"id":1592,"date":"2023-11-10T14:59:35","date_gmt":"2023-11-10T14:59:35","guid":{"rendered":"https:\/\/livestreamsfc.com\/?page_id=1592"},"modified":"2023-11-10T14:59:37","modified_gmt":"2023-11-10T14:59:37","slug":"radio-el-eden","status":"publish","type":"page","link":"https:\/\/livestreamsfc.com\/es\/radio\/radio-el-eden\/","title":{"rendered":"Radio El Eden"},"content":{"rendered":"\n<p><a href=\"https:\/\/livestreamsfc.com\/es\/radio\/\">Radio<\/a> El Eden es una emisora de radio mexicana que se distingue por su programaci\u00f3n cristiana. Esta estaci\u00f3n de radio se ubica en el coraz\u00f3n de M\u00e9xico y se dedica a transmitir la palabra de Dios a trav\u00e9s de su programaci\u00f3n. Radio El Eden ofrece una variedad de programas religiosos, incluyendo sermones, m\u00fasica cristiana, programas de estudio b\u00edblico y momentos de oraci\u00f3n. Adem\u00e1s, tambi\u00e9n proporciona noticias y actualizaciones de la comunidad local y global. Radio El Eden es reconocida por su compromiso con la difusi\u00f3n de los valores cristianos y su dedicaci\u00f3n a servir a la comunidad. Es la opci\u00f3n perfecta para aquellos que buscan una programaci\u00f3n religiosa de alta calidad y un sentido de comunidad.<\/p>\n\n\n<div class=\"wp-block-image\">\n<figure class=\"aligncenter size-full\"><img loading=\"lazy\" decoding=\"async\" width=\"138\" height=\"138\" src=\"http:\/\/livestreamsfc.com\/wp-content\/uploads\/2023\/11\/radio-el-eden-en-vivo.png\" alt=\"\" class=\"wp-image-1594\"\/><\/figure>\n<\/div>\n\n\n<iframe loading=\"lazy\" allowtransparency=\"true\" frameborder=\"0\" height=\"100\" marginheight=\"0\" marginwidth=\"0\" scrolling=\"No\" src=\"https:\/\/radiosperu.pe\/cajamarca\/eden.php\" style=\"background: transparent;\" width=\"100%\" wmode=\"transparent\"> <\/iframe>\n\n<table>\n  <tr>\n    <th>Nombre de la Emisora<\/th>\n    <td>Radio El Eden<\/td>\n  <\/tr>\n  <tr>\n    <th>G\u00e9nero de M\u00fasica<\/th>\n    <td>M\u00fasica Variada<\/td>\n  <\/tr>\n  <tr>\n    <th>A\u00f1o de Inicio<\/th>\n    <td>1998<\/td>\n  <\/tr>\n  <tr>\n    <th>Frecuencia de Emisi\u00f3n<\/th>\n    <td>96.3 FM<\/td>\n  <\/tr>\n  <tr>\n    <th>Estimado de Audiencia Diaria<\/th>\n    <td>Desconocido<\/td>\n  <\/tr>\n<tr>\n    <th>Naci\u00f3n<\/th>\n    <td>Peru<\/td>\n  <\/tr>\n<\/table>\n","protected":false},"excerpt":{"rendered":"<p>Radio El Eden es una emisora de radio mexicana que se distingue por su programaci\u00f3n cristiana. Esta estaci\u00f3n de radio se ubica en el coraz\u00f3n de M\u00e9xico y se dedica a transmitir la palabra de Dios a trav\u00e9s de su programaci\u00f3n. Radio El Eden ofrece una variedad de programas religiosos, incluyendo sermones, m\u00fasica cristiana, programas [&hellip;]<\/p>\n","protected":false},"author":1,"featured_media":0,"parent":1342,"menu_order":0,"comment_status":"closed","ping_status":"closed","template":"","meta":{"footnotes":""},"class_list":["post-1592","page","type-page","status-publish"],"yoast_head":"<!-- This site is optimized with the Yoast SEO plugin v25.5 - https:\/\/yoast.com\/wordpress\/plugins\/seo\/ -->\n<title>Radio El Eden en vivo por internet gratis: escuchar 96.3FM<\/title>\n<meta name=\"description\" content=\"Radio El Eden en vivo por internet gratis Peru! \u2794 \u2713Direct live Radio \u2713100% gratis \u2713100% legal \u2713Escuchar 96.3FM\" \/>\n<meta name=\"robots\" content=\"index, follow, max-snippet:-1, max-image-preview:large, max-video-preview:-1\" \/>\n<link rel=\"canonical\" href=\"https:\/\/livestreamsfc.com\/es\/radio\/radio-el-eden\/\" \/>\n<meta property=\"og:locale\" content=\"es_ES\" \/>\n<meta property=\"og:type\" content=\"article\" \/>\n<meta property=\"og:title\" content=\"Radio El Eden en vivo por internet gratis: escuchar 96.3FM\" \/>\n<meta property=\"og:description\" content=\"Radio El Eden en vivo por internet gratis Peru! \u2794 \u2713Direct live Radio \u2713100% gratis \u2713100% legal \u2713Escuchar 96.3FM\" \/>\n<meta property=\"og:url\" content=\"https:\/\/livestreamsfc.com\/es\/radio\/radio-el-eden\/\" \/>\n<meta property=\"og:site_name\" content=\"LIVESTREAMFC.COM\" \/>\n<meta property=\"article:modified_time\" content=\"2023-11-10T14:59:37+00:00\" \/>\n<meta property=\"og:image\" content=\"http:\/\/livestreamsfc.com\/wp-content\/uploads\/2023\/11\/radio-el-eden-en-vivo.png\" \/>\n<meta name=\"twitter:card\" content=\"summary_large_image\" \/>\n<meta name=\"twitter:label1\" content=\"Est. reading time\" \/>\n\t<meta name=\"twitter:data1\" content=\"1 minute\" \/>\n<script type=\"application\/ld+json\" class=\"yoast-schema-graph\">{\"@context\":\"https:\/\/schema.org\",\"@graph\":[{\"@type\":\"WebPage\",\"@id\":\"https:\/\/livestreamsfc.com\/es\/radio\/radio-el-eden\/\",\"url\":\"https:\/\/livestreamsfc.com\/es\/radio\/radio-el-eden\/\",\"name\":\"Radio El Eden en vivo por internet gratis: escuchar 96.3FM\",\"isPartOf\":{\"@id\":\"https:\/\/livestreamsfc.com\/es\/#website\"},\"primaryImageOfPage\":{\"@id\":\"https:\/\/livestreamsfc.com\/es\/radio\/radio-el-eden\/#primaryimage\"},\"image\":{\"@id\":\"https:\/\/livestreamsfc.com\/es\/radio\/radio-el-eden\/#primaryimage\"},\"thumbnailUrl\":\"http:\/\/livestreamsfc.com\/wp-content\/uploads\/2023\/11\/radio-el-eden-en-vivo.png\",\"datePublished\":\"2023-11-10T14:59:35+00:00\",\"dateModified\":\"2023-11-10T14:59:37+00:00\",\"description\":\"Radio El Eden en vivo por internet gratis Peru! \u2794 \u2713Direct live Radio \u2713100% gratis \u2713100% legal \u2713Escuchar 96.3FM\",\"breadcrumb\":{\"@id\":\"https:\/\/livestreamsfc.com\/es\/radio\/radio-el-eden\/#breadcrumb\"},\"inLanguage\":\"es-ES\",\"potentialAction\":[{\"@type\":\"ReadAction\",\"target\":[\"https:\/\/livestreamsfc.com\/es\/radio\/radio-el-eden\/\"]}]},{\"@type\":\"ImageObject\",\"inLanguage\":\"es-ES\",\"@id\":\"https:\/\/livestreamsfc.com\/es\/radio\/radio-el-eden\/#primaryimage\",\"url\":\"http:\/\/livestreamsfc.com\/wp-content\/uploads\/2023\/11\/radio-el-eden-en-vivo.png\",\"contentUrl\":\"http:\/\/livestreamsfc.com\/wp-content\/uploads\/2023\/11\/radio-el-eden-en-vivo.png\"},{\"@type\":\"BreadcrumbList\",\"@id\":\"https:\/\/livestreamsfc.com\/es\/radio\/radio-el-eden\/#breadcrumb\",\"itemListElement\":[{\"@type\":\"ListItem\",\"position\":1,\"name\":\"Home\",\"item\":\"https:\/\/livestreamsfc.com\/es\/\"},{\"@type\":\"ListItem\",\"position\":2,\"name\":\"Radio online gratis\",\"item\":\"https:\/\/livestreamsfc.com\/es\/radio\/\"},{\"@type\":\"ListItem\",\"position\":3,\"name\":\"Radio El Eden\"}]},{\"@type\":\"WebSite\",\"@id\":\"https:\/\/livestreamsfc.com\/es\/#website\",\"url\":\"https:\/\/livestreamsfc.com\/es\/\",\"name\":\"LIVESTREAMFC.COM\",\"description\":\"\",\"potentialAction\":[{\"@type\":\"SearchAction\",\"target\":{\"@type\":\"EntryPoint\",\"urlTemplate\":\"https:\/\/livestreamsfc.com\/es\/?s={search_term_string}\"},\"query-input\":{\"@type\":\"PropertyValueSpecification\",\"valueRequired\":true,\"valueName\":\"search_term_string\"}}],\"inLanguage\":\"es-ES\"}]}<\/script>\n<!-- \/ Yoast SEO plugin. -->","yoast_head_json":{"title":"Radio El Eden en vivo por internet gratis: escuchar 96.3FM","description":"Radio El Eden en vivo por internet gratis Peru! \u2794 \u2713Direct live Radio \u2713100% gratis \u2713100% legal \u2713Escuchar 96.3FM","robots":{"index":"index","follow":"follow","max-snippet":"max-snippet:-1","max-image-preview":"max-image-preview:large","max-video-preview":"max-video-preview:-1"},"canonical":"https:\/\/livestreamsfc.com\/es\/radio\/radio-el-eden\/","og_locale":"es_ES","og_type":"article","og_title":"Radio El Eden en vivo por internet gratis: escuchar 96.3FM","og_description":"Radio El Eden en vivo por internet gratis Peru! \u2794 \u2713Direct live Radio \u2713100% gratis \u2713100% legal \u2713Escuchar 96.3FM","og_url":"https:\/\/livestreamsfc.com\/es\/radio\/radio-el-eden\/","og_site_name":"LIVESTREAMFC.COM","article_modified_time":"2023-11-10T14:59:37+00:00","og_image":[{"url":"http:\/\/livestreamsfc.com\/wp-content\/uploads\/2023\/11\/radio-el-eden-en-vivo.png","type":"","width":"","height":""}],"twitter_card":"summary_large_image","twitter_misc":{"Est. reading time":"1 minute"},"schema":{"@context":"https:\/\/schema.org","@graph":[{"@type":"WebPage","@id":"https:\/\/livestreamsfc.com\/es\/radio\/radio-el-eden\/","url":"https:\/\/livestreamsfc.com\/es\/radio\/radio-el-eden\/","name":"Radio El Eden en vivo por internet gratis: escuchar 96.3FM","isPartOf":{"@id":"https:\/\/livestreamsfc.com\/es\/#website"},"primaryImageOfPage":{"@id":"https:\/\/livestreamsfc.com\/es\/radio\/radio-el-eden\/#primaryimage"},"image":{"@id":"https:\/\/livestreamsfc.com\/es\/radio\/radio-el-eden\/#primaryimage"},"thumbnailUrl":"http:\/\/livestreamsfc.com\/wp-content\/uploads\/2023\/11\/radio-el-eden-en-vivo.png","datePublished":"2023-11-10T14:59:35+00:00","dateModified":"2023-11-10T14:59:37+00:00","description":"Radio El Eden en vivo por internet gratis Peru! \u2794 \u2713Direct live Radio \u2713100% gratis \u2713100% legal \u2713Escuchar 96.3FM","breadcrumb":{"@id":"https:\/\/livestreamsfc.com\/es\/radio\/radio-el-eden\/#breadcrumb"},"inLanguage":"es-ES","potentialAction":[{"@type":"ReadAction","target":["https:\/\/livestreamsfc.com\/es\/radio\/radio-el-eden\/"]}]},{"@type":"ImageObject","inLanguage":"es-ES","@id":"https:\/\/livestreamsfc.com\/es\/radio\/radio-el-eden\/#primaryimage","url":"http:\/\/livestreamsfc.com\/wp-content\/uploads\/2023\/11\/radio-el-eden-en-vivo.png","contentUrl":"http:\/\/livestreamsfc.com\/wp-content\/uploads\/2023\/11\/radio-el-eden-en-vivo.png"},{"@type":"BreadcrumbList","@id":"https:\/\/livestreamsfc.com\/es\/radio\/radio-el-eden\/#breadcrumb","itemListElement":[{"@type":"ListItem","position":1,"name":"Home","item":"https:\/\/livestreamsfc.com\/es\/"},{"@type":"ListItem","position":2,"name":"Radio online gratis","item":"https:\/\/livestreamsfc.com\/es\/radio\/"},{"@type":"ListItem","position":3,"name":"Radio El Eden"}]},{"@type":"WebSite","@id":"https:\/\/livestreamsfc.com\/es\/#website","url":"https:\/\/livestreamsfc.com\/es\/","name":"LIVESTREAMFC.COM","description":"","potentialAction":[{"@type":"SearchAction","target":{"@type":"EntryPoint","urlTemplate":"https:\/\/livestreamsfc.com\/es\/?s={search_term_string}"},"query-input":{"@type":"PropertyValueSpecification","valueRequired":true,"valueName":"search_term_string"}}],"inLanguage":"es-ES"}]}},"_links":{"self":[{"href":"https:\/\/livestreamsfc.com\/es\/wp-json\/wp\/v2\/pages\/1592","targetHints":{"allow":["GET"]}}],"collection":[{"href":"https:\/\/livestreamsfc.com\/es\/wp-json\/wp\/v2\/pages"}],"about":[{"href":"https:\/\/livestreamsfc.com\/es\/wp-json\/wp\/v2\/types\/page"}],"author":[{"embeddable":true,"href":"https:\/\/livestreamsfc.com\/es\/wp-json\/wp\/v2\/users\/1"}],"replies":[{"embeddable":true,"href":"https:\/\/livestreamsfc.com\/es\/wp-json\/wp\/v2\/comments?post=1592"}],"version-history":[{"count":1,"href":"https:\/\/livestreamsfc.com\/es\/wp-json\/wp\/v2\/pages\/1592\/revisions"}],"predecessor-version":[{"id":1599,"href":"https:\/\/livestreamsfc.com\/es\/wp-json\/wp\/v2\/pages\/1592\/revisions\/1599"}],"up":[{"embeddable":true,"href":"https:\/\/livestreamsfc.com\/es\/wp-json\/wp\/v2\/pages\/1342"}],"wp:attachment":[{"href":"https:\/\/livestreamsfc.com\/es\/wp-json\/wp\/v2\/media?parent=1592"}],"curies":[{"name":"wp","href":"https:\/\/api.w.org\/{rel}","templated":true}]}}