{"id":1607,"date":"2023-11-10T15:24:42","date_gmt":"2023-11-10T15:24:42","guid":{"rendered":"https:\/\/livestreamsfc.com\/?page_id=1607"},"modified":"2023-11-10T15:26:15","modified_gmt":"2023-11-10T15:26:15","slug":"radio-paz","status":"publish","type":"page","link":"https:\/\/livestreamsfc.com\/es\/radio\/radio-paz\/","title":{"rendered":"Radio Paz"},"content":{"rendered":"\n<p><a href=\"https:\/\/livestreamsfc.com\/es\/radio\/\">Radio<\/a> Paz es una emisora de radio espa\u00f1ola que se distingue por su programaci\u00f3n cat\u00f3lica. Esta estaci\u00f3n de radio se ubica en el coraz\u00f3n de Espa\u00f1a y se dedica a transmitir la palabra de Dios a trav\u00e9s de su programaci\u00f3n. Radio Paz ofrece una variedad de programas religiosos, incluyendo homil\u00edas, m\u00fasica sacra, programas de estudio b\u00edblico y programas de oraci\u00f3n. Adem\u00e1s, tambi\u00e9n proporciona noticias y actualizaciones de la comunidad local y global. Radio Paz es reconocida por su compromiso con la difusi\u00f3n de los valores cat\u00f3licos y su dedicaci\u00f3n a servir a la comunidad. Es la elecci\u00f3n perfecta para aquellos que buscan una programaci\u00f3n religiosa de calidad y un sentido de comunidad.<\/p>\n\n\n<div class=\"wp-block-image\">\n<figure class=\"aligncenter size-full\"><img loading=\"lazy\" decoding=\"async\" width=\"225\" height=\"225\" src=\"http:\/\/livestreamsfc.com\/wp-content\/uploads\/2023\/11\/radio-pax-1120am.jpeg\" alt=\"radio pax 1120am en vivo\" class=\"wp-image-1608\" srcset=\"https:\/\/livestreamsfc.com\/wp-content\/uploads\/2023\/11\/radio-pax-1120am.jpeg 225w, https:\/\/livestreamsfc.com\/wp-content\/uploads\/2023\/11\/radio-pax-1120am-150x150.jpeg 150w\" sizes=\"auto, (max-width: 225px) 100vw, 225px\" \/><\/figure>\n<\/div>\n\n\n<iframe loading=\"lazy\" allowtransparency=\"true\" frameborder=\"0\" height=\"90\" marginheight=\"0\" marginwidth=\"0\" scrolling=\"No\" src=\"https:\/\/radiosperu.pe\/cajamarca\/pazchota.php\" style=\"background: transparent;\" width=\"100%\" wmode=\"transparent\"> <\/iframe>\n<table>\n  <tr>\n    <th>Nombre de la Emisora<\/th>\n    <td>Radio Paz<\/td>\n  <\/tr>\n  <tr>\n    <th>G\u00e9nero de M\u00fasica<\/th>\n    <td>M\u00fasica Religiosa<\/td>\n  <\/tr>\n  <tr>\n    <th>A\u00f1o de Inicio<\/th>\n    <td>1991<\/td>\n  <\/tr>\n  <tr>\n    <th>Frecuencia de Emisi\u00f3n<\/th>\n    <td>1120AM<\/td>\n  <\/tr>\n  <tr>\n    <th>Estimado de Audiencia Diaria<\/th>\n    <td>15,000<\/td>\n  <\/tr>\n<tr>\n    <th>Naci\u00f3n<\/th>\n    <td>Peru<\/td>\n  <\/tr>\n<\/table>\n\n\n\n<p><\/p>\n","protected":false},"excerpt":{"rendered":"<p>Radio Paz es una emisora de radio espa\u00f1ola que se distingue por su programaci\u00f3n cat\u00f3lica. Esta estaci\u00f3n de radio se ubica en el coraz\u00f3n de Espa\u00f1a y se dedica a transmitir la palabra de Dios a trav\u00e9s de su programaci\u00f3n. Radio Paz ofrece una variedad de programas religiosos, incluyendo homil\u00edas, m\u00fasica sacra, programas de estudio [&hellip;]<\/p>\n","protected":false},"author":1,"featured_media":0,"parent":1342,"menu_order":0,"comment_status":"closed","ping_status":"closed","template":"","meta":{"footnotes":""},"class_list":["post-1607","page","type-page","status-publish"],"yoast_head":"<!-- This site is optimized with the Yoast SEO plugin v25.5 - https:\/\/yoast.com\/wordpress\/plugins\/seo\/ -->\n<title>Radio Paz Peru en vivo por internet gratis: escuchar 1120AM<\/title>\n<meta name=\"description\" content=\"Radio Paz en vivo por internet gratis GOSPEL &amp; RELIGI\u00d3N! \u2794 \u2713Direct live Radio \u2713100% gratis \u2713100% legal \u2713Escuchar 1120AM\" \/>\n<meta name=\"robots\" content=\"index, follow, max-snippet:-1, max-image-preview:large, max-video-preview:-1\" \/>\n<link rel=\"canonical\" href=\"https:\/\/livestreamsfc.com\/es\/radio\/radio-paz\/\" \/>\n<meta property=\"og:locale\" content=\"es_ES\" \/>\n<meta property=\"og:type\" content=\"article\" \/>\n<meta property=\"og:title\" content=\"Radio Paz Peru en vivo por internet gratis: escuchar 1120AM\" \/>\n<meta property=\"og:description\" content=\"Radio Paz en vivo por internet gratis GOSPEL &amp; RELIGI\u00d3N! \u2794 \u2713Direct live Radio \u2713100% gratis \u2713100% legal \u2713Escuchar 1120AM\" \/>\n<meta property=\"og:url\" content=\"https:\/\/livestreamsfc.com\/es\/radio\/radio-paz\/\" \/>\n<meta property=\"og:site_name\" content=\"LIVESTREAMFC.COM\" \/>\n<meta property=\"article:modified_time\" content=\"2023-11-10T15:26:15+00:00\" \/>\n<meta property=\"og:image\" content=\"http:\/\/livestreamsfc.com\/wp-content\/uploads\/2023\/11\/radio-pax-1120am.jpeg\" \/>\n<meta name=\"twitter:card\" content=\"summary_large_image\" \/>\n<meta name=\"twitter:label1\" content=\"Est. reading time\" \/>\n\t<meta name=\"twitter:data1\" content=\"1 minute\" \/>\n<script type=\"application\/ld+json\" class=\"yoast-schema-graph\">{\"@context\":\"https:\/\/schema.org\",\"@graph\":[{\"@type\":\"WebPage\",\"@id\":\"https:\/\/livestreamsfc.com\/es\/radio\/radio-paz\/\",\"url\":\"https:\/\/livestreamsfc.com\/es\/radio\/radio-paz\/\",\"name\":\"Radio Paz Peru en vivo por internet gratis: escuchar 1120AM\",\"isPartOf\":{\"@id\":\"https:\/\/livestreamsfc.com\/es\/#website\"},\"primaryImageOfPage\":{\"@id\":\"https:\/\/livestreamsfc.com\/es\/radio\/radio-paz\/#primaryimage\"},\"image\":{\"@id\":\"https:\/\/livestreamsfc.com\/es\/radio\/radio-paz\/#primaryimage\"},\"thumbnailUrl\":\"http:\/\/livestreamsfc.com\/wp-content\/uploads\/2023\/11\/radio-pax-1120am.jpeg\",\"datePublished\":\"2023-11-10T15:24:42+00:00\",\"dateModified\":\"2023-11-10T15:26:15+00:00\",\"description\":\"Radio Paz en vivo por internet gratis GOSPEL & RELIGI\u00d3N! \u2794 \u2713Direct live Radio \u2713100% gratis \u2713100% legal \u2713Escuchar 1120AM\",\"breadcrumb\":{\"@id\":\"https:\/\/livestreamsfc.com\/es\/radio\/radio-paz\/#breadcrumb\"},\"inLanguage\":\"es-ES\",\"potentialAction\":[{\"@type\":\"ReadAction\",\"target\":[\"https:\/\/livestreamsfc.com\/es\/radio\/radio-paz\/\"]}]},{\"@type\":\"ImageObject\",\"inLanguage\":\"es-ES\",\"@id\":\"https:\/\/livestreamsfc.com\/es\/radio\/radio-paz\/#primaryimage\",\"url\":\"http:\/\/livestreamsfc.com\/wp-content\/uploads\/2023\/11\/radio-pax-1120am.jpeg\",\"contentUrl\":\"http:\/\/livestreamsfc.com\/wp-content\/uploads\/2023\/11\/radio-pax-1120am.jpeg\"},{\"@type\":\"BreadcrumbList\",\"@id\":\"https:\/\/livestreamsfc.com\/es\/radio\/radio-paz\/#breadcrumb\",\"itemListElement\":[{\"@type\":\"ListItem\",\"position\":1,\"name\":\"Home\",\"item\":\"https:\/\/livestreamsfc.com\/es\/\"},{\"@type\":\"ListItem\",\"position\":2,\"name\":\"Radio online gratis\",\"item\":\"https:\/\/livestreamsfc.com\/es\/radio\/\"},{\"@type\":\"ListItem\",\"position\":3,\"name\":\"Radio Paz\"}]},{\"@type\":\"WebSite\",\"@id\":\"https:\/\/livestreamsfc.com\/es\/#website\",\"url\":\"https:\/\/livestreamsfc.com\/es\/\",\"name\":\"LIVESTREAMFC.COM\",\"description\":\"\",\"potentialAction\":[{\"@type\":\"SearchAction\",\"target\":{\"@type\":\"EntryPoint\",\"urlTemplate\":\"https:\/\/livestreamsfc.com\/es\/?s={search_term_string}\"},\"query-input\":{\"@type\":\"PropertyValueSpecification\",\"valueRequired\":true,\"valueName\":\"search_term_string\"}}],\"inLanguage\":\"es-ES\"}]}<\/script>\n<!-- \/ Yoast SEO plugin. -->","yoast_head_json":{"title":"Radio Paz Peru en vivo por internet gratis: escuchar 1120AM","description":"Radio Paz en vivo por internet gratis GOSPEL & RELIGI\u00d3N! \u2794 \u2713Direct live Radio \u2713100% gratis \u2713100% legal \u2713Escuchar 1120AM","robots":{"index":"index","follow":"follow","max-snippet":"max-snippet:-1","max-image-preview":"max-image-preview:large","max-video-preview":"max-video-preview:-1"},"canonical":"https:\/\/livestreamsfc.com\/es\/radio\/radio-paz\/","og_locale":"es_ES","og_type":"article","og_title":"Radio Paz Peru en vivo por internet gratis: escuchar 1120AM","og_description":"Radio Paz en vivo por internet gratis GOSPEL & RELIGI\u00d3N! \u2794 \u2713Direct live Radio \u2713100% gratis \u2713100% legal \u2713Escuchar 1120AM","og_url":"https:\/\/livestreamsfc.com\/es\/radio\/radio-paz\/","og_site_name":"LIVESTREAMFC.COM","article_modified_time":"2023-11-10T15:26:15+00:00","og_image":[{"url":"http:\/\/livestreamsfc.com\/wp-content\/uploads\/2023\/11\/radio-pax-1120am.jpeg","type":"","width":"","height":""}],"twitter_card":"summary_large_image","twitter_misc":{"Est. reading time":"1 minute"},"schema":{"@context":"https:\/\/schema.org","@graph":[{"@type":"WebPage","@id":"https:\/\/livestreamsfc.com\/es\/radio\/radio-paz\/","url":"https:\/\/livestreamsfc.com\/es\/radio\/radio-paz\/","name":"Radio Paz Peru en vivo por internet gratis: escuchar 1120AM","isPartOf":{"@id":"https:\/\/livestreamsfc.com\/es\/#website"},"primaryImageOfPage":{"@id":"https:\/\/livestreamsfc.com\/es\/radio\/radio-paz\/#primaryimage"},"image":{"@id":"https:\/\/livestreamsfc.com\/es\/radio\/radio-paz\/#primaryimage"},"thumbnailUrl":"http:\/\/livestreamsfc.com\/wp-content\/uploads\/2023\/11\/radio-pax-1120am.jpeg","datePublished":"2023-11-10T15:24:42+00:00","dateModified":"2023-11-10T15:26:15+00:00","description":"Radio Paz en vivo por internet gratis GOSPEL & RELIGI\u00d3N! \u2794 \u2713Direct live Radio \u2713100% gratis \u2713100% legal \u2713Escuchar 1120AM","breadcrumb":{"@id":"https:\/\/livestreamsfc.com\/es\/radio\/radio-paz\/#breadcrumb"},"inLanguage":"es-ES","potentialAction":[{"@type":"ReadAction","target":["https:\/\/livestreamsfc.com\/es\/radio\/radio-paz\/"]}]},{"@type":"ImageObject","inLanguage":"es-ES","@id":"https:\/\/livestreamsfc.com\/es\/radio\/radio-paz\/#primaryimage","url":"http:\/\/livestreamsfc.com\/wp-content\/uploads\/2023\/11\/radio-pax-1120am.jpeg","contentUrl":"http:\/\/livestreamsfc.com\/wp-content\/uploads\/2023\/11\/radio-pax-1120am.jpeg"},{"@type":"BreadcrumbList","@id":"https:\/\/livestreamsfc.com\/es\/radio\/radio-paz\/#breadcrumb","itemListElement":[{"@type":"ListItem","position":1,"name":"Home","item":"https:\/\/livestreamsfc.com\/es\/"},{"@type":"ListItem","position":2,"name":"Radio online gratis","item":"https:\/\/livestreamsfc.com\/es\/radio\/"},{"@type":"ListItem","position":3,"name":"Radio Paz"}]},{"@type":"WebSite","@id":"https:\/\/livestreamsfc.com\/es\/#website","url":"https:\/\/livestreamsfc.com\/es\/","name":"LIVESTREAMFC.COM","description":"","potentialAction":[{"@type":"SearchAction","target":{"@type":"EntryPoint","urlTemplate":"https:\/\/livestreamsfc.com\/es\/?s={search_term_string}"},"query-input":{"@type":"PropertyValueSpecification","valueRequired":true,"valueName":"search_term_string"}}],"inLanguage":"es-ES"}]}},"_links":{"self":[{"href":"https:\/\/livestreamsfc.com\/es\/wp-json\/wp\/v2\/pages\/1607","targetHints":{"allow":["GET"]}}],"collection":[{"href":"https:\/\/livestreamsfc.com\/es\/wp-json\/wp\/v2\/pages"}],"about":[{"href":"https:\/\/livestreamsfc.com\/es\/wp-json\/wp\/v2\/types\/page"}],"author":[{"embeddable":true,"href":"https:\/\/livestreamsfc.com\/es\/wp-json\/wp\/v2\/users\/1"}],"replies":[{"embeddable":true,"href":"https:\/\/livestreamsfc.com\/es\/wp-json\/wp\/v2\/comments?post=1607"}],"version-history":[{"count":2,"href":"https:\/\/livestreamsfc.com\/es\/wp-json\/wp\/v2\/pages\/1607\/revisions"}],"predecessor-version":[{"id":1615,"href":"https:\/\/livestreamsfc.com\/es\/wp-json\/wp\/v2\/pages\/1607\/revisions\/1615"}],"up":[{"embeddable":true,"href":"https:\/\/livestreamsfc.com\/es\/wp-json\/wp\/v2\/pages\/1342"}],"wp:attachment":[{"href":"https:\/\/livestreamsfc.com\/es\/wp-json\/wp\/v2\/media?parent=1607"}],"curies":[{"name":"wp","href":"https:\/\/api.w.org\/{rel}","templated":true}]}}