{"id":1642,"date":"2023-11-11T20:48:37","date_gmt":"2023-11-11T20:48:37","guid":{"rendered":"https:\/\/livestreamsfc.com\/?page_id=1642"},"modified":"2023-11-11T20:48:39","modified_gmt":"2023-11-11T20:48:39","slug":"radio-arizsanta-fm-stereo","status":"publish","type":"page","link":"https:\/\/livestreamsfc.com\/es\/radio\/radio-arizsanta-fm-stereo\/","title":{"rendered":"Radio Arizsanta FM Stereo"},"content":{"rendered":"\n<p>Radio Arizsanta FM Stereo es una emisora de radio que se distingue por su programaci\u00f3n variada y de alta calidad. Esta estaci\u00f3n de radio se ubica en el coraz\u00f3n de Espa\u00f1a y se dedica a transmitir una amplia gama de contenidos para satisfacer a todos los gustos. Radio Arizsanta ofrece una diversidad de programas, incluyendo m\u00fasica de diversos g\u00e9neros, programas de noticias, programas de entretenimiento y programas de deportes. Adem\u00e1s, tambi\u00e9n proporciona actualizaciones y noticias de la comunidad local y global. Radio Arizsanta es reconocida por su compromiso con la difusi\u00f3n de contenidos de alta calidad y su dedicaci\u00f3n a servir a la comunidad. Es la elecci\u00f3n perfecta para aquellos que buscan una programaci\u00f3n diversa y un sentido de comunidad.<\/p>\n\n\n<div class=\"wp-block-image\">\n<figure class=\"aligncenter size-full\"><img loading=\"lazy\" decoding=\"async\" width=\"300\" height=\"300\" src=\"https:\/\/livestreamsfc.com\/wp-content\/uploads\/2023\/11\/Radio-Arizsanta-FM-Stereo.webp\" alt=\"Radio Arizsanta FM Stereo\" class=\"wp-image-1643\" srcset=\"https:\/\/livestreamsfc.com\/wp-content\/uploads\/2023\/11\/Radio-Arizsanta-FM-Stereo.webp 300w, https:\/\/livestreamsfc.com\/wp-content\/uploads\/2023\/11\/Radio-Arizsanta-FM-Stereo-150x150.webp 150w\" sizes=\"auto, (max-width: 300px) 100vw, 300px\" \/><\/figure>\n<\/div>\n\n\n<iframe loading=\"lazy\" allowtransparency=\"true\" frameborder=\"0\" height=\"90\" marginheight=\"0\" marginwidth=\"0\" scrolling=\"No\" src=\"https:\/\/radiosfm.pe\/co\/arizsanta.html\" style=\"background: transparent;\" width=\"100\" wmode=\"transparent\"> <\/iframe>\n\n<table>\n  <tr>\n    <th>Nombre de la Emisora<\/th>\n    <td>Arizsanta FM Stereo<\/td>\n  <\/tr>\n  <tr>\n    <th>G\u00e9nero Musical<\/th>\n    <td>M\u00fasica Variada<\/td>\n  <\/tr>\n  <tr>\n    <th>A\u00f1o de Inicio<\/th>\n    <td>2018<\/td>\n  <\/tr>\n  <tr>\n    <th>Frecuencia de Emisi\u00f3n<\/th>\n    <td>105.7 FM<\/td>\n  <\/tr>\n  <tr>\n    <th>Estimado de Audiencia Diaria<\/th>\n    <td>Desconocido<\/td>\n  <\/tr>\n<tr>\n    <th>Naci\u00f3n<\/th>\n    <td>Peru<\/td>\n  <\/tr>\n<\/table>\n","protected":false},"excerpt":{"rendered":"<p>Radio Arizsanta FM Stereo es una emisora de radio que se distingue por su programaci\u00f3n variada y de alta calidad. Esta estaci\u00f3n de radio se ubica en el coraz\u00f3n de Espa\u00f1a y se dedica a transmitir una amplia gama de contenidos para satisfacer a todos los gustos. Radio Arizsanta ofrece una diversidad de programas, incluyendo [&hellip;]<\/p>\n","protected":false},"author":1,"featured_media":0,"parent":1342,"menu_order":0,"comment_status":"closed","ping_status":"closed","template":"","meta":{"footnotes":""},"class_list":["post-1642","page","type-page","status-publish"],"yoast_head":"<!-- This site is optimized with the Yoast SEO plugin v25.5 - https:\/\/yoast.com\/wordpress\/plugins\/seo\/ -->\n<title>Radio Arizsanta FM Stereo en vivo por internet gratis: 102.9FM<\/title>\n<meta name=\"description\" content=\"Radio Arizsanta FM Stereo en vivo por internet gratis! \u2794 \u2713Direct live Radio \u2713100% gratis \u2713100% legal \u2713Escuchar 102.9FM\" \/>\n<meta name=\"robots\" content=\"index, follow, max-snippet:-1, max-image-preview:large, max-video-preview:-1\" \/>\n<link rel=\"canonical\" href=\"https:\/\/livestreamsfc.com\/es\/radio\/radio-arizsanta-fm-stereo\/\" \/>\n<meta property=\"og:locale\" content=\"es_ES\" \/>\n<meta property=\"og:type\" content=\"article\" \/>\n<meta property=\"og:title\" content=\"Radio Arizsanta FM Stereo en vivo por internet gratis: 102.9FM\" \/>\n<meta property=\"og:description\" content=\"Radio Arizsanta FM Stereo en vivo por internet gratis! \u2794 \u2713Direct live Radio \u2713100% gratis \u2713100% legal \u2713Escuchar 102.9FM\" \/>\n<meta property=\"og:url\" content=\"https:\/\/livestreamsfc.com\/es\/radio\/radio-arizsanta-fm-stereo\/\" \/>\n<meta property=\"og:site_name\" content=\"LIVESTREAMFC.COM\" \/>\n<meta property=\"article:modified_time\" content=\"2023-11-11T20:48:39+00:00\" \/>\n<meta property=\"og:image\" content=\"https:\/\/livestreamsfc.com\/wp-content\/uploads\/2023\/11\/Radio-Arizsanta-FM-Stereo.webp\" \/>\n<meta name=\"twitter:card\" content=\"summary_large_image\" \/>\n<meta name=\"twitter:label1\" content=\"Est. reading time\" \/>\n\t<meta name=\"twitter:data1\" content=\"1 minute\" \/>\n<script type=\"application\/ld+json\" class=\"yoast-schema-graph\">{\"@context\":\"https:\/\/schema.org\",\"@graph\":[{\"@type\":\"WebPage\",\"@id\":\"https:\/\/livestreamsfc.com\/es\/radio\/radio-arizsanta-fm-stereo\/\",\"url\":\"https:\/\/livestreamsfc.com\/es\/radio\/radio-arizsanta-fm-stereo\/\",\"name\":\"Radio Arizsanta FM Stereo en vivo por internet gratis: 102.9FM\",\"isPartOf\":{\"@id\":\"https:\/\/livestreamsfc.com\/es\/#website\"},\"primaryImageOfPage\":{\"@id\":\"https:\/\/livestreamsfc.com\/es\/radio\/radio-arizsanta-fm-stereo\/#primaryimage\"},\"image\":{\"@id\":\"https:\/\/livestreamsfc.com\/es\/radio\/radio-arizsanta-fm-stereo\/#primaryimage\"},\"thumbnailUrl\":\"https:\/\/livestreamsfc.com\/wp-content\/uploads\/2023\/11\/Radio-Arizsanta-FM-Stereo.webp\",\"datePublished\":\"2023-11-11T20:48:37+00:00\",\"dateModified\":\"2023-11-11T20:48:39+00:00\",\"description\":\"Radio Arizsanta FM Stereo en vivo por internet gratis! \u2794 \u2713Direct live Radio \u2713100% gratis \u2713100% legal \u2713Escuchar 102.9FM\",\"breadcrumb\":{\"@id\":\"https:\/\/livestreamsfc.com\/es\/radio\/radio-arizsanta-fm-stereo\/#breadcrumb\"},\"inLanguage\":\"es-ES\",\"potentialAction\":[{\"@type\":\"ReadAction\",\"target\":[\"https:\/\/livestreamsfc.com\/es\/radio\/radio-arizsanta-fm-stereo\/\"]}]},{\"@type\":\"ImageObject\",\"inLanguage\":\"es-ES\",\"@id\":\"https:\/\/livestreamsfc.com\/es\/radio\/radio-arizsanta-fm-stereo\/#primaryimage\",\"url\":\"https:\/\/livestreamsfc.com\/wp-content\/uploads\/2023\/11\/Radio-Arizsanta-FM-Stereo.webp\",\"contentUrl\":\"https:\/\/livestreamsfc.com\/wp-content\/uploads\/2023\/11\/Radio-Arizsanta-FM-Stereo.webp\"},{\"@type\":\"BreadcrumbList\",\"@id\":\"https:\/\/livestreamsfc.com\/es\/radio\/radio-arizsanta-fm-stereo\/#breadcrumb\",\"itemListElement\":[{\"@type\":\"ListItem\",\"position\":1,\"name\":\"Home\",\"item\":\"https:\/\/livestreamsfc.com\/es\/\"},{\"@type\":\"ListItem\",\"position\":2,\"name\":\"Radio online gratis\",\"item\":\"https:\/\/livestreamsfc.com\/es\/radio\/\"},{\"@type\":\"ListItem\",\"position\":3,\"name\":\"Radio Arizsanta FM Stereo\"}]},{\"@type\":\"WebSite\",\"@id\":\"https:\/\/livestreamsfc.com\/es\/#website\",\"url\":\"https:\/\/livestreamsfc.com\/es\/\",\"name\":\"LIVESTREAMFC.COM\",\"description\":\"\",\"potentialAction\":[{\"@type\":\"SearchAction\",\"target\":{\"@type\":\"EntryPoint\",\"urlTemplate\":\"https:\/\/livestreamsfc.com\/es\/?s={search_term_string}\"},\"query-input\":{\"@type\":\"PropertyValueSpecification\",\"valueRequired\":true,\"valueName\":\"search_term_string\"}}],\"inLanguage\":\"es-ES\"}]}<\/script>\n<!-- \/ Yoast SEO plugin. -->","yoast_head_json":{"title":"Radio Arizsanta FM Stereo en vivo por internet gratis: 102.9FM","description":"Radio Arizsanta FM Stereo en vivo por internet gratis! \u2794 \u2713Direct live Radio \u2713100% gratis \u2713100% legal \u2713Escuchar 102.9FM","robots":{"index":"index","follow":"follow","max-snippet":"max-snippet:-1","max-image-preview":"max-image-preview:large","max-video-preview":"max-video-preview:-1"},"canonical":"https:\/\/livestreamsfc.com\/es\/radio\/radio-arizsanta-fm-stereo\/","og_locale":"es_ES","og_type":"article","og_title":"Radio Arizsanta FM Stereo en vivo por internet gratis: 102.9FM","og_description":"Radio Arizsanta FM Stereo en vivo por internet gratis! \u2794 \u2713Direct live Radio \u2713100% gratis \u2713100% legal \u2713Escuchar 102.9FM","og_url":"https:\/\/livestreamsfc.com\/es\/radio\/radio-arizsanta-fm-stereo\/","og_site_name":"LIVESTREAMFC.COM","article_modified_time":"2023-11-11T20:48:39+00:00","og_image":[{"url":"https:\/\/livestreamsfc.com\/wp-content\/uploads\/2023\/11\/Radio-Arizsanta-FM-Stereo.webp","type":"","width":"","height":""}],"twitter_card":"summary_large_image","twitter_misc":{"Est. reading time":"1 minute"},"schema":{"@context":"https:\/\/schema.org","@graph":[{"@type":"WebPage","@id":"https:\/\/livestreamsfc.com\/es\/radio\/radio-arizsanta-fm-stereo\/","url":"https:\/\/livestreamsfc.com\/es\/radio\/radio-arizsanta-fm-stereo\/","name":"Radio Arizsanta FM Stereo en vivo por internet gratis: 102.9FM","isPartOf":{"@id":"https:\/\/livestreamsfc.com\/es\/#website"},"primaryImageOfPage":{"@id":"https:\/\/livestreamsfc.com\/es\/radio\/radio-arizsanta-fm-stereo\/#primaryimage"},"image":{"@id":"https:\/\/livestreamsfc.com\/es\/radio\/radio-arizsanta-fm-stereo\/#primaryimage"},"thumbnailUrl":"https:\/\/livestreamsfc.com\/wp-content\/uploads\/2023\/11\/Radio-Arizsanta-FM-Stereo.webp","datePublished":"2023-11-11T20:48:37+00:00","dateModified":"2023-11-11T20:48:39+00:00","description":"Radio Arizsanta FM Stereo en vivo por internet gratis! \u2794 \u2713Direct live Radio \u2713100% gratis \u2713100% legal \u2713Escuchar 102.9FM","breadcrumb":{"@id":"https:\/\/livestreamsfc.com\/es\/radio\/radio-arizsanta-fm-stereo\/#breadcrumb"},"inLanguage":"es-ES","potentialAction":[{"@type":"ReadAction","target":["https:\/\/livestreamsfc.com\/es\/radio\/radio-arizsanta-fm-stereo\/"]}]},{"@type":"ImageObject","inLanguage":"es-ES","@id":"https:\/\/livestreamsfc.com\/es\/radio\/radio-arizsanta-fm-stereo\/#primaryimage","url":"https:\/\/livestreamsfc.com\/wp-content\/uploads\/2023\/11\/Radio-Arizsanta-FM-Stereo.webp","contentUrl":"https:\/\/livestreamsfc.com\/wp-content\/uploads\/2023\/11\/Radio-Arizsanta-FM-Stereo.webp"},{"@type":"BreadcrumbList","@id":"https:\/\/livestreamsfc.com\/es\/radio\/radio-arizsanta-fm-stereo\/#breadcrumb","itemListElement":[{"@type":"ListItem","position":1,"name":"Home","item":"https:\/\/livestreamsfc.com\/es\/"},{"@type":"ListItem","position":2,"name":"Radio online gratis","item":"https:\/\/livestreamsfc.com\/es\/radio\/"},{"@type":"ListItem","position":3,"name":"Radio Arizsanta FM Stereo"}]},{"@type":"WebSite","@id":"https:\/\/livestreamsfc.com\/es\/#website","url":"https:\/\/livestreamsfc.com\/es\/","name":"LIVESTREAMFC.COM","description":"","potentialAction":[{"@type":"SearchAction","target":{"@type":"EntryPoint","urlTemplate":"https:\/\/livestreamsfc.com\/es\/?s={search_term_string}"},"query-input":{"@type":"PropertyValueSpecification","valueRequired":true,"valueName":"search_term_string"}}],"inLanguage":"es-ES"}]}},"_links":{"self":[{"href":"https:\/\/livestreamsfc.com\/es\/wp-json\/wp\/v2\/pages\/1642","targetHints":{"allow":["GET"]}}],"collection":[{"href":"https:\/\/livestreamsfc.com\/es\/wp-json\/wp\/v2\/pages"}],"about":[{"href":"https:\/\/livestreamsfc.com\/es\/wp-json\/wp\/v2\/types\/page"}],"author":[{"embeddable":true,"href":"https:\/\/livestreamsfc.com\/es\/wp-json\/wp\/v2\/users\/1"}],"replies":[{"embeddable":true,"href":"https:\/\/livestreamsfc.com\/es\/wp-json\/wp\/v2\/comments?post=1642"}],"version-history":[{"count":1,"href":"https:\/\/livestreamsfc.com\/es\/wp-json\/wp\/v2\/pages\/1642\/revisions"}],"predecessor-version":[{"id":1648,"href":"https:\/\/livestreamsfc.com\/es\/wp-json\/wp\/v2\/pages\/1642\/revisions\/1648"}],"up":[{"embeddable":true,"href":"https:\/\/livestreamsfc.com\/es\/wp-json\/wp\/v2\/pages\/1342"}],"wp:attachment":[{"href":"https:\/\/livestreamsfc.com\/es\/wp-json\/wp\/v2\/media?parent=1642"}],"curies":[{"name":"wp","href":"https:\/\/api.w.org\/{rel}","templated":true}]}}