{"id":443,"date":"2023-07-21T14:20:16","date_gmt":"2023-07-21T14:20:16","guid":{"rendered":"https:\/\/livestreamsfc.com\/sport-tv-en-directo-streaming-gratis-hd\/"},"modified":"2023-10-24T15:59:19","modified_gmt":"2023-10-24T15:59:19","slug":"sport","status":"publish","type":"page","link":"https:\/\/livestreamsfc.com\/es\/sport\/","title":{"rendered":"Sport TV en directo Streaming gratis HD"},"content":{"rendered":"\n<p>El deporte en directo se ha convertido en un medio esencial para que los aficionados sigan sus acontecimientos deportivos favoritos en tiempo real. Gracias a los avances tecnol\u00f3gicos y a Internet, la retransmisi\u00f3n de acontecimientos deportivos ha ganado en popularidad, ofreciendo una experiencia envolvente a los aficionados de todo el mundo.<\/p>\n\n\n<div class=\"wp-block-image\">\n<figure class=\"aligncenter size-large\"><img loading=\"lazy\" decoding=\"async\" width=\"1024\" height=\"538\" src=\"http:\/\/livestreamsfc.com\/wp-content\/uploads\/2023\/07\/sport-tv-live-streaming-en-direct-1024x538.webp\" alt=\"sport tv live streaming sport tv live streaming sport tv streaming sport tv. sport stream tv\" class=\"wp-image-398\" srcset=\"https:\/\/livestreamsfc.com\/wp-content\/uploads\/2023\/07\/sport-tv-live-streaming-en-direct-1024x538.webp 1024w, https:\/\/livestreamsfc.com\/wp-content\/uploads\/2023\/07\/sport-tv-live-streaming-en-direct-300x158.webp 300w, https:\/\/livestreamsfc.com\/wp-content\/uploads\/2023\/07\/sport-tv-live-streaming-en-direct-768x403.webp 768w, https:\/\/livestreamsfc.com\/wp-content\/uploads\/2023\/07\/sport-tv-live-streaming-en-direct-696x365.webp 696w, https:\/\/livestreamsfc.com\/wp-content\/uploads\/2023\/07\/sport-tv-live-streaming-en-direct-1068x561.webp 1068w, https:\/\/livestreamsfc.com\/wp-content\/uploads\/2023\/07\/sport-tv-live-streaming-en-direct.webp 1200w\" sizes=\"auto, (max-width: 1024px) 100vw, 1024px\" \/><\/figure>\n<\/div>\n\n\n<h2 class=\"wp-block-heading\">Ventajas del deporte en directo<\/h2>\n\n\n\n<p>El streaming deportivo ofrece muchas ventajas a los aficionados al deporte:<\/p>\n\n\n\n<h3 class=\"wp-block-heading\">1. Acceso c\u00f3modo a acontecimientos deportivos en directo<\/h3>\n\n\n\n<p>Gracias al streaming deportivo, los aficionados pueden ver sus partidos favoritos en directo desde cualquier lugar. Ya sea en un ordenador, una tableta o un tel\u00e9fono m\u00f3vil, el acceso a los deportes en directo est\u00e1 ahora al alcance de su mano.<\/p>\n\n\n\n<h3 class=\"wp-block-heading\">2. Una opci\u00f3n econ\u00f3mica<\/h3>\n\n\n\n<p>A diferencia de las caras suscripciones a la televisi\u00f3n por cable, muchas plataformas de streaming deportivo ofrecen paquetes asequibles que permiten a los aficionados seguir a sus equipos sin arruinarse.<\/p>\n\n\n\n<h3 class=\"wp-block-heading\">3. Accesibilidad global<\/h3>\n\n\n\n<p>El deporte en directo v\u00eda streaming trasciende las fronteras geogr\u00e1ficas, permitiendo a los aficionados de todo el mundo seguir a sus equipos y atletas favoritos est\u00e9n donde est\u00e9n.<\/p>\n\n\n\n<h3 class=\"wp-block-heading\">4. Mayor compromiso de los aficionados<\/h3>\n\n\n\n<p>Las plataformas de retransmisi\u00f3n deportiva permiten a los aficionados interactuar en tiempo real, compartir sus comentarios y conectar con otros seguidores del deporte, creando una experiencia m\u00e1s envolvente.<\/p>\n\n\n\n<h2 class=\"wp-block-heading\">Plataformas populares de streaming deportivo<\/h2>\n\n\n\n<p>Varias plataformas ofrecen servicios de streaming de acontecimientos deportivos. Entre los m\u00e1s populares se encuentran<\/p>\n\n\n\n<ul class=\"wp-block-list\">\n<li><strong>RMC <\/strong> Sport 100% digital (sport tv f\u00fatbol en directo): RMC Sport 100% digital es el servicio de streaming ofrecido por SFR, que te permite seguir en directo tus eventos deportivos favoritos. Podr\u00e1s ver la Champions League en directo en tu Smart TV, ordenador, tablet o smartphone a trav\u00e9s de RMC Sport 100% digital. Suscr\u00edbete a RMC Sport y aseg\u00farate de no perderte ninguno de los principales partidos de la Premier League inglesa y todos los eventos deportivos (tv live streaming sports).<\/li>\n\n\n\n<li>beIN <strong>Sports <\/strong> Connect (streaming-sport.tv): beIN Sports Connect te permite seguir los acontecimientos deportivos m\u00e1s importantes del mundo en una gran variedad de dispositivos. Desde la NBA hasta el torneo de <a href=\"https:\/\/livestreamsfc.com\/es\/sport\/tenis\/\">tenis<\/a> de Wimbledon y la Liga de Campeones de la UEFA, beIN Sports Connect ofrece una amplia programaci\u00f3n con partidos exclusivos. Tambi\u00e9n puede seguir los 5 grandes campeonatos europeos de f\u00fatbol (sport tv streaming).<\/li>\n\n\n\n<li>Prime <strong>Video <\/strong>(streamingsport tv): Prime Video es la plataforma de streaming de Amazon que te permite ver la UEFA Champions League en directo y en exclusiva, as\u00ed como los mejores partidos de la Ligue 1 Uber Eat y la Ligue 2 BKT. Tambi\u00e9n puedes seguir el campeonato de f\u00fatbol americano, la NFL, as\u00ed como las sesiones nocturnas de los diez primeros d\u00edas del Rolland-Garros en exclusiva en Prime Video (sport stream tv).<\/li>\n\n\n\n<li><strong>DAZN<\/strong>: DAZN es un servicio de streaming dedicado al boxeo. Podr\u00e1s seguir los combates en directo, documentales exclusivos, combates cl\u00e1sicos y mucho m\u00e1s. Tambi\u00e9n tienes acceso al servicio a la carta de DAZN para que puedas disfrutar de los mejores programas de boxeo siempre que quieras. DAZN tambi\u00e9n te permite seguir la UEFA Women Champions League de f\u00fatbol femenino, as\u00ed como partidos de f\u00fatbol americano y carreras de motor Extreme E (deportes de retransmisi\u00f3n en directo por televisi\u00f3n).<\/li>\n\n\n\n<li><strong>YouTube<\/strong>: YouTube, la emblem\u00e1tica plataforma de streaming, te permite seguir los mejores acontecimientos deportivos en directo y en repetici\u00f3n. Desde f\u00fatbol y balonmano hasta <a href=\"https:\/\/livestreamsfc.com\/es\/sport\/baloncesto\/\">baloncesto<\/a>, billar, gimnasia de suelo y nataci\u00f3n, YouTube ofrece una gran variedad de deportes imperdibles (streaming sport tv).<\/li>\n\n\n\n<li><strong>EuroLeagueTV<\/strong>: EuroLeague TV es la plataforma de streaming dedicada \u00edntegramente al baloncesto europeo. Podr\u00e1s seguir paso a paso a tus equipos favoritos y vivir los partidos como si estuvieras all\u00ed. Encontrar\u00e1s los mejores clubes de baloncesto de Europa y podr\u00e1s descubrir al equipo de baloncesto n\u00famero uno de Europa cada temporada (streamingsport tv).<\/li>\n\n\n\n<li><strong><a href=\"https:\/\/livestreamsfc.com\/es\/streaming-sites\/hesgoal\/\">Hesgoal<\/a><\/strong>: Hesgoal es un sitio de streaming que te permite seguir eventos deportivos en directo. En Hesgoal puedes ver varias competiciones y partidos de f\u00fatbol, baloncesto, tenis y otros deportes.<\/li>\n\n\n\n<li><strong>Rojadirecta<\/strong>: Rojadirecta es otro popular sitio de streaming donde puedes ver eventos deportivos en directo. En Rojadirecta, tendr\u00e1s acceso a una gran variedad de emocionantes deportes y partidos para seguir en tiempo real.<\/li>\n<\/ul>\n\n\n\n<p>\u00bfC\u00f3mo accedo a la retransmisi\u00f3n deportiva (sport tv live)? Para acceder al streaming, es imprescindible tener una buena conexi\u00f3n a Internet en casa. A continuaci\u00f3n, puedes suscribirte a una de las plataformas de streaming mencionadas anteriormente (streaming de tv deportiva). Una vez suscrito, puede acceder a los contenidos deportivos conect\u00e1ndose a su cuenta en la plataforma de su elecci\u00f3n a trav\u00e9s de su navegador web. Para una experiencia m\u00e1s envolvente, puede descargarse la aplicaci\u00f3n m\u00f3vil de la plataforma para seguir en directo sus acontecimientos deportivos favoritos, est\u00e9 donde est\u00e9.<\/p>\n\n\n\n<h2 class=\"wp-block-heading\">C\u00f3mo elegir el servicio de streaming deportivo adecuado<\/h2>\n\n\n\n<p>Hay varios factores a tener en cuenta a la hora de elegir un servicio de streaming deportivo:<\/p>\n\n\n\n<h3 class=\"wp-block-heading\">&#8211; Calidad del streaming<\/h3>\n\n\n\n<p>Aseg\u00farese de elegir un servicio que ofrezca una alta calidad de streaming para disfrutar de una experiencia visual agradable.<\/p>\n\n\n\n<h3 class=\"wp-block-heading\">&#8211; Compatibilidad con tus dispositivos<\/h3>\n\n\n\n<p>Comprueba que el servicio es compatible con tus dispositivos, como smartphones, tabletas o Smart TV.<\/p>\n\n\n\n<h3 class=\"wp-block-heading\">&#8211; Funciones adicionales<\/h3>\n\n\n\n<p>Algunos servicios ofrecen funciones adicionales, como repeticiones, an\u00e1lisis de los partidos y estad\u00edsticas de los jugadores.<\/p>\n\n\n\n<h3 class=\"wp-block-heading\">&#8211; Servicios gratuitos frente a servicios de pago<\/h3>\n\n\n\n<p>Hay servicios gratuitos, pero pueden ser limitados en cuanto a contenido y calidad. Los servicios de pago suelen ofrecer una experiencia global mejor.<\/p>\n\n\n\n<h2 class=\"wp-block-heading\">Buenas pr\u00e1cticas para disfrutar de una experiencia deportiva en streaming<\/h2>\n\n\n\n<p>Para disfrutar al m\u00e1ximo de las retransmisiones deportivas, le ofrecemos algunos consejos pr\u00e1cticos:<\/p>\n\n\n\n<h3 class=\"wp-block-heading\">&#8211; Garantizar una conexi\u00f3n a Internet estable<\/h3>\n\n\n\n<p>Una conexi\u00f3n a Internet r\u00e1pida y estable es esencial para evitar interrupciones durante la retransmisi\u00f3n en directo.<\/p>\n\n\n\n<h3 class=\"wp-block-heading\">&#8211; Utilizar dispositivos compatibles<\/h3>\n\n\n\n<p>Elija dispositivos compatibles con el servicio de streaming para una visualizaci\u00f3n fluida.<\/p>\n\n\n\n<h3 class=\"wp-block-heading\">&#8211; Interact\u00faa con otros aficionados<\/h3>\n\n\n\n<p>Aprovecha las funciones de interacci\u00f3n para debatir y compartir tu pasi\u00f3n con otros aficionados.<\/p>\n\n\n\n<h2 class=\"wp-block-heading\">El impacto del deporte en directo en la industria del deporte<\/h2>\n\n\n\n<p>El streaming deportivo ha tenido un impacto significativo en la industria del deporte:<\/p>\n\n\n\n<h3 class=\"wp-block-heading\">&#8211; Aumento del n\u00famero de telespectadores<\/h3>\n\n\n\n<p>El streaming deportivo ha permitido llegar a un p\u00fablico m\u00e1s amplio, aumentando el n\u00famero de espectadores.<\/p>\n\n\n\n<h3 class=\"wp-block-heading\">&#8211; Patrocinio y generaci\u00f3n de ingresos<\/h3>\n\n\n\n<p>Con una base de aficionados cada vez mayor, los deportes en streaming han abierto nuevas oportunidades de patrocinio y generaci\u00f3n de ingresos para los equipos y ligas deportivas.<\/p>\n\n\n\n<h2 class=\"wp-block-heading\">Retos y soluciones en el deporte en streaming<\/h2>\n\n\n\n<p>A pesar de sus ventajas, el streaming deportivo puede enfrentarse a una serie de retos:<\/p>\n\n\n\n<ul class=\"wp-block-list\">\n<li><strong>Problemas de ancho de banda<\/strong>: Una conexi\u00f3n a Internet deficiente puede provocar retrasos o interrupciones durante la retransmisi\u00f3n en directo. Una soluci\u00f3n es optar por una conexi\u00f3n a Internet m\u00e1s r\u00e1pida o reducir la calidad del flujo.<\/li>\n\n\n\n<li><strong>Restricciones ge<\/strong> ogr\u00e1ficas: algunos acontecimientos deportivos pueden estar sujetos a restricciones geogr\u00e1ficas, lo que limita el acceso a los telespectadores de fuera de una regi\u00f3n espec\u00edfica. El uso de una VPN puede ayudarle a eludir estas restricciones.<\/li>\n<\/ul>\n","protected":false},"excerpt":{"rendered":"<p>El deporte en directo se ha convertido en un medio esencial para que los aficionados sigan sus acontecimientos deportivos favoritos en tiempo real. Gracias a los avances tecnol\u00f3gicos y a Internet, la retransmisi\u00f3n de acontecimientos deportivos ha ganado en popularidad, ofreciendo una experiencia envolvente a los aficionados de todo el mundo. Ventajas del deporte en [&hellip;]<\/p>\n","protected":false},"author":1,"featured_media":0,"parent":0,"menu_order":0,"comment_status":"closed","ping_status":"closed","template":"","meta":{"footnotes":""},"class_list":["post-443","page","type-page","status-publish"],"yoast_head":"<!-- This site is optimized with the Yoast SEO plugin v25.5 - https:\/\/yoast.com\/wordpress\/plugins\/seo\/ -->\n<title>Sport TV en directo Streaming gratis HD - LIVESTREAMFC.COM<\/title>\n<meta name=\"robots\" content=\"index, follow, max-snippet:-1, max-image-preview:large, max-video-preview:-1\" \/>\n<link rel=\"canonical\" href=\"https:\/\/livestreamsfc.com\/es\/sport\/\" \/>\n<meta property=\"og:locale\" content=\"es_ES\" \/>\n<meta property=\"og:type\" content=\"article\" \/>\n<meta property=\"og:title\" content=\"Sport TV en directo Streaming gratis HD - LIVESTREAMFC.COM\" \/>\n<meta property=\"og:description\" content=\"El deporte en directo se ha convertido en un medio esencial para que los aficionados sigan sus acontecimientos deportivos favoritos en tiempo real. Gracias a los avances tecnol\u00f3gicos y a Internet, la retransmisi\u00f3n de acontecimientos deportivos ha ganado en popularidad, ofreciendo una experiencia envolvente a los aficionados de todo el mundo. Ventajas del deporte en [&hellip;]\" \/>\n<meta property=\"og:url\" content=\"https:\/\/livestreamsfc.com\/es\/sport\/\" \/>\n<meta property=\"og:site_name\" content=\"LIVESTREAMFC.COM\" \/>\n<meta property=\"article:modified_time\" content=\"2023-10-24T15:59:19+00:00\" \/>\n<meta property=\"og:image\" content=\"http:\/\/livestreamsfc.com\/wp-content\/uploads\/2023\/07\/sport-tv-live-streaming-en-direct-1024x538.webp\" \/>\n<meta name=\"twitter:card\" content=\"summary_large_image\" \/>\n<meta name=\"twitter:label1\" content=\"Est. reading time\" \/>\n\t<meta name=\"twitter:data1\" content=\"6 minutes\" \/>\n<script type=\"application\/ld+json\" class=\"yoast-schema-graph\">{\"@context\":\"https:\/\/schema.org\",\"@graph\":[{\"@type\":\"WebPage\",\"@id\":\"https:\/\/livestreamsfc.com\/es\/sport\/\",\"url\":\"https:\/\/livestreamsfc.com\/es\/sport\/\",\"name\":\"Sport TV en directo Streaming gratis HD - LIVESTREAMFC.COM\",\"isPartOf\":{\"@id\":\"https:\/\/livestreamsfc.com\/es\/#website\"},\"primaryImageOfPage\":{\"@id\":\"https:\/\/livestreamsfc.com\/es\/sport\/#primaryimage\"},\"image\":{\"@id\":\"https:\/\/livestreamsfc.com\/es\/sport\/#primaryimage\"},\"thumbnailUrl\":\"http:\/\/livestreamsfc.com\/wp-content\/uploads\/2023\/07\/sport-tv-live-streaming-en-direct-1024x538.webp\",\"datePublished\":\"2023-07-21T14:20:16+00:00\",\"dateModified\":\"2023-10-24T15:59:19+00:00\",\"breadcrumb\":{\"@id\":\"https:\/\/livestreamsfc.com\/es\/sport\/#breadcrumb\"},\"inLanguage\":\"es-ES\",\"potentialAction\":[{\"@type\":\"ReadAction\",\"target\":[\"https:\/\/livestreamsfc.com\/es\/sport\/\"]}]},{\"@type\":\"ImageObject\",\"inLanguage\":\"es-ES\",\"@id\":\"https:\/\/livestreamsfc.com\/es\/sport\/#primaryimage\",\"url\":\"http:\/\/livestreamsfc.com\/wp-content\/uploads\/2023\/07\/sport-tv-live-streaming-en-direct-1024x538.webp\",\"contentUrl\":\"http:\/\/livestreamsfc.com\/wp-content\/uploads\/2023\/07\/sport-tv-live-streaming-en-direct-1024x538.webp\"},{\"@type\":\"BreadcrumbList\",\"@id\":\"https:\/\/livestreamsfc.com\/es\/sport\/#breadcrumb\",\"itemListElement\":[{\"@type\":\"ListItem\",\"position\":1,\"name\":\"Home\",\"item\":\"https:\/\/livestreamsfc.com\/es\/\"},{\"@type\":\"ListItem\",\"position\":2,\"name\":\"Sport TV en directo Streaming gratis HD\"}]},{\"@type\":\"WebSite\",\"@id\":\"https:\/\/livestreamsfc.com\/es\/#website\",\"url\":\"https:\/\/livestreamsfc.com\/es\/\",\"name\":\"LIVESTREAMFC.COM\",\"description\":\"\",\"potentialAction\":[{\"@type\":\"SearchAction\",\"target\":{\"@type\":\"EntryPoint\",\"urlTemplate\":\"https:\/\/livestreamsfc.com\/es\/?s={search_term_string}\"},\"query-input\":{\"@type\":\"PropertyValueSpecification\",\"valueRequired\":true,\"valueName\":\"search_term_string\"}}],\"inLanguage\":\"es-ES\"}]}<\/script>\n<!-- \/ Yoast SEO plugin. -->","yoast_head_json":{"title":"Sport TV en directo Streaming gratis HD - LIVESTREAMFC.COM","robots":{"index":"index","follow":"follow","max-snippet":"max-snippet:-1","max-image-preview":"max-image-preview:large","max-video-preview":"max-video-preview:-1"},"canonical":"https:\/\/livestreamsfc.com\/es\/sport\/","og_locale":"es_ES","og_type":"article","og_title":"Sport TV en directo Streaming gratis HD - LIVESTREAMFC.COM","og_description":"El deporte en directo se ha convertido en un medio esencial para que los aficionados sigan sus acontecimientos deportivos favoritos en tiempo real. Gracias a los avances tecnol\u00f3gicos y a Internet, la retransmisi\u00f3n de acontecimientos deportivos ha ganado en popularidad, ofreciendo una experiencia envolvente a los aficionados de todo el mundo. Ventajas del deporte en [&hellip;]","og_url":"https:\/\/livestreamsfc.com\/es\/sport\/","og_site_name":"LIVESTREAMFC.COM","article_modified_time":"2023-10-24T15:59:19+00:00","og_image":[{"url":"http:\/\/livestreamsfc.com\/wp-content\/uploads\/2023\/07\/sport-tv-live-streaming-en-direct-1024x538.webp","type":"","width":"","height":""}],"twitter_card":"summary_large_image","twitter_misc":{"Est. reading time":"6 minutes"},"schema":{"@context":"https:\/\/schema.org","@graph":[{"@type":"WebPage","@id":"https:\/\/livestreamsfc.com\/es\/sport\/","url":"https:\/\/livestreamsfc.com\/es\/sport\/","name":"Sport TV en directo Streaming gratis HD - LIVESTREAMFC.COM","isPartOf":{"@id":"https:\/\/livestreamsfc.com\/es\/#website"},"primaryImageOfPage":{"@id":"https:\/\/livestreamsfc.com\/es\/sport\/#primaryimage"},"image":{"@id":"https:\/\/livestreamsfc.com\/es\/sport\/#primaryimage"},"thumbnailUrl":"http:\/\/livestreamsfc.com\/wp-content\/uploads\/2023\/07\/sport-tv-live-streaming-en-direct-1024x538.webp","datePublished":"2023-07-21T14:20:16+00:00","dateModified":"2023-10-24T15:59:19+00:00","breadcrumb":{"@id":"https:\/\/livestreamsfc.com\/es\/sport\/#breadcrumb"},"inLanguage":"es-ES","potentialAction":[{"@type":"ReadAction","target":["https:\/\/livestreamsfc.com\/es\/sport\/"]}]},{"@type":"ImageObject","inLanguage":"es-ES","@id":"https:\/\/livestreamsfc.com\/es\/sport\/#primaryimage","url":"http:\/\/livestreamsfc.com\/wp-content\/uploads\/2023\/07\/sport-tv-live-streaming-en-direct-1024x538.webp","contentUrl":"http:\/\/livestreamsfc.com\/wp-content\/uploads\/2023\/07\/sport-tv-live-streaming-en-direct-1024x538.webp"},{"@type":"BreadcrumbList","@id":"https:\/\/livestreamsfc.com\/es\/sport\/#breadcrumb","itemListElement":[{"@type":"ListItem","position":1,"name":"Home","item":"https:\/\/livestreamsfc.com\/es\/"},{"@type":"ListItem","position":2,"name":"Sport TV en directo Streaming gratis HD"}]},{"@type":"WebSite","@id":"https:\/\/livestreamsfc.com\/es\/#website","url":"https:\/\/livestreamsfc.com\/es\/","name":"LIVESTREAMFC.COM","description":"","potentialAction":[{"@type":"SearchAction","target":{"@type":"EntryPoint","urlTemplate":"https:\/\/livestreamsfc.com\/es\/?s={search_term_string}"},"query-input":{"@type":"PropertyValueSpecification","valueRequired":true,"valueName":"search_term_string"}}],"inLanguage":"es-ES"}]}},"_links":{"self":[{"href":"https:\/\/livestreamsfc.com\/es\/wp-json\/wp\/v2\/pages\/443","targetHints":{"allow":["GET"]}}],"collection":[{"href":"https:\/\/livestreamsfc.com\/es\/wp-json\/wp\/v2\/pages"}],"about":[{"href":"https:\/\/livestreamsfc.com\/es\/wp-json\/wp\/v2\/types\/page"}],"author":[{"embeddable":true,"href":"https:\/\/livestreamsfc.com\/es\/wp-json\/wp\/v2\/users\/1"}],"replies":[{"embeddable":true,"href":"https:\/\/livestreamsfc.com\/es\/wp-json\/wp\/v2\/comments?post=443"}],"version-history":[{"count":2,"href":"https:\/\/livestreamsfc.com\/es\/wp-json\/wp\/v2\/pages\/443\/revisions"}],"predecessor-version":[{"id":445,"href":"https:\/\/livestreamsfc.com\/es\/wp-json\/wp\/v2\/pages\/443\/revisions\/445"}],"wp:attachment":[{"href":"https:\/\/livestreamsfc.com\/es\/wp-json\/wp\/v2\/media?parent=443"}],"curies":[{"name":"wp","href":"https:\/\/api.w.org\/{rel}","templated":true}]}}