{"id":1224,"date":"2023-10-11T18:11:20","date_gmt":"2023-10-11T18:11:20","guid":{"rendered":"https:\/\/livestreamsfc.com\/about-us\/"},"modified":"2023-10-11T18:17:45","modified_gmt":"2023-10-11T18:17:45","slug":"about-us","status":"publish","type":"page","link":"https:\/\/livestreamsfc.com\/fr\/about-us\/","title":{"rendered":"About Us"},"content":{"rendered":"\n<h2 class=\"wp-block-heading\">Qui sommes-nous<\/h2>\n\n\n\n<p>Nous sommes LivestreamFC.com, cr\u00e9\u00e9 par Floris des Pays-Bas. Depuis que je sais marcher, je suis passionn\u00e9 par le <a href=\"https:\/\/livestreamsfc.com\/fr\/sport\/\">sport<\/a>, avec un amour profond pour le football. En plus de jouer au football moi-m\u00eame, regarder du football a \u00e9galement \u00e9t\u00e9 une de mes occupations depuis ma jeunesse. \u00c0 l&#8217;\u00e9poque, c&#8217;\u00e9tait \u00e0 la radio, mais de nos jours, il existe d&#8217;innombrables diffusions en continu pour regarder tous les matches du monde entier.<\/p>\n\n\n\n<figure class=\"wp-block-image size-large\"><img loading=\"lazy\" decoding=\"async\" width=\"1024\" height=\"768\" src=\"http:\/\/livestreamsfc.com\/wp-content\/uploads\/2023\/10\/livestreamfc-1024x768.jpeg\" alt=\"livestreamfc\n\" class=\"wp-image-1219\" srcset=\"https:\/\/livestreamsfc.com\/wp-content\/uploads\/2023\/10\/livestreamfc-1024x768.jpeg 1024w, https:\/\/livestreamsfc.com\/wp-content\/uploads\/2023\/10\/livestreamfc-300x225.jpeg 300w, https:\/\/livestreamsfc.com\/wp-content\/uploads\/2023\/10\/livestreamfc-768x576.jpeg 768w, https:\/\/livestreamsfc.com\/wp-content\/uploads\/2023\/10\/livestreamfc-1536x1152.jpeg 1536w, https:\/\/livestreamsfc.com\/wp-content\/uploads\/2023\/10\/livestreamfc-696x522.jpeg 696w, https:\/\/livestreamsfc.com\/wp-content\/uploads\/2023\/10\/livestreamfc-1068x801.jpeg 1068w, https:\/\/livestreamsfc.com\/wp-content\/uploads\/2023\/10\/livestreamfc.jpeg 1600w\" sizes=\"auto, (max-width: 1024px) 100vw, 1024px\" \/><\/figure>\n\n\n\n<h2 class=\"wp-block-heading\">Pourquoi avons-nous lanc\u00e9 Livestreamfc.com ?<\/h2>\n\n\n\n<p>Dans certains pays, ces matches sont verrouill\u00e9s derri\u00e8re un mur payant, ce qui signifie que vous ne pouvez pas les regarder sans abonnement. En fait, dans certains pays, il n&#8217;est m\u00eame pas possible de regarder les matches en raison des restrictions aux fronti\u00e8res. Nous voulons briser ces restrictions frontali\u00e8res et offrir \u00e0 tout le monde la possibilit\u00e9 de regarder les matches de leur club pr\u00e9f\u00e9r\u00e9. Que ce soit des diffusions en direct de football, de Formule 1, de boxe ou de matches de <a href=\"https:\/\/livestreamsfc.com\/fr\/sport\/tennis\/\">tennis<\/a> : tout le monde veut regarder son \u00e9quipe favorite.<\/p>\n\n\n\n<h2 class=\"wp-block-heading\">Comment travaillons-nous ?<\/h2>\n\n\n\n<p>Nous recherchons les meilleures diffusions en continu dans le monde entier pour les clubs et les comp\u00e9titions les plus populaires. Nous veillons toujours \u00e0 proposer des diffusions l\u00e9gales, car nous sommes contre les diffusions ill\u00e9gales. Chaque jour, nous cherchons les meilleures diffusions en qualit\u00e9 HD pour tous les clubs dans toutes les parties du monde, afin que vous puissiez les regarder o\u00f9 que vous soyez.<\/p>\n","protected":false},"excerpt":{"rendered":"<p>Qui sommes-nous Nous sommes LivestreamFC.com, cr\u00e9\u00e9 par Floris des Pays-Bas. Depuis que je sais marcher, je suis passionn\u00e9 par le sport, avec un amour profond pour le football. En plus de jouer au football moi-m\u00eame, regarder du football a \u00e9galement \u00e9t\u00e9 une de mes occupations depuis ma jeunesse. \u00c0 l&#8217;\u00e9poque, c&#8217;\u00e9tait \u00e0 la radio, mais [&hellip;]<\/p>\n","protected":false},"author":1,"featured_media":0,"parent":0,"menu_order":0,"comment_status":"closed","ping_status":"closed","template":"","meta":{"footnotes":""},"class_list":["post-1224","page","type-page","status-publish"],"yoast_head":"<!-- This site is optimized with the Yoast SEO plugin v25.5 - https:\/\/yoast.com\/wordpress\/plugins\/seo\/ -->\n<title>About Us - LIVESTREAMFC.COM<\/title>\n<meta name=\"robots\" content=\"index, follow, max-snippet:-1, max-image-preview:large, max-video-preview:-1\" \/>\n<link rel=\"canonical\" href=\"https:\/\/livestreamsfc.com\/fr\/about-us\/\" \/>\n<meta property=\"og:locale\" content=\"fr_FR\" \/>\n<meta property=\"og:type\" content=\"article\" \/>\n<meta property=\"og:title\" content=\"About Us - LIVESTREAMFC.COM\" \/>\n<meta property=\"og:description\" content=\"Qui sommes-nous Nous sommes LivestreamFC.com, cr\u00e9\u00e9 par Floris des Pays-Bas. Depuis que je sais marcher, je suis passionn\u00e9 par le sport, avec un amour profond pour le football. En plus de jouer au football moi-m\u00eame, regarder du football a \u00e9galement \u00e9t\u00e9 une de mes occupations depuis ma jeunesse. \u00c0 l&#8217;\u00e9poque, c&#8217;\u00e9tait \u00e0 la radio, mais [&hellip;]\" \/>\n<meta property=\"og:url\" content=\"https:\/\/livestreamsfc.com\/fr\/about-us\/\" \/>\n<meta property=\"og:site_name\" content=\"LIVESTREAMFC.COM\" \/>\n<meta property=\"article:modified_time\" content=\"2023-10-11T18:17:45+00:00\" \/>\n<meta property=\"og:image\" content=\"http:\/\/livestreamsfc.com\/wp-content\/uploads\/2023\/10\/livestreamfc-1024x768.jpeg\" \/>\n<meta name=\"twitter:card\" content=\"summary_large_image\" \/>\n<meta name=\"twitter:label1\" content=\"Est. reading time\" \/>\n\t<meta name=\"twitter:data1\" content=\"2 minutes\" \/>\n<script type=\"application\/ld+json\" class=\"yoast-schema-graph\">{\"@context\":\"https:\/\/schema.org\",\"@graph\":[{\"@type\":\"WebPage\",\"@id\":\"https:\/\/livestreamsfc.com\/fr\/about-us\/\",\"url\":\"https:\/\/livestreamsfc.com\/fr\/about-us\/\",\"name\":\"About Us - LIVESTREAMFC.COM\",\"isPartOf\":{\"@id\":\"https:\/\/livestreamsfc.com\/fr\/#website\"},\"primaryImageOfPage\":{\"@id\":\"https:\/\/livestreamsfc.com\/fr\/about-us\/#primaryimage\"},\"image\":{\"@id\":\"https:\/\/livestreamsfc.com\/fr\/about-us\/#primaryimage\"},\"thumbnailUrl\":\"http:\/\/livestreamsfc.com\/wp-content\/uploads\/2023\/10\/livestreamfc-1024x768.jpeg\",\"datePublished\":\"2023-10-11T18:11:20+00:00\",\"dateModified\":\"2023-10-11T18:17:45+00:00\",\"breadcrumb\":{\"@id\":\"https:\/\/livestreamsfc.com\/fr\/about-us\/#breadcrumb\"},\"inLanguage\":\"fr-FR\",\"potentialAction\":[{\"@type\":\"ReadAction\",\"target\":[\"https:\/\/livestreamsfc.com\/fr\/about-us\/\"]}]},{\"@type\":\"ImageObject\",\"inLanguage\":\"fr-FR\",\"@id\":\"https:\/\/livestreamsfc.com\/fr\/about-us\/#primaryimage\",\"url\":\"http:\/\/livestreamsfc.com\/wp-content\/uploads\/2023\/10\/livestreamfc-1024x768.jpeg\",\"contentUrl\":\"http:\/\/livestreamsfc.com\/wp-content\/uploads\/2023\/10\/livestreamfc-1024x768.jpeg\"},{\"@type\":\"BreadcrumbList\",\"@id\":\"https:\/\/livestreamsfc.com\/fr\/about-us\/#breadcrumb\",\"itemListElement\":[{\"@type\":\"ListItem\",\"position\":1,\"name\":\"Home\",\"item\":\"https:\/\/livestreamsfc.com\/fr\/\"},{\"@type\":\"ListItem\",\"position\":2,\"name\":\"About Us\"}]},{\"@type\":\"WebSite\",\"@id\":\"https:\/\/livestreamsfc.com\/fr\/#website\",\"url\":\"https:\/\/livestreamsfc.com\/fr\/\",\"name\":\"LIVESTREAMFC.COM\",\"description\":\"\",\"potentialAction\":[{\"@type\":\"SearchAction\",\"target\":{\"@type\":\"EntryPoint\",\"urlTemplate\":\"https:\/\/livestreamsfc.com\/fr\/?s={search_term_string}\"},\"query-input\":{\"@type\":\"PropertyValueSpecification\",\"valueRequired\":true,\"valueName\":\"search_term_string\"}}],\"inLanguage\":\"fr-FR\"}]}<\/script>\n<!-- \/ Yoast SEO plugin. -->","yoast_head_json":{"title":"About Us - LIVESTREAMFC.COM","robots":{"index":"index","follow":"follow","max-snippet":"max-snippet:-1","max-image-preview":"max-image-preview:large","max-video-preview":"max-video-preview:-1"},"canonical":"https:\/\/livestreamsfc.com\/fr\/about-us\/","og_locale":"fr_FR","og_type":"article","og_title":"About Us - LIVESTREAMFC.COM","og_description":"Qui sommes-nous Nous sommes LivestreamFC.com, cr\u00e9\u00e9 par Floris des Pays-Bas. Depuis que je sais marcher, je suis passionn\u00e9 par le sport, avec un amour profond pour le football. En plus de jouer au football moi-m\u00eame, regarder du football a \u00e9galement \u00e9t\u00e9 une de mes occupations depuis ma jeunesse. \u00c0 l&#8217;\u00e9poque, c&#8217;\u00e9tait \u00e0 la radio, mais [&hellip;]","og_url":"https:\/\/livestreamsfc.com\/fr\/about-us\/","og_site_name":"LIVESTREAMFC.COM","article_modified_time":"2023-10-11T18:17:45+00:00","og_image":[{"url":"http:\/\/livestreamsfc.com\/wp-content\/uploads\/2023\/10\/livestreamfc-1024x768.jpeg","type":"","width":"","height":""}],"twitter_card":"summary_large_image","twitter_misc":{"Est. reading time":"2 minutes"},"schema":{"@context":"https:\/\/schema.org","@graph":[{"@type":"WebPage","@id":"https:\/\/livestreamsfc.com\/fr\/about-us\/","url":"https:\/\/livestreamsfc.com\/fr\/about-us\/","name":"About Us - LIVESTREAMFC.COM","isPartOf":{"@id":"https:\/\/livestreamsfc.com\/fr\/#website"},"primaryImageOfPage":{"@id":"https:\/\/livestreamsfc.com\/fr\/about-us\/#primaryimage"},"image":{"@id":"https:\/\/livestreamsfc.com\/fr\/about-us\/#primaryimage"},"thumbnailUrl":"http:\/\/livestreamsfc.com\/wp-content\/uploads\/2023\/10\/livestreamfc-1024x768.jpeg","datePublished":"2023-10-11T18:11:20+00:00","dateModified":"2023-10-11T18:17:45+00:00","breadcrumb":{"@id":"https:\/\/livestreamsfc.com\/fr\/about-us\/#breadcrumb"},"inLanguage":"fr-FR","potentialAction":[{"@type":"ReadAction","target":["https:\/\/livestreamsfc.com\/fr\/about-us\/"]}]},{"@type":"ImageObject","inLanguage":"fr-FR","@id":"https:\/\/livestreamsfc.com\/fr\/about-us\/#primaryimage","url":"http:\/\/livestreamsfc.com\/wp-content\/uploads\/2023\/10\/livestreamfc-1024x768.jpeg","contentUrl":"http:\/\/livestreamsfc.com\/wp-content\/uploads\/2023\/10\/livestreamfc-1024x768.jpeg"},{"@type":"BreadcrumbList","@id":"https:\/\/livestreamsfc.com\/fr\/about-us\/#breadcrumb","itemListElement":[{"@type":"ListItem","position":1,"name":"Home","item":"https:\/\/livestreamsfc.com\/fr\/"},{"@type":"ListItem","position":2,"name":"About Us"}]},{"@type":"WebSite","@id":"https:\/\/livestreamsfc.com\/fr\/#website","url":"https:\/\/livestreamsfc.com\/fr\/","name":"LIVESTREAMFC.COM","description":"","potentialAction":[{"@type":"SearchAction","target":{"@type":"EntryPoint","urlTemplate":"https:\/\/livestreamsfc.com\/fr\/?s={search_term_string}"},"query-input":{"@type":"PropertyValueSpecification","valueRequired":true,"valueName":"search_term_string"}}],"inLanguage":"fr-FR"}]}},"_links":{"self":[{"href":"https:\/\/livestreamsfc.com\/fr\/wp-json\/wp\/v2\/pages\/1224","targetHints":{"allow":["GET"]}}],"collection":[{"href":"https:\/\/livestreamsfc.com\/fr\/wp-json\/wp\/v2\/pages"}],"about":[{"href":"https:\/\/livestreamsfc.com\/fr\/wp-json\/wp\/v2\/types\/page"}],"author":[{"embeddable":true,"href":"https:\/\/livestreamsfc.com\/fr\/wp-json\/wp\/v2\/users\/1"}],"replies":[{"embeddable":true,"href":"https:\/\/livestreamsfc.com\/fr\/wp-json\/wp\/v2\/comments?post=1224"}],"version-history":[{"count":1,"href":"https:\/\/livestreamsfc.com\/fr\/wp-json\/wp\/v2\/pages\/1224\/revisions"}],"predecessor-version":[{"id":1226,"href":"https:\/\/livestreamsfc.com\/fr\/wp-json\/wp\/v2\/pages\/1224\/revisions\/1226"}],"wp:attachment":[{"href":"https:\/\/livestreamsfc.com\/fr\/wp-json\/wp\/v2\/media?parent=1224"}],"curies":[{"name":"wp","href":"https:\/\/api.w.org\/{rel}","templated":true}]}}