{"id":1231,"date":"2023-10-11T18:51:49","date_gmt":"2023-10-11T18:51:49","guid":{"rendered":"https:\/\/livestreamsfc.com\/contact-us\/"},"modified":"2023-10-11T19:17:26","modified_gmt":"2023-10-11T19:17:26","slug":"contact-us","status":"publish","type":"page","link":"https:\/\/livestreamsfc.com\/fr\/contact-us\/","title":{"rendered":"Contactez-nous"},"content":{"rendered":"\n<p>Publicit\u00e9 ?<\/p>\n\n\n\n<p>Notre plateforme est fr\u00e9quemment visit\u00e9e par des passionn\u00e9s de <a href=\"https:\/\/livestreamsfc.com\/fr\/sport\/\">sport<\/a> chaque semaine, un groupe cible id\u00e9al qui s&#8217;int\u00e9resse \u00e0 vos produits ou services ! Contactez-nous \u00e0 l&#8217;adresse <a href=\"mailto:info@livestreamsfc.com\">info@livestreamsfc.com<\/a> pour discuter des options publicitaires ensemble.<\/p>\n\n\n\n<p>Source de diffusion en direct ?<\/p>\n\n\n\n<p>Avez-vous une source de diffusion en direct que vous souhaitez partager avec nous ? Tant que c&#8217;est l\u00e9gal, nous sommes toujours pr\u00eats \u00e0 \u00e9largir notre base de donn\u00e9es avec de nouveaux canaux de diffusion pour regarder les sports que nous aimons ! Veuillez nous contacter \u00e0 l&#8217;adresse <a href=\"mailto:info@livestreamsfc.com\">info@livestreamsfc.com<\/a>.<\/p>\n","protected":false},"excerpt":{"rendered":"<p>Publicit\u00e9 ? Notre plateforme est fr\u00e9quemment visit\u00e9e par des passionn\u00e9s de sport chaque semaine, un groupe cible id\u00e9al qui s&#8217;int\u00e9resse \u00e0 vos produits ou services ! Contactez-nous \u00e0 l&#8217;adresse info@livestreamsfc.com pour discuter des options publicitaires ensemble. Source de diffusion en direct ? Avez-vous une source de diffusion en direct que vous souhaitez partager avec nous [&hellip;]<\/p>\n","protected":false},"author":1,"featured_media":0,"parent":0,"menu_order":0,"comment_status":"closed","ping_status":"closed","template":"","meta":{"footnotes":""},"class_list":["post-1231","page","type-page","status-publish"],"yoast_head":"<!-- This site is optimized with the Yoast SEO plugin v25.5 - https:\/\/yoast.com\/wordpress\/plugins\/seo\/ -->\n<title>Contactez-nous - LIVESTREAMFC.COM<\/title>\n<meta name=\"robots\" content=\"index, follow, max-snippet:-1, max-image-preview:large, max-video-preview:-1\" \/>\n<link rel=\"canonical\" href=\"https:\/\/livestreamsfc.com\/fr\/contact-us\/\" \/>\n<meta property=\"og:locale\" content=\"fr_FR\" \/>\n<meta property=\"og:type\" content=\"article\" \/>\n<meta property=\"og:title\" content=\"Contactez-nous - LIVESTREAMFC.COM\" \/>\n<meta property=\"og:description\" content=\"Publicit\u00e9 ? Notre plateforme est fr\u00e9quemment visit\u00e9e par des passionn\u00e9s de sport chaque semaine, un groupe cible id\u00e9al qui s&#8217;int\u00e9resse \u00e0 vos produits ou services ! Contactez-nous \u00e0 l&#8217;adresse info@livestreamsfc.com pour discuter des options publicitaires ensemble. Source de diffusion en direct ? Avez-vous une source de diffusion en direct que vous souhaitez partager avec nous [&hellip;]\" \/>\n<meta property=\"og:url\" content=\"https:\/\/livestreamsfc.com\/fr\/contact-us\/\" \/>\n<meta property=\"og:site_name\" content=\"LIVESTREAMFC.COM\" \/>\n<meta property=\"article:modified_time\" content=\"2023-10-11T19:17:26+00:00\" \/>\n<meta name=\"twitter:card\" content=\"summary_large_image\" \/>\n<meta name=\"twitter:label1\" content=\"Est. reading time\" \/>\n\t<meta name=\"twitter:data1\" content=\"1 minute\" \/>\n<script type=\"application\/ld+json\" class=\"yoast-schema-graph\">{\"@context\":\"https:\/\/schema.org\",\"@graph\":[{\"@type\":\"WebPage\",\"@id\":\"https:\/\/livestreamsfc.com\/fr\/contact-us\/\",\"url\":\"https:\/\/livestreamsfc.com\/fr\/contact-us\/\",\"name\":\"Contactez-nous - LIVESTREAMFC.COM\",\"isPartOf\":{\"@id\":\"https:\/\/livestreamsfc.com\/fr\/#website\"},\"datePublished\":\"2023-10-11T18:51:49+00:00\",\"dateModified\":\"2023-10-11T19:17:26+00:00\",\"breadcrumb\":{\"@id\":\"https:\/\/livestreamsfc.com\/fr\/contact-us\/#breadcrumb\"},\"inLanguage\":\"fr-FR\",\"potentialAction\":[{\"@type\":\"ReadAction\",\"target\":[\"https:\/\/livestreamsfc.com\/fr\/contact-us\/\"]}]},{\"@type\":\"BreadcrumbList\",\"@id\":\"https:\/\/livestreamsfc.com\/fr\/contact-us\/#breadcrumb\",\"itemListElement\":[{\"@type\":\"ListItem\",\"position\":1,\"name\":\"Home\",\"item\":\"https:\/\/livestreamsfc.com\/fr\/\"},{\"@type\":\"ListItem\",\"position\":2,\"name\":\"Contactez-nous\"}]},{\"@type\":\"WebSite\",\"@id\":\"https:\/\/livestreamsfc.com\/fr\/#website\",\"url\":\"https:\/\/livestreamsfc.com\/fr\/\",\"name\":\"LIVESTREAMFC.COM\",\"description\":\"\",\"potentialAction\":[{\"@type\":\"SearchAction\",\"target\":{\"@type\":\"EntryPoint\",\"urlTemplate\":\"https:\/\/livestreamsfc.com\/fr\/?s={search_term_string}\"},\"query-input\":{\"@type\":\"PropertyValueSpecification\",\"valueRequired\":true,\"valueName\":\"search_term_string\"}}],\"inLanguage\":\"fr-FR\"}]}<\/script>\n<!-- \/ Yoast SEO plugin. -->","yoast_head_json":{"title":"Contactez-nous - LIVESTREAMFC.COM","robots":{"index":"index","follow":"follow","max-snippet":"max-snippet:-1","max-image-preview":"max-image-preview:large","max-video-preview":"max-video-preview:-1"},"canonical":"https:\/\/livestreamsfc.com\/fr\/contact-us\/","og_locale":"fr_FR","og_type":"article","og_title":"Contactez-nous - LIVESTREAMFC.COM","og_description":"Publicit\u00e9 ? Notre plateforme est fr\u00e9quemment visit\u00e9e par des passionn\u00e9s de sport chaque semaine, un groupe cible id\u00e9al qui s&#8217;int\u00e9resse \u00e0 vos produits ou services ! Contactez-nous \u00e0 l&#8217;adresse info@livestreamsfc.com pour discuter des options publicitaires ensemble. Source de diffusion en direct ? Avez-vous une source de diffusion en direct que vous souhaitez partager avec nous [&hellip;]","og_url":"https:\/\/livestreamsfc.com\/fr\/contact-us\/","og_site_name":"LIVESTREAMFC.COM","article_modified_time":"2023-10-11T19:17:26+00:00","twitter_card":"summary_large_image","twitter_misc":{"Est. reading time":"1 minute"},"schema":{"@context":"https:\/\/schema.org","@graph":[{"@type":"WebPage","@id":"https:\/\/livestreamsfc.com\/fr\/contact-us\/","url":"https:\/\/livestreamsfc.com\/fr\/contact-us\/","name":"Contactez-nous - LIVESTREAMFC.COM","isPartOf":{"@id":"https:\/\/livestreamsfc.com\/fr\/#website"},"datePublished":"2023-10-11T18:51:49+00:00","dateModified":"2023-10-11T19:17:26+00:00","breadcrumb":{"@id":"https:\/\/livestreamsfc.com\/fr\/contact-us\/#breadcrumb"},"inLanguage":"fr-FR","potentialAction":[{"@type":"ReadAction","target":["https:\/\/livestreamsfc.com\/fr\/contact-us\/"]}]},{"@type":"BreadcrumbList","@id":"https:\/\/livestreamsfc.com\/fr\/contact-us\/#breadcrumb","itemListElement":[{"@type":"ListItem","position":1,"name":"Home","item":"https:\/\/livestreamsfc.com\/fr\/"},{"@type":"ListItem","position":2,"name":"Contactez-nous"}]},{"@type":"WebSite","@id":"https:\/\/livestreamsfc.com\/fr\/#website","url":"https:\/\/livestreamsfc.com\/fr\/","name":"LIVESTREAMFC.COM","description":"","potentialAction":[{"@type":"SearchAction","target":{"@type":"EntryPoint","urlTemplate":"https:\/\/livestreamsfc.com\/fr\/?s={search_term_string}"},"query-input":{"@type":"PropertyValueSpecification","valueRequired":true,"valueName":"search_term_string"}}],"inLanguage":"fr-FR"}]}},"_links":{"self":[{"href":"https:\/\/livestreamsfc.com\/fr\/wp-json\/wp\/v2\/pages\/1231","targetHints":{"allow":["GET"]}}],"collection":[{"href":"https:\/\/livestreamsfc.com\/fr\/wp-json\/wp\/v2\/pages"}],"about":[{"href":"https:\/\/livestreamsfc.com\/fr\/wp-json\/wp\/v2\/types\/page"}],"author":[{"embeddable":true,"href":"https:\/\/livestreamsfc.com\/fr\/wp-json\/wp\/v2\/users\/1"}],"replies":[{"embeddable":true,"href":"https:\/\/livestreamsfc.com\/fr\/wp-json\/wp\/v2\/comments?post=1231"}],"version-history":[{"count":3,"href":"https:\/\/livestreamsfc.com\/fr\/wp-json\/wp\/v2\/pages\/1231\/revisions"}],"predecessor-version":[{"id":1247,"href":"https:\/\/livestreamsfc.com\/fr\/wp-json\/wp\/v2\/pages\/1231\/revisions\/1247"}],"wp:attachment":[{"href":"https:\/\/livestreamsfc.com\/fr\/wp-json\/wp\/v2\/media?parent=1231"}],"curies":[{"name":"wp","href":"https:\/\/api.w.org\/{rel}","templated":true}]}}