{"id":1690,"date":"2023-11-20T07:58:33","date_gmt":"2023-11-20T07:58:33","guid":{"rendered":"https:\/\/livestreamsfc.com\/?page_id=1690"},"modified":"2023-11-20T07:58:36","modified_gmt":"2023-11-20T07:58:36","slug":"justin-tv","status":"publish","type":"page","link":"https:\/\/livestreamsfc.com\/fr\/sites\/justin-tv\/","title":{"rendered":"Justin TV"},"content":{"rendered":"\n<h2 class=\"wp-block-heading\">Justin TV Canli Match Izle<\/h2>\n\n\n\n<p> Si vous \u00eates un passionn\u00e9 de sport, alors Justin TV est une plateforme que vous devriez absolument conna\u00eetre. Justin TV offre la possibilit\u00e9 de regarder des matchs en direct et gratuitement, ce qui en fait une destination incontournable pour les amateurs de sport du monde entier. Que vous soyez fan de football, de basketball, de tennis ou de tout autre sport, Justin TV vous permet de suivre vos \u00e9quipes et joueurs pr\u00e9f\u00e9r\u00e9s en temps r\u00e9el. <\/p>\n\n\n\n<figure class=\"wp-block-image size-full\"><img loading=\"lazy\" decoding=\"async\" width=\"736\" height=\"368\" src=\"http:\/\/livestreamsfc.com\/wp-content\/uploads\/2023\/11\/justin-tv.jpeg\" alt=\"justin tv\" class=\"wp-image-1692\" srcset=\"https:\/\/livestreamsfc.com\/wp-content\/uploads\/2023\/11\/justin-tv.jpeg 736w, https:\/\/livestreamsfc.com\/wp-content\/uploads\/2023\/11\/justin-tv-300x150.jpeg 300w, https:\/\/livestreamsfc.com\/wp-content\/uploads\/2023\/11\/justin-tv-696x348.jpeg 696w\" sizes=\"auto, (max-width: 736px) 100vw, 736px\" \/><\/figure>\n\n\n\n<h2 class=\"wp-block-heading\">Justin TV Canl\u0131 Ma\u00e7 Izlemek<\/h2>\n\n\n\n<p>\nUne des caract\u00e9ristiques les plus attrayantes de Justin TV est la possibilit\u00e9 de regarder des matchs en direct. Vous pouvez suivre votre \u00e9quipe de football pr\u00e9f\u00e9r\u00e9e dans une ligue \u00e9trang\u00e8re ou regarder un match de basketball en direct depuis le confort de votre domicile. Plus besoin de chercher des liens de streaming douteux sur Internet, Justin TV vous offre une exp\u00e9rience de visionnage fluide et de haute qualit\u00e9. Il vous suffit de vous connecter, de choisir le match que vous souhaitez regarder, et c&#8217;est parti !\n\n<\/p>\n\n\n\n<h2 class=\"wp-block-heading\">Justin TV Ma\u00e7 Izle Canl\u0131 Bedava<\/h2>\n\n\n\n<p>\nL&#8217;un des avantages majeurs de Justin TV est qu&#8217;il offre un acc\u00e8s gratuit aux matchs en direct. Vous n&#8217;avez pas besoin de d\u00e9penser de l&#8217;argent pour regarder vos sports pr\u00e9f\u00e9r\u00e9s en temps r\u00e9el. Cela signifie que vous pouvez profiter de tous les moments palpitants d&#8217;un match sans avoir \u00e0 vous soucier des frais d&#8217;abonnement ou des co\u00fbts cach\u00e9s. Justin TV est v\u00e9ritablement une option abordable pour les amateurs de sport qui veulent rester connect\u00e9s \u00e0 l&#8217;action.<\/p>\n","protected":false},"excerpt":{"rendered":"<p>Justin TV Canli Match Izle Si vous \u00eates un passionn\u00e9 de sport, alors Justin TV est une plateforme que vous devriez absolument conna\u00eetre. Justin TV offre la possibilit\u00e9 de regarder des matchs en direct et gratuitement, ce qui en fait une destination incontournable pour les amateurs de sport du monde entier. Que vous soyez fan [&hellip;]<\/p>\n","protected":false},"author":1,"featured_media":0,"parent":403,"menu_order":0,"comment_status":"closed","ping_status":"closed","template":"","meta":{"footnotes":""},"class_list":["post-1690","page","type-page","status-publish"],"yoast_head":"<!-- This site is optimized with the Yoast SEO plugin v25.5 - https:\/\/yoast.com\/wordpress\/plugins\/seo\/ -->\n<title>Justin TV Streaming: Foot, Ligue 1, et canli match izle<\/title>\n<meta name=\"description\" content=\"Justin TV Streaming: Regardez notre alternative Gratuite en Direct Gratuit Live Stream! \u2794 \u2713Direct live TV \u2713100% l\u00e9gal \u2713Streaming Free HD\" \/>\n<meta name=\"robots\" content=\"index, follow, max-snippet:-1, max-image-preview:large, max-video-preview:-1\" \/>\n<link rel=\"canonical\" href=\"https:\/\/livestreamsfc.com\/fr\/sites\/justin-tv\/\" \/>\n<meta property=\"og:locale\" content=\"fr_FR\" \/>\n<meta property=\"og:type\" content=\"article\" \/>\n<meta property=\"og:title\" content=\"Justin TV Streaming: Foot, Ligue 1, et canli match izle\" \/>\n<meta property=\"og:description\" content=\"Justin TV Streaming: Regardez notre alternative Gratuite en Direct Gratuit Live Stream! \u2794 \u2713Direct live TV \u2713100% l\u00e9gal \u2713Streaming Free HD\" \/>\n<meta property=\"og:url\" content=\"https:\/\/livestreamsfc.com\/fr\/sites\/justin-tv\/\" \/>\n<meta property=\"og:site_name\" content=\"LIVESTREAMFC.COM\" \/>\n<meta property=\"article:modified_time\" content=\"2023-11-20T07:58:36+00:00\" \/>\n<meta property=\"og:image\" content=\"http:\/\/livestreamsfc.com\/wp-content\/uploads\/2023\/11\/justin-tv.jpeg\" \/>\n<meta name=\"twitter:card\" content=\"summary_large_image\" \/>\n<meta name=\"twitter:label1\" content=\"Est. reading time\" \/>\n\t<meta name=\"twitter:data1\" content=\"2 minutes\" \/>\n<script type=\"application\/ld+json\" class=\"yoast-schema-graph\">{\"@context\":\"https:\/\/schema.org\",\"@graph\":[{\"@type\":\"WebPage\",\"@id\":\"https:\/\/livestreamsfc.com\/fr\/sites\/justin-tv\/\",\"url\":\"https:\/\/livestreamsfc.com\/fr\/sites\/justin-tv\/\",\"name\":\"Justin TV Streaming: Foot, Ligue 1, et canli match izle\",\"isPartOf\":{\"@id\":\"https:\/\/livestreamsfc.com\/fr\/#website\"},\"primaryImageOfPage\":{\"@id\":\"https:\/\/livestreamsfc.com\/fr\/sites\/justin-tv\/#primaryimage\"},\"image\":{\"@id\":\"https:\/\/livestreamsfc.com\/fr\/sites\/justin-tv\/#primaryimage\"},\"thumbnailUrl\":\"http:\/\/livestreamsfc.com\/wp-content\/uploads\/2023\/11\/justin-tv.jpeg\",\"datePublished\":\"2023-11-20T07:58:33+00:00\",\"dateModified\":\"2023-11-20T07:58:36+00:00\",\"description\":\"Justin TV Streaming: Regardez notre alternative Gratuite en Direct Gratuit Live Stream! \u2794 \u2713Direct live TV \u2713100% l\u00e9gal \u2713Streaming Free HD\",\"breadcrumb\":{\"@id\":\"https:\/\/livestreamsfc.com\/fr\/sites\/justin-tv\/#breadcrumb\"},\"inLanguage\":\"fr-FR\",\"potentialAction\":[{\"@type\":\"ReadAction\",\"target\":[\"https:\/\/livestreamsfc.com\/fr\/sites\/justin-tv\/\"]}]},{\"@type\":\"ImageObject\",\"inLanguage\":\"fr-FR\",\"@id\":\"https:\/\/livestreamsfc.com\/fr\/sites\/justin-tv\/#primaryimage\",\"url\":\"http:\/\/livestreamsfc.com\/wp-content\/uploads\/2023\/11\/justin-tv.jpeg\",\"contentUrl\":\"http:\/\/livestreamsfc.com\/wp-content\/uploads\/2023\/11\/justin-tv.jpeg\"},{\"@type\":\"BreadcrumbList\",\"@id\":\"https:\/\/livestreamsfc.com\/fr\/sites\/justin-tv\/#breadcrumb\",\"itemListElement\":[{\"@type\":\"ListItem\",\"position\":1,\"name\":\"Home\",\"item\":\"https:\/\/livestreamsfc.com\/fr\/\"},{\"@type\":\"ListItem\",\"position\":2,\"name\":\"Streaming Sites\",\"item\":\"https:\/\/livestreamsfc.com\/fr\/streaming-sites\/\"},{\"@type\":\"ListItem\",\"position\":3,\"name\":\"Justin TV\"}]},{\"@type\":\"WebSite\",\"@id\":\"https:\/\/livestreamsfc.com\/fr\/#website\",\"url\":\"https:\/\/livestreamsfc.com\/fr\/\",\"name\":\"LIVESTREAMFC.COM\",\"description\":\"\",\"potentialAction\":[{\"@type\":\"SearchAction\",\"target\":{\"@type\":\"EntryPoint\",\"urlTemplate\":\"https:\/\/livestreamsfc.com\/fr\/?s={search_term_string}\"},\"query-input\":{\"@type\":\"PropertyValueSpecification\",\"valueRequired\":true,\"valueName\":\"search_term_string\"}}],\"inLanguage\":\"fr-FR\"}]}<\/script>\n<!-- \/ Yoast SEO plugin. -->","yoast_head_json":{"title":"Justin TV Streaming: Foot, Ligue 1, et canli match izle","description":"Justin TV Streaming: Regardez notre alternative Gratuite en Direct Gratuit Live Stream! \u2794 \u2713Direct live TV \u2713100% l\u00e9gal \u2713Streaming Free HD","robots":{"index":"index","follow":"follow","max-snippet":"max-snippet:-1","max-image-preview":"max-image-preview:large","max-video-preview":"max-video-preview:-1"},"canonical":"https:\/\/livestreamsfc.com\/fr\/sites\/justin-tv\/","og_locale":"fr_FR","og_type":"article","og_title":"Justin TV Streaming: Foot, Ligue 1, et canli match izle","og_description":"Justin TV Streaming: Regardez notre alternative Gratuite en Direct Gratuit Live Stream! \u2794 \u2713Direct live TV \u2713100% l\u00e9gal \u2713Streaming Free HD","og_url":"https:\/\/livestreamsfc.com\/fr\/sites\/justin-tv\/","og_site_name":"LIVESTREAMFC.COM","article_modified_time":"2023-11-20T07:58:36+00:00","og_image":[{"url":"http:\/\/livestreamsfc.com\/wp-content\/uploads\/2023\/11\/justin-tv.jpeg","type":"","width":"","height":""}],"twitter_card":"summary_large_image","twitter_misc":{"Est. reading time":"2 minutes"},"schema":{"@context":"https:\/\/schema.org","@graph":[{"@type":"WebPage","@id":"https:\/\/livestreamsfc.com\/fr\/sites\/justin-tv\/","url":"https:\/\/livestreamsfc.com\/fr\/sites\/justin-tv\/","name":"Justin TV Streaming: Foot, Ligue 1, et canli match izle","isPartOf":{"@id":"https:\/\/livestreamsfc.com\/fr\/#website"},"primaryImageOfPage":{"@id":"https:\/\/livestreamsfc.com\/fr\/sites\/justin-tv\/#primaryimage"},"image":{"@id":"https:\/\/livestreamsfc.com\/fr\/sites\/justin-tv\/#primaryimage"},"thumbnailUrl":"http:\/\/livestreamsfc.com\/wp-content\/uploads\/2023\/11\/justin-tv.jpeg","datePublished":"2023-11-20T07:58:33+00:00","dateModified":"2023-11-20T07:58:36+00:00","description":"Justin TV Streaming: Regardez notre alternative Gratuite en Direct Gratuit Live Stream! \u2794 \u2713Direct live TV \u2713100% l\u00e9gal \u2713Streaming Free HD","breadcrumb":{"@id":"https:\/\/livestreamsfc.com\/fr\/sites\/justin-tv\/#breadcrumb"},"inLanguage":"fr-FR","potentialAction":[{"@type":"ReadAction","target":["https:\/\/livestreamsfc.com\/fr\/sites\/justin-tv\/"]}]},{"@type":"ImageObject","inLanguage":"fr-FR","@id":"https:\/\/livestreamsfc.com\/fr\/sites\/justin-tv\/#primaryimage","url":"http:\/\/livestreamsfc.com\/wp-content\/uploads\/2023\/11\/justin-tv.jpeg","contentUrl":"http:\/\/livestreamsfc.com\/wp-content\/uploads\/2023\/11\/justin-tv.jpeg"},{"@type":"BreadcrumbList","@id":"https:\/\/livestreamsfc.com\/fr\/sites\/justin-tv\/#breadcrumb","itemListElement":[{"@type":"ListItem","position":1,"name":"Home","item":"https:\/\/livestreamsfc.com\/fr\/"},{"@type":"ListItem","position":2,"name":"Streaming Sites","item":"https:\/\/livestreamsfc.com\/fr\/streaming-sites\/"},{"@type":"ListItem","position":3,"name":"Justin TV"}]},{"@type":"WebSite","@id":"https:\/\/livestreamsfc.com\/fr\/#website","url":"https:\/\/livestreamsfc.com\/fr\/","name":"LIVESTREAMFC.COM","description":"","potentialAction":[{"@type":"SearchAction","target":{"@type":"EntryPoint","urlTemplate":"https:\/\/livestreamsfc.com\/fr\/?s={search_term_string}"},"query-input":{"@type":"PropertyValueSpecification","valueRequired":true,"valueName":"search_term_string"}}],"inLanguage":"fr-FR"}]}},"_links":{"self":[{"href":"https:\/\/livestreamsfc.com\/fr\/wp-json\/wp\/v2\/pages\/1690","targetHints":{"allow":["GET"]}}],"collection":[{"href":"https:\/\/livestreamsfc.com\/fr\/wp-json\/wp\/v2\/pages"}],"about":[{"href":"https:\/\/livestreamsfc.com\/fr\/wp-json\/wp\/v2\/types\/page"}],"author":[{"embeddable":true,"href":"https:\/\/livestreamsfc.com\/fr\/wp-json\/wp\/v2\/users\/1"}],"replies":[{"embeddable":true,"href":"https:\/\/livestreamsfc.com\/fr\/wp-json\/wp\/v2\/comments?post=1690"}],"version-history":[{"count":1,"href":"https:\/\/livestreamsfc.com\/fr\/wp-json\/wp\/v2\/pages\/1690\/revisions"}],"predecessor-version":[{"id":1697,"href":"https:\/\/livestreamsfc.com\/fr\/wp-json\/wp\/v2\/pages\/1690\/revisions\/1697"}],"up":[{"embeddable":true,"href":"https:\/\/livestreamsfc.com\/fr\/wp-json\/wp\/v2\/pages\/403"}],"wp:attachment":[{"href":"https:\/\/livestreamsfc.com\/fr\/wp-json\/wp\/v2\/media?parent=1690"}],"curies":[{"name":"wp","href":"https:\/\/api.w.org\/{rel}","templated":true}]}}